{"id":1047,"date":"2025-08-28T15:26:36","date_gmt":"2025-08-28T15:26:36","guid":{"rendered":"https:\/\/spassfoto.de\/?page_id=1047"},"modified":"2026-02-05T17:07:15","modified_gmt":"2026-02-05T17:07:15","slug":"audio-gaestebuch","status":"publish","type":"page","link":"https:\/\/spassfoto.de\/index.php\/audio-gaestebuch\/","title":{"rendered":"Audio G\u00e4stebuch"},"content":{"rendered":"\t\t<div data-elementor-type=\"wp-page\" data-elementor-id=\"1047\" class=\"elementor elementor-1047\">\n\t\t\t\t\t\t<section class=\"elementor-section elementor-top-section elementor-element elementor-element-5615d45 elementor-section-boxed elementor-section-height-default elementor-section-height-default\" data-id=\"5615d45\" data-element_type=\"section\" data-e-type=\"section\">\n\t\t\t\t\t\t<div class=\"elementor-container elementor-column-gap-default\">\n\t\t\t\t\t<div class=\"elementor-column elementor-col-100 elementor-top-column elementor-element elementor-element-3518507\" data-id=\"3518507\" data-element_type=\"column\" data-e-type=\"column\">\n\t\t\t<div class=\"elementor-widget-wrap elementor-element-populated\">\n\t\t\t\t\t\t<div class=\"elementor-element elementor-element-63788f7 elementor-widget elementor-widget-text-editor\" data-id=\"63788f7\" data-element_type=\"widget\" data-e-type=\"widget\" data-widget_type=\"text-editor.default\">\n\t\t\t\t<div class=\"elementor-widget-container\">\n\t\t\t\t\t\t\t\t\t<p><strong>G\u00e4steb\u00fccher kennt jeder &#8211; aber Audio G\u00e4stebuch?<\/strong><\/p>\n<p>Bei einem Audio G\u00e4stebuch hinterl\u00e4\u00dft der Gast einen Gl\u00fcckwunsch in Form einer Sprachnachricht. Dazu nimmt er den H\u00f6rer ab, h\u00f6rt eine Ansage, welche Du vorher aufgenommen hast, und kann nach dem Piepton eine Nachricht aufsprechen. Also genauso, als w\u00fcrde er bei einem normalen Telefonat auf den Anrufbeantworter sprechen.<\/p>\n<p>Die Nachricht wird gespeichert und Du kannst diese auch noch nach 3 Jahren abh\u00f6ren \ud83d\ude42<\/p>\n<p>\u00a0<\/p>\n<p>Total hip &#8211; total easy!<\/p>\t\t\t\t\t\t\t\t<\/div>\n\t\t\t\t<\/div>\n\t\t\t\t\t<\/div>\n\t\t<\/div>\n\t\t\t\t\t<\/div>\n\t\t<\/section>\n\t\t\t\t<section class=\"elementor-section elementor-top-section elementor-element elementor-element-461b344 elementor-section-boxed elementor-section-height-default elementor-section-height-default\" data-id=\"461b344\" data-element_type=\"section\" data-e-type=\"section\">\n\t\t\t\t\t\t<div class=\"elementor-container elementor-column-gap-default\">\n\t\t\t\t\t<div class=\"elementor-column elementor-col-100 elementor-top-column elementor-element elementor-element-a3177e5\" data-id=\"a3177e5\" data-element_type=\"column\" data-e-type=\"column\">\n\t\t\t<div class=\"elementor-widget-wrap elementor-element-populated\">\n\t\t\t\t\t\t<div class=\"elementor-element elementor-element-c15278b elementor-widget elementor-widget-image\" data-id=\"c15278b\" data-element_type=\"widget\" data-e-type=\"widget\" data-widget_type=\"image.default\">\n\t\t\t\t<div class=\"elementor-widget-container\">\n\t\t\t\t\t\t\t\t\t\t\t\t\t\t\t<img fetchpriority=\"high\" decoding=\"async\" width=\"1024\" height=\"768\" src=\"https:\/\/i0.wp.com\/spassfoto.de\/wp-content\/uploads\/2025\/08\/IMG_1932-scaled.webp?fit=1024%2C768&amp;ssl=1\" class=\"attachment-large size-large wp-image-1026\" alt=\"Unser Audio-G\u00e4stebuch\" srcset=\"https:\/\/i0.wp.com\/spassfoto.de\/wp-content\/uploads\/2025\/08\/IMG_1932-scaled.webp?w=1920&amp;ssl=1 1920w, https:\/\/i0.wp.com\/spassfoto.de\/wp-content\/uploads\/2025\/08\/IMG_1932-scaled.webp?resize=600%2C450&amp;ssl=1 600w\" sizes=\"(max-width: 1024px) 100vw, 1024px\" \/>\t\t\t\t\t\t\t\t\t\t\t\t\t\t\t<\/div>\n\t\t\t\t<\/div>\n\t\t\t\t\t<\/div>\n\t\t<\/div>\n\t\t\t\t\t<\/div>\n\t\t<\/section>\n\t\t\t\t<section class=\"elementor-section elementor-top-section elementor-element elementor-element-af307d0 elementor-section-boxed elementor-section-height-default elementor-section-height-default\" data-id=\"af307d0\" data-element_type=\"section\" data-e-type=\"section\">\n\t\t\t\t\t\t<div class=\"elementor-container elementor-column-gap-default\">\n\t\t\t\t\t<div class=\"elementor-column elementor-col-100 elementor-top-column elementor-element elementor-element-eb8eeb1\" data-id=\"eb8eeb1\" data-element_type=\"column\" data-e-type=\"column\">\n\t\t\t<div class=\"elementor-widget-wrap elementor-element-populated\">\n\t\t\t\t\t\t<div class=\"elementor-element elementor-element-3f1d6da elementor-widget elementor-widget-text-editor\" data-id=\"3f1d6da\" data-element_type=\"widget\" data-e-type=\"widget\" data-widget_type=\"text-editor.default\">\n\t\t\t\t<div class=\"elementor-widget-container\">\n\t\t\t\t\t\t\t\t\t<p>Nach der Feier steckst via USB das Telefon an Deinen PC oder Laptop und kopierst dir die Sprachdateien einfach auf das Laufwerk deiner Wahl.<\/p>\t\t\t\t\t\t\t\t<\/div>\n\t\t\t\t<\/div>\n\t\t\t\t\t<\/div>\n\t\t<\/div>\n\t\t\t\t\t<\/div>\n\t\t<\/section>\n\t\t\t\t<section class=\"elementor-section elementor-top-section elementor-element elementor-element-c101585 elementor-section-boxed elementor-section-height-default elementor-section-height-default\" data-id=\"c101585\" data-element_type=\"section\" data-e-type=\"section\">\n\t\t\t\t\t\t<div class=\"elementor-container elementor-column-gap-default\">\n\t\t\t\t\t<div class=\"elementor-column elementor-col-100 elementor-top-column elementor-element elementor-element-55bf151\" data-id=\"55bf151\" data-element_type=\"column\" data-e-type=\"column\">\n\t\t\t<div class=\"elementor-widget-wrap elementor-element-populated\">\n\t\t\t\t\t\t<div class=\"elementor-element elementor-element-d88714c elementor-widget elementor-widget-text-editor\" data-id=\"d88714c\" data-element_type=\"widget\" data-e-type=\"widget\" data-widget_type=\"text-editor.default\">\n\t\t\t\t<div class=\"elementor-widget-container\">\n\t\t\t\t\t\t\t\t\t<!-- \/wp:paragraph --><!-- wp:paragraph -->\n<p>\u00a0<\/p>\n<!-- \/wp:paragraph --><!-- wp:paragraph -->\n<p>inkl.:<\/p>\n<ul>\n<li>48 Stunden Mietdauer<\/li>\n<\/ul>\n<!-- \/wp:paragraph --><!-- wp:list -->\n<ul class=\"wp-block-list\"><!-- wp:list-item -->\n<li>USB Kabel zum laden und verbinden des Telefons mit dem PC<\/li>\n<!-- \/wp:list-item --><!-- wp:list-item --><!-- \/wp:list-item --><\/ul>\n<!-- \/wp:list --><!-- wp:paragraph -->\n<p>\u00a0<\/p>\n<!-- \/wp:paragraph --><!-- wp:paragraph {\"textColor\":\"vivid-red\",\"fontSize\":\"large\"} -->\n<p class=\"has-vivid-red-color has-text-color has-large-font-size\"><strong><em>nur 49.00 \u20ac<\/em><\/strong><\/p>\n<!-- \/wp:paragraph --><!-- wp:paragraph -->\n<p>\u00a0<\/p>\n<!-- \/wp:paragraph --><!-- wp:buttons -->\n<div class=\"wp-block-buttons\"><!-- wp:button {\"backgroundColor\":\"vivid-red\",\"textColor\":\"white\",\"style\":{\"border\":{\"radius\":\"22px\"}},\"fontSize\":\"small\"} -->\n<div class=\"wp-block-button has-custom-font-size has-small-font-size\"><a class=\"wp-block-button__link has-white-color has-vivid-red-background-color has-text-color has-background wp-element-button\" style=\"border-radius: 22px;\" href=\"https:\/\/spassfoto.de\/index.php\/buchung\/\">jetzt reservieren<\/a><\/div>\n<!-- \/wp:button --><\/div>\n<!-- \/wp:buttons --><!-- wp:paragraph -->\n<p>\u00a0<\/p>\n<!-- \/wp:paragraph -->\t\t\t\t\t\t\t\t<\/div>\n\t\t\t\t<\/div>\n\t\t\t\t\t<\/div>\n\t\t<\/div>\n\t\t\t\t\t<\/div>\n\t\t<\/section>\n\t\t\t\t<\/div>\n\t\t","protected":false},"excerpt":{"rendered":"<p>G\u00e4steb\u00fccher kennt jeder &#8211; aber Audio G\u00e4stebuch? Bei einem Audio G\u00e4stebuch hinterl\u00e4\u00dft der Gast einen Gl\u00fcckwunsch in Form einer Sprachnachricht. Dazu nimmt er den H\u00f6rer ab, h\u00f6rt eine Ansage, welche Du vorher aufgenommen hast, und kann nach dem Piepton eine Nachricht aufsprechen. Also genauso, als w\u00fcrde er bei einem normalen Telefonat auf den Anrufbeantworter sprechen. [&hellip;]<\/p>\n","protected":false},"author":1,"featured_media":0,"parent":0,"menu_order":0,"comment_status":"closed","ping_status":"closed","template":"","meta":{"_monsterinsights_skip_tracking":false,"_monsterinsights_sitenote_active":false,"_monsterinsights_sitenote_note":"","_monsterinsights_sitenote_category":0,"_uf_show_specific_survey":0,"_uf_disable_surveys":false,"footnotes":""},"class_list":["post-1047","page","type-page","status-publish","hentry"],"yoast_head":"<!-- This site is optimized with the Yoast SEO plugin v27.5 - https:\/\/yoast.com\/product\/yoast-seo-wordpress\/ -->\n<title>Audio G\u00e4stebuch &#187; spassfoto.de<\/title>\n<meta name=\"robots\" content=\"index, follow, max-snippet:-1, max-image-preview:large, max-video-preview:-1\" \/>\n<link rel=\"canonical\" href=\"https:\/\/spassfoto.de\/index.php\/audio-gaestebuch\/\" \/>\n<meta property=\"og:locale\" content=\"de_DE\" \/>\n<meta property=\"og:type\" content=\"article\" \/>\n<meta property=\"og:title\" content=\"Audio G\u00e4stebuch &#187; spassfoto.de\" \/>\n<meta property=\"og:description\" content=\"G\u00e4steb\u00fccher kennt jeder &#8211; aber Audio G\u00e4stebuch? Bei einem Audio G\u00e4stebuch hinterl\u00e4\u00dft der Gast einen Gl\u00fcckwunsch in Form einer Sprachnachricht. Dazu nimmt er den H\u00f6rer ab, h\u00f6rt eine Ansage, welche Du vorher aufgenommen hast, und kann nach dem Piepton eine Nachricht aufsprechen. Also genauso, als w\u00fcrde er bei einem normalen Telefonat auf den Anrufbeantworter sprechen. [&hellip;]\" \/>\n<meta property=\"og:url\" content=\"https:\/\/spassfoto.de\/index.php\/audio-gaestebuch\/\" \/>\n<meta property=\"og:site_name\" content=\"spassfoto.de\" \/>\n<meta property=\"article:publisher\" content=\"https:\/\/facebook.com\/spassfoto.de\" \/>\n<meta property=\"article:modified_time\" content=\"2026-02-05T17:07:15+00:00\" \/>\n<meta property=\"og:image\" content=\"https:\/\/spassfoto.de\/wp-content\/uploads\/2025\/08\/IMG_1932-scaled.webp\" \/>\n<meta name=\"twitter:card\" content=\"summary_large_image\" \/>\n<meta name=\"twitter:label1\" content=\"Gesch\u00e4tzte Lesezeit\" \/>\n\t<meta name=\"twitter:data1\" content=\"1\u00a0Minute\" \/>\n<script type=\"application\/ld+json\" class=\"yoast-schema-graph\">{\"@context\":\"https:\\\/\\\/schema.org\",\"@graph\":[{\"@type\":\"WebPage\",\"@id\":\"https:\\\/\\\/spassfoto.de\\\/index.php\\\/audio-gaestebuch\\\/\",\"url\":\"https:\\\/\\\/spassfoto.de\\\/index.php\\\/audio-gaestebuch\\\/\",\"name\":\"Audio G\u00e4stebuch &#187; spassfoto.de\",\"isPartOf\":{\"@id\":\"https:\\\/\\\/spassfoto.de\\\/#website\"},\"primaryImageOfPage\":{\"@id\":\"https:\\\/\\\/spassfoto.de\\\/index.php\\\/audio-gaestebuch\\\/#primaryimage\"},\"image\":{\"@id\":\"https:\\\/\\\/spassfoto.de\\\/index.php\\\/audio-gaestebuch\\\/#primaryimage\"},\"thumbnailUrl\":\"https:\\\/\\\/spassfoto.de\\\/wp-content\\\/uploads\\\/2025\\\/08\\\/IMG_1932-scaled.webp\",\"datePublished\":\"2025-08-28T15:26:36+00:00\",\"dateModified\":\"2026-02-05T17:07:15+00:00\",\"breadcrumb\":{\"@id\":\"https:\\\/\\\/spassfoto.de\\\/index.php\\\/audio-gaestebuch\\\/#breadcrumb\"},\"inLanguage\":\"de\",\"potentialAction\":[{\"@type\":\"ReadAction\",\"target\":[\"https:\\\/\\\/spassfoto.de\\\/index.php\\\/audio-gaestebuch\\\/\"]}]},{\"@type\":\"ImageObject\",\"inLanguage\":\"de\",\"@id\":\"https:\\\/\\\/spassfoto.de\\\/index.php\\\/audio-gaestebuch\\\/#primaryimage\",\"url\":\"https:\\\/\\\/i0.wp.com\\\/spassfoto.de\\\/wp-content\\\/uploads\\\/2025\\\/08\\\/IMG_1932-scaled.webp?fit=1920%2C1440&ssl=1\",\"contentUrl\":\"https:\\\/\\\/i0.wp.com\\\/spassfoto.de\\\/wp-content\\\/uploads\\\/2025\\\/08\\\/IMG_1932-scaled.webp?fit=1920%2C1440&ssl=1\",\"width\":1920,\"height\":1440,\"caption\":\"Unser Audio-G\u00e4stebuch\"},{\"@type\":\"BreadcrumbList\",\"@id\":\"https:\\\/\\\/spassfoto.de\\\/index.php\\\/audio-gaestebuch\\\/#breadcrumb\",\"itemListElement\":[{\"@type\":\"ListItem\",\"position\":1,\"name\":\"Startseite\",\"item\":\"https:\\\/\\\/spassfoto.de\\\/\"},{\"@type\":\"ListItem\",\"position\":2,\"name\":\"Audio G\u00e4stebuch\"}]},{\"@type\":\"WebSite\",\"@id\":\"https:\\\/\\\/spassfoto.de\\\/#website\",\"url\":\"https:\\\/\\\/spassfoto.de\\\/\",\"name\":\"spassfoto.de\",\"description\":\"Dein Fotobox-Verleih im Raum Mittweida\",\"publisher\":{\"@id\":\"https:\\\/\\\/spassfoto.de\\\/#organization\"},\"potentialAction\":[{\"@type\":\"SearchAction\",\"target\":{\"@type\":\"EntryPoint\",\"urlTemplate\":\"https:\\\/\\\/spassfoto.de\\\/?s={search_term_string}\"},\"query-input\":{\"@type\":\"PropertyValueSpecification\",\"valueRequired\":true,\"valueName\":\"search_term_string\"}}],\"inLanguage\":\"de\"},{\"@type\":\"Organization\",\"@id\":\"https:\\\/\\\/spassfoto.de\\\/#organization\",\"name\":\"spassfoto.de\",\"url\":\"https:\\\/\\\/spassfoto.de\\\/\",\"logo\":{\"@type\":\"ImageObject\",\"inLanguage\":\"de\",\"@id\":\"https:\\\/\\\/spassfoto.de\\\/#\\\/schema\\\/logo\\\/image\\\/\",\"url\":\"https:\\\/\\\/i0.wp.com\\\/spassfoto.de\\\/wp-content\\\/uploads\\\/2022\\\/01\\\/cropped-Instagram-Profile-Picture.jpg?fit=512%2C512&ssl=1\",\"contentUrl\":\"https:\\\/\\\/i0.wp.com\\\/spassfoto.de\\\/wp-content\\\/uploads\\\/2022\\\/01\\\/cropped-Instagram-Profile-Picture.jpg?fit=512%2C512&ssl=1\",\"width\":512,\"height\":512,\"caption\":\"spassfoto.de\"},\"image\":{\"@id\":\"https:\\\/\\\/spassfoto.de\\\/#\\\/schema\\\/logo\\\/image\\\/\"},\"sameAs\":[\"https:\\\/\\\/facebook.com\\\/spassfoto.de\",\"https:\\\/\\\/instagram.com\\\/spassfoto.de\"]}]}<\/script>\n<!-- \/ Yoast SEO plugin. -->","yoast_head_json":{"title":"Audio G\u00e4stebuch &#187; spassfoto.de","robots":{"index":"index","follow":"follow","max-snippet":"max-snippet:-1","max-image-preview":"max-image-preview:large","max-video-preview":"max-video-preview:-1"},"canonical":"https:\/\/spassfoto.de\/index.php\/audio-gaestebuch\/","og_locale":"de_DE","og_type":"article","og_title":"Audio G\u00e4stebuch &#187; spassfoto.de","og_description":"G\u00e4steb\u00fccher kennt jeder &#8211; aber Audio G\u00e4stebuch? Bei einem Audio G\u00e4stebuch hinterl\u00e4\u00dft der Gast einen Gl\u00fcckwunsch in Form einer Sprachnachricht. Dazu nimmt er den H\u00f6rer ab, h\u00f6rt eine Ansage, welche Du vorher aufgenommen hast, und kann nach dem Piepton eine Nachricht aufsprechen. Also genauso, als w\u00fcrde er bei einem normalen Telefonat auf den Anrufbeantworter sprechen. [&hellip;]","og_url":"https:\/\/spassfoto.de\/index.php\/audio-gaestebuch\/","og_site_name":"spassfoto.de","article_publisher":"https:\/\/facebook.com\/spassfoto.de","article_modified_time":"2026-02-05T17:07:15+00:00","og_image":[{"url":"https:\/\/spassfoto.de\/wp-content\/uploads\/2025\/08\/IMG_1932-scaled.webp","type":"","width":"","height":""}],"twitter_card":"summary_large_image","twitter_misc":{"Gesch\u00e4tzte Lesezeit":"1\u00a0Minute"},"schema":{"@context":"https:\/\/schema.org","@graph":[{"@type":"WebPage","@id":"https:\/\/spassfoto.de\/index.php\/audio-gaestebuch\/","url":"https:\/\/spassfoto.de\/index.php\/audio-gaestebuch\/","name":"Audio G\u00e4stebuch &#187; spassfoto.de","isPartOf":{"@id":"https:\/\/spassfoto.de\/#website"},"primaryImageOfPage":{"@id":"https:\/\/spassfoto.de\/index.php\/audio-gaestebuch\/#primaryimage"},"image":{"@id":"https:\/\/spassfoto.de\/index.php\/audio-gaestebuch\/#primaryimage"},"thumbnailUrl":"https:\/\/spassfoto.de\/wp-content\/uploads\/2025\/08\/IMG_1932-scaled.webp","datePublished":"2025-08-28T15:26:36+00:00","dateModified":"2026-02-05T17:07:15+00:00","breadcrumb":{"@id":"https:\/\/spassfoto.de\/index.php\/audio-gaestebuch\/#breadcrumb"},"inLanguage":"de","potentialAction":[{"@type":"ReadAction","target":["https:\/\/spassfoto.de\/index.php\/audio-gaestebuch\/"]}]},{"@type":"ImageObject","inLanguage":"de","@id":"https:\/\/spassfoto.de\/index.php\/audio-gaestebuch\/#primaryimage","url":"https:\/\/i0.wp.com\/spassfoto.de\/wp-content\/uploads\/2025\/08\/IMG_1932-scaled.webp?fit=1920%2C1440&ssl=1","contentUrl":"https:\/\/i0.wp.com\/spassfoto.de\/wp-content\/uploads\/2025\/08\/IMG_1932-scaled.webp?fit=1920%2C1440&ssl=1","width":1920,"height":1440,"caption":"Unser Audio-G\u00e4stebuch"},{"@type":"BreadcrumbList","@id":"https:\/\/spassfoto.de\/index.php\/audio-gaestebuch\/#breadcrumb","itemListElement":[{"@type":"ListItem","position":1,"name":"Startseite","item":"https:\/\/spassfoto.de\/"},{"@type":"ListItem","position":2,"name":"Audio G\u00e4stebuch"}]},{"@type":"WebSite","@id":"https:\/\/spassfoto.de\/#website","url":"https:\/\/spassfoto.de\/","name":"spassfoto.de","description":"Dein Fotobox-Verleih im Raum Mittweida","publisher":{"@id":"https:\/\/spassfoto.de\/#organization"},"potentialAction":[{"@type":"SearchAction","target":{"@type":"EntryPoint","urlTemplate":"https:\/\/spassfoto.de\/?s={search_term_string}"},"query-input":{"@type":"PropertyValueSpecification","valueRequired":true,"valueName":"search_term_string"}}],"inLanguage":"de"},{"@type":"Organization","@id":"https:\/\/spassfoto.de\/#organization","name":"spassfoto.de","url":"https:\/\/spassfoto.de\/","logo":{"@type":"ImageObject","inLanguage":"de","@id":"https:\/\/spassfoto.de\/#\/schema\/logo\/image\/","url":"https:\/\/i0.wp.com\/spassfoto.de\/wp-content\/uploads\/2022\/01\/cropped-Instagram-Profile-Picture.jpg?fit=512%2C512&ssl=1","contentUrl":"https:\/\/i0.wp.com\/spassfoto.de\/wp-content\/uploads\/2022\/01\/cropped-Instagram-Profile-Picture.jpg?fit=512%2C512&ssl=1","width":512,"height":512,"caption":"spassfoto.de"},"image":{"@id":"https:\/\/spassfoto.de\/#\/schema\/logo\/image\/"},"sameAs":["https:\/\/facebook.com\/spassfoto.de","https:\/\/instagram.com\/spassfoto.de"]}]}},"_links":{"self":[{"href":"https:\/\/spassfoto.de\/index.php\/wp-json\/wp\/v2\/pages\/1047","targetHints":{"allow":["GET"]}}],"collection":[{"href":"https:\/\/spassfoto.de\/index.php\/wp-json\/wp\/v2\/pages"}],"about":[{"href":"https:\/\/spassfoto.de\/index.php\/wp-json\/wp\/v2\/types\/page"}],"author":[{"embeddable":true,"href":"https:\/\/spassfoto.de\/index.php\/wp-json\/wp\/v2\/users\/1"}],"replies":[{"embeddable":true,"href":"https:\/\/spassfoto.de\/index.php\/wp-json\/wp\/v2\/comments?post=1047"}],"version-history":[{"count":17,"href":"https:\/\/spassfoto.de\/index.php\/wp-json\/wp\/v2\/pages\/1047\/revisions"}],"predecessor-version":[{"id":10132,"href":"https:\/\/spassfoto.de\/index.php\/wp-json\/wp\/v2\/pages\/1047\/revisions\/10132"}],"wp:attachment":[{"href":"https:\/\/spassfoto.de\/index.php\/wp-json\/wp\/v2\/media?parent=1047"}],"curies":[{"name":"wp","href":"https:\/\/api.w.org\/{rel}","templated":true}]}}