{"id":107,"date":"2022-01-15T19:12:09","date_gmt":"2022-01-15T19:12:09","guid":{"rendered":"https:\/\/spassfoto.de\/?page_id=107"},"modified":"2026-02-08T12:53:27","modified_gmt":"2026-02-08T12:53:27","slug":"eventartikel","status":"publish","type":"page","link":"https:\/\/spassfoto.de\/index.php\/eventartikel\/","title":{"rendered":"Angebote"},"content":{"rendered":"\t\t<div data-elementor-type=\"wp-page\" data-elementor-id=\"107\" class=\"elementor elementor-107\">\n\t\t\t\t\t\t<section class=\"elementor-section elementor-top-section elementor-element elementor-element-58dc315e elementor-section-boxed elementor-section-height-default elementor-section-height-default\" data-id=\"58dc315e\" data-element_type=\"section\" data-e-type=\"section\">\n\t\t\t\t\t\t<div class=\"elementor-container elementor-column-gap-default\">\n\t\t\t\t\t<div class=\"elementor-column elementor-col-100 elementor-top-column elementor-element elementor-element-7269f2d5\" data-id=\"7269f2d5\" data-element_type=\"column\" data-e-type=\"column\">\n\t\t\t<div class=\"elementor-widget-wrap elementor-element-populated\">\n\t\t\t\t\t\t<div class=\"elementor-element elementor-element-2393f17b elementor-widget elementor-widget-text-editor\" data-id=\"2393f17b\" data-element_type=\"widget\" data-e-type=\"widget\" data-widget_type=\"text-editor.default\">\n\t\t\t\t<div class=\"elementor-widget-container\">\n\t\t\t\t\t\t\t\t\t<p>Egal wie gro\u00df Deine Feier wird &#8211; wir haben die passende Fotobox und andere Eventartikel zu einem unglaublich g\u00fcnstigen Preis!<\/p>\n<p><!-- \/wp:paragraph --><!-- wp:paragraph --><\/p>\n<p>Entdecke hier unser Angebote und mache auch Du Deine Party zum Event!<\/p>\n<p><!-- \/wp:paragraph --><!-- wp:list --><\/p>\n<ul>\n<li>Unsere<a href=\"https:\/\/spassfoto.de\/index.php\/unsere-mobile-fotobox-fuer-events-bis-50-personen\/\"><mark class=\"has-inline-color has-vivid-red-color\" style=\"background-color: rgba(0, 0, 0, 0);\"><strong> Fotobox<\/strong><\/mark><\/a> ist ein Allrounder f\u00fcr Events von 10 bis mehr als 400 Personen<\/li>\n<li>Unser <a href=\"https:\/\/spassfoto.de\/index.php\/audio-gaestebuch\/\"><strong><mark class=\"has-inline-color has-vivid-red-color\" style=\"background-color: rgba(0, 0, 0, 0);\">Audio G\u00e4stebuch <\/mark><\/strong><\/a>&#8211; per Telefon einen Gru\u00df f\u00fcr den Gastgeber\/in hinterlassen<\/li>\n<li>Unsere <a href=\"https:\/\/spassfoto.de\/index.php\/unsere-soundbox\/\"><strong><mark class=\"has-inline-color has-vivid-red-color\" style=\"background-color: rgba(0, 0, 0, 0);\">Soundbox<\/mark><\/strong> <\/a>f\u00fcr jede Feierlichkeit in nicht zu gro\u00dfen R\u00e4umen geeignet<\/li>\n<li><a href=\"https:\/\/spassfoto.de\/index.php\/elementor-seite-1070\/\"><strong><mark class=\"has-inline-color has-vivid-red-color\" style=\"background-color: rgba(0, 0, 0, 0);\">Faltpavillon<\/mark><\/strong> <\/a> 3x3m anthrazit<\/li>\n<li>Bierzeltgarnitur 1,70m lang, ausreichend Platz f\u00fcr bis zu 8 Personen<\/li>\n<li><a href=\"https:\/\/spassfoto.de\/index.php\/gutscheine\/\"><strong><mark class=\"has-inline-color has-vivid-red-color\" style=\"background-color: rgba(0, 0, 0, 0);\">Gutscheine<\/mark><\/strong> &#8211; <\/a>verschenke unsere Eventartikel f\u00fcr einen unvergesslichen Abend!<\/li>\n<li>Unsere <a href=\"https:\/\/spassfoto.de\/index.php\/der-geschenketipp-das-fotobuch\/\"><strong><mark class=\"has-inline-color has-vivid-red-color\" style=\"background-color: rgba(0, 0, 0, 0);\">Fotobuch-Geschenkebox<\/mark><\/strong><\/a><\/li>\n<\/ul>\n<p><!-- \/wp:list --><!-- wp:paragraph --><\/p>\n<p>Bei spassfoto.de erh\u00e4ltst Du alles f\u00fcr Dein Event! Und was wir nicht haben, k\u00f6nnen wir Dir vermitteln!<\/p>\n<p><!-- \/wp:paragraph --><!-- wp:paragraph --><\/p>\n<p><!-- \/wp:paragraph --><!-- wp:gallery {\"linkTo\":\"none\"} --><\/p>\n<figure class=\"wp-block-gallery has-nested-images columns-default is-cropped\"><!-- wp:image {\"id\":489,\"sizeSlug\":\"large\",\"linkDestination\":\"custom\"} -->\n<p>\u00a0<\/p>\n<p><!-- \/wp:image --><!-- wp:image {\"id\":488,\"sizeSlug\":\"large\",\"linkDestination\":\"custom\"} --><\/p>\n<figure class=\"wp-block-image size-large\"><a href=\"https:\/\/spassfoto.de\/index.php\/unsere-mobile-box-fuer-events-bis-50-personen\/\"><img fetchpriority=\"high\" decoding=\"async\" width=\"1480\" height=\"2560\" data-recalc-dims=\"1\" class=\"wp-image-488\" src=\"https:\/\/i0.wp.com\/spassfoto.de\/wp-content\/uploads\/2022\/01\/IMG_1908_2-scaled-1.jpeg?w=1170&#038;ssl=1\" alt=\"Unser Eventartikel mobile Fotobox\" srcset=\"https:\/\/i0.wp.com\/spassfoto.de\/wp-content\/uploads\/2022\/01\/IMG_1908_2-scaled-1.jpeg?w=1480&amp;ssl=1 1480w, https:\/\/i0.wp.com\/spassfoto.de\/wp-content\/uploads\/2022\/01\/IMG_1908_2-scaled-1.jpeg?resize=600%2C1038&amp;ssl=1 600w\" sizes=\"(max-width: 1170px) 100vw, 1170px\" \/><\/a>\n<p>\u00a0<\/p>\n<figcaption>Fotobox<\/figcaption>\n<\/figure>\n<p><!-- \/wp:image --><!-- wp:image {\"id\":487,\"sizeSlug\":\"large\",\"linkDestination\":\"custom\"} --><\/p>\n<figure class=\"wp-block-image size-large\"><img decoding=\"async\" data-recalc-dims=\"1\" class=\"alignnone wp-image-1026 size-medium\" src=\"https:\/\/i0.wp.com\/spassfoto.de\/wp-content\/uploads\/2025\/08\/IMG_1932.jpg?resize=300%2C225&#038;ssl=1\" alt=\"Unser Audio-G\u00e4stebuch\" width=\"300\" height=\"225\" \/>\n<p>\u00a0<\/p>\n<figcaption>Audio G\u00e4stebuch<\/figcaption>\n<\/figure>\n<p><!-- \/wp:image --><!-- wp:image {\"id\":369,\"sizeSlug\":\"large\",\"linkDestination\":\"custom\"} --><\/p>\n<figure class=\"wp-block-image size-large\"><a href=\"https:\/\/spassfoto.de\/index.php\/unsere-soundbox\/\"><img decoding=\"async\" width=\"1811\" height=\"2560\" data-recalc-dims=\"1\" class=\"wp-image-369\" src=\"https:\/\/i0.wp.com\/spassfoto.de\/wp-content\/uploads\/2022\/01\/IMG_1238-scaled-e1643718993293.jpeg?w=1170&#038;ssl=1\" alt=\"Unser Eventartikel Soundbox\" srcset=\"https:\/\/i0.wp.com\/spassfoto.de\/wp-content\/uploads\/2022\/01\/IMG_1238-scaled-e1643718993293.jpeg?w=1811&amp;ssl=1 1811w, https:\/\/i0.wp.com\/spassfoto.de\/wp-content\/uploads\/2022\/01\/IMG_1238-scaled-e1643718993293.jpeg?resize=600%2C848&amp;ssl=1 600w\" sizes=\"(max-width: 1170px) 100vw, 1170px\" \/><\/a>\n<p>\u00a0<\/p>\n<figcaption>Soundbox<\/figcaption>\n<\/figure>\n<p><!-- \/wp:image --><!-- wp:image {\"id\":396,\"sizeSlug\":\"large\",\"linkDestination\":\"custom\"} --><\/p>\n<figure class=\"wp-block-image size-large\"><a href=\"https:\/\/spassfoto.de\/index.php\/gutscheine\/\"><img loading=\"lazy\" decoding=\"async\" width=\"739\" height=\"457\" data-recalc-dims=\"1\" class=\"wp-image-396\" src=\"https:\/\/i0.wp.com\/spassfoto.de\/wp-content\/uploads\/2022\/01\/gutschein_1.jpg?w=1170&#038;ssl=1\" alt=\"Unsere Gutscheine\" srcset=\"https:\/\/i0.wp.com\/spassfoto.de\/wp-content\/uploads\/2022\/01\/gutschein_1.jpg?w=739&amp;ssl=1 739w, https:\/\/i0.wp.com\/spassfoto.de\/wp-content\/uploads\/2022\/01\/gutschein_1.jpg?resize=600%2C371&amp;ssl=1 600w, https:\/\/i0.wp.com\/spassfoto.de\/wp-content\/uploads\/2022\/01\/gutschein_1.jpg?resize=300%2C186&amp;ssl=1 300w\" sizes=\"(max-width: 739px) 100vw, 739px\" \/><\/a>\n<p>\u00a0<\/p>\n<figcaption>Gutscheine<\/figcaption>\n<\/figure>\n<p><!-- \/wp:image --><!-- wp:image {\"id\":496,\"sizeSlug\":\"large\",\"linkDestination\":\"custom\"} --><\/p>\n<figure class=\"wp-block-image size-large\"><a href=\"https:\/\/spassfoto.de\/index.php\/der-geschenketipp-das-fotobuch\/\"><img loading=\"lazy\" decoding=\"async\" width=\"1132\" height=\"1134\" data-recalc-dims=\"1\" class=\"wp-image-496\" src=\"https:\/\/i0.wp.com\/spassfoto.de\/wp-content\/uploads\/2022\/01\/be7fe431-57b4-4027-85cc-6d52b3e87b70-edited-1.jpg?w=1170&#038;ssl=1\" alt=\"Unsere Fotobuch-Geschenkebox\" srcset=\"https:\/\/i0.wp.com\/spassfoto.de\/wp-content\/uploads\/2022\/01\/be7fe431-57b4-4027-85cc-6d52b3e87b70-edited-1.jpg?w=1132&amp;ssl=1 1132w, https:\/\/i0.wp.com\/spassfoto.de\/wp-content\/uploads\/2022\/01\/be7fe431-57b4-4027-85cc-6d52b3e87b70-edited-1.jpg?resize=300%2C300&amp;ssl=1 300w, https:\/\/i0.wp.com\/spassfoto.de\/wp-content\/uploads\/2022\/01\/be7fe431-57b4-4027-85cc-6d52b3e87b70-edited-1.jpg?resize=100%2C100&amp;ssl=1 100w, https:\/\/i0.wp.com\/spassfoto.de\/wp-content\/uploads\/2022\/01\/be7fe431-57b4-4027-85cc-6d52b3e87b70-edited-1.jpg?resize=600%2C601&amp;ssl=1 600w, https:\/\/i0.wp.com\/spassfoto.de\/wp-content\/uploads\/2022\/01\/be7fe431-57b4-4027-85cc-6d52b3e87b70-edited-1.jpg?resize=1022%2C1024&amp;ssl=1 1022w, https:\/\/i0.wp.com\/spassfoto.de\/wp-content\/uploads\/2022\/01\/be7fe431-57b4-4027-85cc-6d52b3e87b70-edited-1.jpg?resize=150%2C150&amp;ssl=1 150w, https:\/\/i0.wp.com\/spassfoto.de\/wp-content\/uploads\/2022\/01\/be7fe431-57b4-4027-85cc-6d52b3e87b70-edited-1.jpg?resize=768%2C769&amp;ssl=1 768w\" sizes=\"(max-width: 1132px) 100vw, 1132px\" \/><\/a>\n<p>\u00a0<\/p>\n<figcaption>Fotob\u00fccher<\/figcaption>\n<\/figure>\n<p><!-- \/wp:image --><\/p>\n<\/figure>\n<p><!-- \/wp:gallery --><!-- wp:columns --><\/p>\n<div class=\"wp-block-columns\">\n<p><!-- wp:column --><\/p>\n<div class=\"wp-block-column\">\u00a0<\/div>\n<p><!-- \/wp:column --><\/p>\n<\/div>\n<p><!-- \/wp:columns --><!-- wp:paragraph --><\/p>\n<p>Einfach, schnell und sicher Deine Party unvergessen werden lassen &#8211; mit den Eventartikeln von spassfoto.de! Miete auch Du Dir wie viele andere schon vor Dir den Spass, der auf jede Feier geh\u00f6rt! Schlechte Witze und langweilige Reden geh\u00f6ren mit spassfoto.de der Vergangenheit an!<\/p>\n<p><!-- \/wp:paragraph --><!-- wp:paragraph --><\/p>\n<p>Wir vermitteln Dir auch Cateringfirmen, DJs und Hochzeitsfotografen &#8211; <a href=\"https:\/\/spassfoto.de\/index.php\/kontaktformular\/\">sprich uns einfach an<\/a>!<\/p>\n<p><!-- \/wp:paragraph --><!-- wp:paragraph --><\/p>\n<p>* Alle unsere Fotoboxen sind mit der Ein-Stecker-Technik ausger\u00fcstet, das hei\u00dft, Stecker in die Steckdose stecken, Box anschalten und schon gehts los<\/p>\n<p><!-- \/wp:paragraph --><\/p>\t\t\t\t\t\t\t\t<\/div>\n\t\t\t\t<\/div>\n\t\t\t\t\t<\/div>\n\t\t<\/div>\n\t\t\t\t\t<\/div>\n\t\t<\/section>\n\t\t\t\t<\/div>\n\t\t","protected":false},"excerpt":{"rendered":"<p>Egal wie gro\u00df Deine Feier wird &#8211; wir haben die passende Fotobox und andere Eventartikel zu einem unglaublich g\u00fcnstigen Preis! Entdecke hier unser Angebote und mache auch Du Deine Party zum Event! Unsere Fotobox ist ein Allrounder f\u00fcr Events von 10 bis mehr als 400 Personen Unser Audio G\u00e4stebuch &#8211; per Telefon einen Gru\u00df f\u00fcr [&hellip;]<\/p>\n","protected":false},"author":3,"featured_media":0,"parent":0,"menu_order":0,"comment_status":"closed","ping_status":"closed","template":"","meta":{"_monsterinsights_skip_tracking":false,"_monsterinsights_sitenote_active":false,"_monsterinsights_sitenote_note":"","_monsterinsights_sitenote_category":0,"_uf_show_specific_survey":0,"_uf_disable_surveys":false,"footnotes":""},"class_list":["post-107","page","type-page","status-publish","hentry"],"yoast_head":"<!-- This site is optimized with the Yoast SEO plugin v27.4 - https:\/\/yoast.com\/product\/yoast-seo-wordpress\/ -->\n<title>Eventartikel (Fotobox, Soundbox) einfach auf spassfoto.de mieten<\/title>\n<meta name=\"description\" content=\"Eventartikel (Fotobox, Soundbox, H\u00fcpfburg) einfach und g\u00fcnstig f\u00fcr Deine Party mieten ohne Stress! Mit Selbstabholung oder Fullservice!\" \/>\n<meta name=\"robots\" content=\"index, follow, max-snippet:-1, max-image-preview:large, max-video-preview:-1\" \/>\n<link rel=\"canonical\" href=\"https:\/\/spassfoto.de\/index.php\/eventartikel\/\" \/>\n<meta property=\"og:locale\" content=\"de_DE\" \/>\n<meta property=\"og:type\" content=\"article\" \/>\n<meta property=\"og:title\" content=\"Eventartikel (Fotobox, Soundbox) einfach auf spassfoto.de mieten\" \/>\n<meta property=\"og:description\" content=\"Eventartikel (Fotobox, Soundbox, H\u00fcpfburg) einfach und g\u00fcnstig f\u00fcr Deine Party mieten ohne Stress! Mit Selbstabholung oder Fullservice!\" \/>\n<meta property=\"og:url\" content=\"https:\/\/spassfoto.de\/index.php\/eventartikel\/\" \/>\n<meta property=\"og:site_name\" content=\"spassfoto.de\" \/>\n<meta property=\"article:publisher\" content=\"https:\/\/facebook.com\/spassfoto.de\" \/>\n<meta property=\"article:modified_time\" content=\"2026-02-08T12:53:27+00:00\" \/>\n<meta property=\"og:image\" content=\"https:\/\/spassfoto.de\/wp-content\/uploads\/2022\/01\/IMG_1908_2-scaled-1.jpeg\" \/>\n<meta name=\"twitter:card\" content=\"summary_large_image\" \/>\n<meta name=\"twitter:label1\" content=\"Gesch\u00e4tzte Lesezeit\" \/>\n\t<meta name=\"twitter:data1\" content=\"3\u00a0Minuten\" \/>\n<script type=\"application\/ld+json\" class=\"yoast-schema-graph\">{\"@context\":\"https:\\\/\\\/schema.org\",\"@graph\":[{\"@type\":\"WebPage\",\"@id\":\"https:\\\/\\\/spassfoto.de\\\/index.php\\\/eventartikel\\\/\",\"url\":\"https:\\\/\\\/spassfoto.de\\\/index.php\\\/eventartikel\\\/\",\"name\":\"Eventartikel (Fotobox, Soundbox) einfach auf spassfoto.de mieten\",\"isPartOf\":{\"@id\":\"https:\\\/\\\/spassfoto.de\\\/#website\"},\"primaryImageOfPage\":{\"@id\":\"https:\\\/\\\/spassfoto.de\\\/index.php\\\/eventartikel\\\/#primaryimage\"},\"image\":{\"@id\":\"https:\\\/\\\/spassfoto.de\\\/index.php\\\/eventartikel\\\/#primaryimage\"},\"thumbnailUrl\":\"https:\\\/\\\/spassfoto.de\\\/wp-content\\\/uploads\\\/2022\\\/01\\\/IMG_1908_2-scaled-1.jpeg\",\"datePublished\":\"2022-01-15T19:12:09+00:00\",\"dateModified\":\"2026-02-08T12:53:27+00:00\",\"description\":\"Eventartikel (Fotobox, Soundbox, H\u00fcpfburg) einfach und g\u00fcnstig f\u00fcr Deine Party mieten ohne Stress! Mit Selbstabholung oder Fullservice!\",\"breadcrumb\":{\"@id\":\"https:\\\/\\\/spassfoto.de\\\/index.php\\\/eventartikel\\\/#breadcrumb\"},\"inLanguage\":\"de\",\"potentialAction\":[{\"@type\":\"ReadAction\",\"target\":[\"https:\\\/\\\/spassfoto.de\\\/index.php\\\/eventartikel\\\/\"]}]},{\"@type\":\"ImageObject\",\"inLanguage\":\"de\",\"@id\":\"https:\\\/\\\/spassfoto.de\\\/index.php\\\/eventartikel\\\/#primaryimage\",\"url\":\"https:\\\/\\\/i0.wp.com\\\/spassfoto.de\\\/wp-content\\\/uploads\\\/2022\\\/01\\\/IMG_1908_2-scaled-1.jpeg?fit=1480%2C2560&ssl=1\",\"contentUrl\":\"https:\\\/\\\/i0.wp.com\\\/spassfoto.de\\\/wp-content\\\/uploads\\\/2022\\\/01\\\/IMG_1908_2-scaled-1.jpeg?fit=1480%2C2560&ssl=1\",\"width\":1480,\"height\":2560,\"caption\":\"mobile Fotobox\"},{\"@type\":\"BreadcrumbList\",\"@id\":\"https:\\\/\\\/spassfoto.de\\\/index.php\\\/eventartikel\\\/#breadcrumb\",\"itemListElement\":[{\"@type\":\"ListItem\",\"position\":1,\"name\":\"Startseite\",\"item\":\"https:\\\/\\\/spassfoto.de\\\/\"},{\"@type\":\"ListItem\",\"position\":2,\"name\":\"Angebote\"}]},{\"@type\":\"WebSite\",\"@id\":\"https:\\\/\\\/spassfoto.de\\\/#website\",\"url\":\"https:\\\/\\\/spassfoto.de\\\/\",\"name\":\"spassfoto.de\",\"description\":\"Dein Fotobox-Verleih im Raum Mittweida\",\"publisher\":{\"@id\":\"https:\\\/\\\/spassfoto.de\\\/#organization\"},\"potentialAction\":[{\"@type\":\"SearchAction\",\"target\":{\"@type\":\"EntryPoint\",\"urlTemplate\":\"https:\\\/\\\/spassfoto.de\\\/?s={search_term_string}\"},\"query-input\":{\"@type\":\"PropertyValueSpecification\",\"valueRequired\":true,\"valueName\":\"search_term_string\"}}],\"inLanguage\":\"de\"},{\"@type\":\"Organization\",\"@id\":\"https:\\\/\\\/spassfoto.de\\\/#organization\",\"name\":\"spassfoto.de\",\"url\":\"https:\\\/\\\/spassfoto.de\\\/\",\"logo\":{\"@type\":\"ImageObject\",\"inLanguage\":\"de\",\"@id\":\"https:\\\/\\\/spassfoto.de\\\/#\\\/schema\\\/logo\\\/image\\\/\",\"url\":\"https:\\\/\\\/i0.wp.com\\\/spassfoto.de\\\/wp-content\\\/uploads\\\/2022\\\/01\\\/cropped-Instagram-Profile-Picture.jpg?fit=512%2C512&ssl=1\",\"contentUrl\":\"https:\\\/\\\/i0.wp.com\\\/spassfoto.de\\\/wp-content\\\/uploads\\\/2022\\\/01\\\/cropped-Instagram-Profile-Picture.jpg?fit=512%2C512&ssl=1\",\"width\":512,\"height\":512,\"caption\":\"spassfoto.de\"},\"image\":{\"@id\":\"https:\\\/\\\/spassfoto.de\\\/#\\\/schema\\\/logo\\\/image\\\/\"},\"sameAs\":[\"https:\\\/\\\/facebook.com\\\/spassfoto.de\",\"https:\\\/\\\/instagram.com\\\/spassfoto.de\"]}]}<\/script>\n<!-- \/ Yoast SEO plugin. -->","yoast_head_json":{"title":"Eventartikel (Fotobox, Soundbox) einfach auf spassfoto.de mieten","description":"Eventartikel (Fotobox, Soundbox, H\u00fcpfburg) einfach und g\u00fcnstig f\u00fcr Deine Party mieten ohne Stress! Mit Selbstabholung oder Fullservice!","robots":{"index":"index","follow":"follow","max-snippet":"max-snippet:-1","max-image-preview":"max-image-preview:large","max-video-preview":"max-video-preview:-1"},"canonical":"https:\/\/spassfoto.de\/index.php\/eventartikel\/","og_locale":"de_DE","og_type":"article","og_title":"Eventartikel (Fotobox, Soundbox) einfach auf spassfoto.de mieten","og_description":"Eventartikel (Fotobox, Soundbox, H\u00fcpfburg) einfach und g\u00fcnstig f\u00fcr Deine Party mieten ohne Stress! Mit Selbstabholung oder Fullservice!","og_url":"https:\/\/spassfoto.de\/index.php\/eventartikel\/","og_site_name":"spassfoto.de","article_publisher":"https:\/\/facebook.com\/spassfoto.de","article_modified_time":"2026-02-08T12:53:27+00:00","og_image":[{"url":"https:\/\/spassfoto.de\/wp-content\/uploads\/2022\/01\/IMG_1908_2-scaled-1.jpeg","type":"","width":"","height":""}],"twitter_card":"summary_large_image","twitter_misc":{"Gesch\u00e4tzte Lesezeit":"3\u00a0Minuten"},"schema":{"@context":"https:\/\/schema.org","@graph":[{"@type":"WebPage","@id":"https:\/\/spassfoto.de\/index.php\/eventartikel\/","url":"https:\/\/spassfoto.de\/index.php\/eventartikel\/","name":"Eventartikel (Fotobox, Soundbox) einfach auf spassfoto.de mieten","isPartOf":{"@id":"https:\/\/spassfoto.de\/#website"},"primaryImageOfPage":{"@id":"https:\/\/spassfoto.de\/index.php\/eventartikel\/#primaryimage"},"image":{"@id":"https:\/\/spassfoto.de\/index.php\/eventartikel\/#primaryimage"},"thumbnailUrl":"https:\/\/spassfoto.de\/wp-content\/uploads\/2022\/01\/IMG_1908_2-scaled-1.jpeg","datePublished":"2022-01-15T19:12:09+00:00","dateModified":"2026-02-08T12:53:27+00:00","description":"Eventartikel (Fotobox, Soundbox, H\u00fcpfburg) einfach und g\u00fcnstig f\u00fcr Deine Party mieten ohne Stress! Mit Selbstabholung oder Fullservice!","breadcrumb":{"@id":"https:\/\/spassfoto.de\/index.php\/eventartikel\/#breadcrumb"},"inLanguage":"de","potentialAction":[{"@type":"ReadAction","target":["https:\/\/spassfoto.de\/index.php\/eventartikel\/"]}]},{"@type":"ImageObject","inLanguage":"de","@id":"https:\/\/spassfoto.de\/index.php\/eventartikel\/#primaryimage","url":"https:\/\/i0.wp.com\/spassfoto.de\/wp-content\/uploads\/2022\/01\/IMG_1908_2-scaled-1.jpeg?fit=1480%2C2560&ssl=1","contentUrl":"https:\/\/i0.wp.com\/spassfoto.de\/wp-content\/uploads\/2022\/01\/IMG_1908_2-scaled-1.jpeg?fit=1480%2C2560&ssl=1","width":1480,"height":2560,"caption":"mobile Fotobox"},{"@type":"BreadcrumbList","@id":"https:\/\/spassfoto.de\/index.php\/eventartikel\/#breadcrumb","itemListElement":[{"@type":"ListItem","position":1,"name":"Startseite","item":"https:\/\/spassfoto.de\/"},{"@type":"ListItem","position":2,"name":"Angebote"}]},{"@type":"WebSite","@id":"https:\/\/spassfoto.de\/#website","url":"https:\/\/spassfoto.de\/","name":"spassfoto.de","description":"Dein Fotobox-Verleih im Raum Mittweida","publisher":{"@id":"https:\/\/spassfoto.de\/#organization"},"potentialAction":[{"@type":"SearchAction","target":{"@type":"EntryPoint","urlTemplate":"https:\/\/spassfoto.de\/?s={search_term_string}"},"query-input":{"@type":"PropertyValueSpecification","valueRequired":true,"valueName":"search_term_string"}}],"inLanguage":"de"},{"@type":"Organization","@id":"https:\/\/spassfoto.de\/#organization","name":"spassfoto.de","url":"https:\/\/spassfoto.de\/","logo":{"@type":"ImageObject","inLanguage":"de","@id":"https:\/\/spassfoto.de\/#\/schema\/logo\/image\/","url":"https:\/\/i0.wp.com\/spassfoto.de\/wp-content\/uploads\/2022\/01\/cropped-Instagram-Profile-Picture.jpg?fit=512%2C512&ssl=1","contentUrl":"https:\/\/i0.wp.com\/spassfoto.de\/wp-content\/uploads\/2022\/01\/cropped-Instagram-Profile-Picture.jpg?fit=512%2C512&ssl=1","width":512,"height":512,"caption":"spassfoto.de"},"image":{"@id":"https:\/\/spassfoto.de\/#\/schema\/logo\/image\/"},"sameAs":["https:\/\/facebook.com\/spassfoto.de","https:\/\/instagram.com\/spassfoto.de"]}]}},"_links":{"self":[{"href":"https:\/\/spassfoto.de\/index.php\/wp-json\/wp\/v2\/pages\/107","targetHints":{"allow":["GET"]}}],"collection":[{"href":"https:\/\/spassfoto.de\/index.php\/wp-json\/wp\/v2\/pages"}],"about":[{"href":"https:\/\/spassfoto.de\/index.php\/wp-json\/wp\/v2\/types\/page"}],"author":[{"embeddable":true,"href":"https:\/\/spassfoto.de\/index.php\/wp-json\/wp\/v2\/users\/3"}],"replies":[{"embeddable":true,"href":"https:\/\/spassfoto.de\/index.php\/wp-json\/wp\/v2\/comments?post=107"}],"version-history":[{"count":32,"href":"https:\/\/spassfoto.de\/index.php\/wp-json\/wp\/v2\/pages\/107\/revisions"}],"predecessor-version":[{"id":10151,"href":"https:\/\/spassfoto.de\/index.php\/wp-json\/wp\/v2\/pages\/107\/revisions\/10151"}],"wp:attachment":[{"href":"https:\/\/spassfoto.de\/index.php\/wp-json\/wp\/v2\/media?parent=107"}],"curies":[{"name":"wp","href":"https:\/\/api.w.org\/{rel}","templated":true}]}}