{"id":119,"date":"2022-01-15T19:14:46","date_gmt":"2022-01-15T19:14:46","guid":{"rendered":"https:\/\/spassfoto.de\/?page_id=116"},"modified":"2026-03-07T16:57:09","modified_gmt":"2026-03-07T16:57:09","slug":"unsere-soundbox","status":"publish","type":"page","link":"https:\/\/spassfoto.de\/index.php\/unsere-soundbox\/","title":{"rendered":"Unsere Soundbox &#8211; bunt &#038; laut"},"content":{"rendered":"\r\n<p>Jetzt neu! Unsere Soundbox \u2013 falls der DJ verhindert ist!<\/p>\r\n\r\n\r\n\r\n<div class=\"wp-block-columns is-layout-flex wp-container-core-columns-is-layout-9d6595d7 wp-block-columns-is-layout-flex\">\r\n<div class=\"wp-block-column is-layout-flow wp-block-column-is-layout-flow\">\u00a0<\/div>\r\n<\/div>\r\n\r\n\r\n\r\n<p>Ab sofort kannst Du unsere Musikbox f\u00fcr die musikalische Untermalung Deiner Party mieten!<\/p>\r\n\r\n\r\n\r\n<div class=\"wp-block-columns is-layout-flex wp-container-core-columns-is-layout-9d6595d7 wp-block-columns-is-layout-flex\">\r\n<div class=\"wp-block-column is-layout-flow wp-block-column-is-layout-flow\">\u00a0<\/div>\r\n<\/div>\r\n\r\n\r\n\r\n<div class=\"wp-block-columns is-layout-flex wp-container-core-columns-is-layout-9d6595d7 wp-block-columns-is-layout-flex\">\r\n<div class=\"wp-block-column is-layout-flow wp-block-column-is-layout-flow\" style=\"flex-basis: 100%;\">\r\n<div class=\"wp-block-group\"><div class=\"wp-block-group__inner-container is-layout-flow wp-block-group-is-layout-flow\"><div class=\"wp-block-image\">\r\n<figure class=\"alignleft size-large is-resized\"><img data-recalc-dims=\"1\" height=\"1024\" width=\"724\" decoding=\"async\" class=\"wp-image-369\" style=\"width: 357px; height: 500px;\" src=\"https:\/\/i0.wp.com\/spassfoto.de\/wp-content\/uploads\/2022\/01\/IMG_1238-scaled-e1643718993293-724x1024.jpeg?resize=724%2C1024&#038;ssl=1\" alt=\"Unsere Soundbox f\u00fcr die musikalische Untermalung Deiner Party\" \/>\r\n<figcaption class=\"wp-element-caption\">Soundbox<\/figcaption>\r\n<\/figure>\r\n<\/div><\/div><\/div>\r\n<\/div>\r\n<\/div>\r\n\r\n\r\n\r\n<div class=\"wp-block-columns is-layout-flex wp-container-core-columns-is-layout-9d6595d7 wp-block-columns-is-layout-flex\">\r\n<div class=\"wp-block-column is-layout-flow wp-block-column-is-layout-flow\">\u00a0<\/div>\r\n<\/div>\r\n\r\n\r\n\r\n<p>Verbinde einfach dein Smartphone \u00fcber Bluetooth mit der Box, suche Deine Playlist im Handy und starte sie \u2013 und schon spielst Du genau die Musik, die Du und Deine G\u00e4ste h\u00f6ren wollen!<\/p>\r\n\r\n\r\n\r\n<p>Und wem das noch nicht reicht &#8211; die Box verf\u00fcgt \u00fcber eine Karaoke-Funktion. Nimm das Mikrofon in die Hand und schmettere Deinen G\u00e4sten kraftvoll einen Song um die Ohren \ud83d\ude42<\/p>\r\n\r\n\r\n\r\n<p>Die Vorteile einer Soundbox von spassfoto.de kurz zusammen gefasst:<\/p>\r\n\r\n\r\n\r\n<ul class=\"wp-block-list\">\r\n<li>mit Karaoke-Funktion<\/li>\r\n\r\n\r\n\r\n<li>mit Schlagzeug-Funktion<\/li>\r\n\r\n\r\n\r\n<li>viele Lichteffekte<\/li>\r\n\r\n\r\n\r\n<li>leicht zu transportieren, rollbar<\/li>\r\n\r\n\r\n\r\n<li>u.v.m.<\/li>\r\n<\/ul>\r\n\r\n\r\n\r\n<p>Die Box ist sehr leicht zu handeln. Dank der eingebauten Griffe und dem, f\u00fcr die Gr\u00f6\u00dfe, leichten Gewicht, l\u00e4sst sich die Box sehr gut transportieren. und f\u00fcr ebene Fl\u00e4chen verf\u00fcgt die Box \u00fcber 4 rollen und l\u00e4sst sich spielend leicht verschieben und umpositionieren.<\/p>\r\n\r\n\r\n\r\n<div class=\"wp-block-columns is-layout-flex wp-container-core-columns-is-layout-9d6595d7 wp-block-columns-is-layout-flex\">\r\n<div class=\"wp-block-column is-layout-flow wp-block-column-is-layout-flow\">\u00a0<\/div>\r\n<\/div>\r\n\r\n\r\n\r\n<p>Du mietest unsere Box f\u00fcr 48 Stunden. Also vom Aufbau, feiern, bis zum Abbau und R\u00fccktransport zu uns ausreichend Zeit, damit Du Deine Party in vollen Z\u00fcgen geniessen kannst!<\/p>\r\n\r\n\r\n\r\n<p>G\u00f6nne Dir deine Wunschmusik, halte Ansprachen, lass Deine G\u00e4ste Dir ein St\u00e4ndchen singen \u2013 wenn Du es willst\u00a0<img decoding=\"async\" src=\"Preise%20%E2%80%94-Dateien\/1f609.svg\" alt=\"\ud83d\ude09\" \/><\/p>\r\n\r\n\r\n\r\n<p>Miete unsere Soundbox zu einem wahnsinnig g\u00fcnstigen Preis:<\/p>\r\n\r\n\r\n\r\n<div class=\"wp-block-columns is-layout-flex wp-container-core-columns-is-layout-9d6595d7 wp-block-columns-is-layout-flex\">\r\n<div class=\"wp-block-column is-layout-flow wp-block-column-is-layout-flow\">\u00a0<\/div>\r\n<\/div>\r\n\r\n\r\n\r\n<div class=\"wp-block-columns is-layout-flex wp-container-core-columns-is-layout-9d6595d7 wp-block-columns-is-layout-flex\">\r\n<div class=\"wp-block-column is-layout-flow wp-block-column-is-layout-flow\">\u00a0<\/div>\r\n<\/div>\r\n\r\n\r\n\r\n<h3 id=\"nur-29-00\" class=\"wp-block-heading has-vivid-red-color has-text-color has-large-font-size\" style=\"font-style: normal; font-weight: 200;\"><strong><em>nur 39.00 \u20ac<\/em><\/strong><\/h3>\r\n\r\n\r\n\r\n<div class=\"wp-block-columns is-layout-flex wp-container-core-columns-is-layout-9d6595d7 wp-block-columns-is-layout-flex\">\r\n<div class=\"wp-block-column is-layout-flow wp-block-column-is-layout-flow\">\u00a0<\/div>\r\n<\/div>\r\n\r\n\r\n\r\n<div class=\"wp-block-buttons is-layout-flex wp-block-buttons-is-layout-flex\">\r\n<div class=\"wp-block-button\"><a class=\"wp-block-button__link has-white-color has-vivid-red-background-color has-text-color has-background has-small-font-size has-custom-font-size wp-element-button\" style=\"border-radius: 22px;\" href=\"https:\/\/spassfoto.de\/index.php\/buchung\/\">jetzt reservieren<\/a><\/div>\r\n<\/div>\r\n\r\n\r\n\r\n<p class=\"has-medium-font-size\">\u00a0<\/p>\r\n","protected":false},"excerpt":{"rendered":"<p>Jetzt neu! Unsere Soundbox \u2013 falls der DJ verhindert ist! \u00a0 Ab sofort kannst Du unsere Musikbox f\u00fcr die musikalische Untermalung Deiner Party mieten! \u00a0 \u00a0 Verbinde einfach dein Smartphone \u00fcber Bluetooth mit der Box, suche Deine Playlist im Handy und starte sie \u2013 und schon spielst Du genau die Musik, die Du und Deine [&hellip;]<\/p>\n","protected":false},"author":3,"featured_media":0,"parent":0,"menu_order":0,"comment_status":"closed","ping_status":"closed","template":"","meta":{"_monsterinsights_skip_tracking":false,"_monsterinsights_sitenote_active":false,"_monsterinsights_sitenote_note":"","_monsterinsights_sitenote_category":0,"_uf_show_specific_survey":0,"_uf_disable_surveys":false,"footnotes":""},"class_list":["post-119","page","type-page","status-publish","hentry"],"yoast_head":"<!-- This site is optimized with the Yoast SEO plugin v27.5 - https:\/\/yoast.com\/product\/yoast-seo-wordpress\/ -->\n<title>Soundbox von spassfoto.de f\u00fcr Deine Musik auf Deiner Party!<\/title>\n<meta name=\"description\" content=\"spassfoto.de - Die Soundbox f\u00fcr Deine Party! Laut &amp; Bunt &amp; Geil! Spiele auf Deiner Feier Deine Musik! Mit Karaoke und Schlagzeug Funktion\" \/>\n<meta name=\"robots\" content=\"index, follow, max-snippet:-1, max-image-preview:large, max-video-preview:-1\" \/>\n<link rel=\"canonical\" href=\"https:\/\/spassfoto.de\/index.php\/unsere-soundbox\/\" \/>\n<meta property=\"og:locale\" content=\"de_DE\" \/>\n<meta property=\"og:type\" content=\"article\" \/>\n<meta property=\"og:title\" content=\"Soundbox von spassfoto.de f\u00fcr Deine Musik auf Deiner Party!\" \/>\n<meta property=\"og:description\" content=\"spassfoto.de - Die Soundbox f\u00fcr Deine Party! Laut &amp; Bunt &amp; Geil! Spiele auf Deiner Feier Deine Musik! Mit Karaoke und Schlagzeug Funktion\" \/>\n<meta property=\"og:url\" content=\"https:\/\/spassfoto.de\/index.php\/unsere-soundbox\/\" \/>\n<meta property=\"og:site_name\" content=\"spassfoto.de\" \/>\n<meta property=\"article:publisher\" content=\"https:\/\/facebook.com\/spassfoto.de\" \/>\n<meta property=\"article:modified_time\" content=\"2026-03-07T16:57:09+00:00\" \/>\n<meta property=\"og:image\" content=\"https:\/\/spassfoto.de\/wp-content\/uploads\/2022\/01\/IMG_1238-scaled-e1643718993293-724x1024.jpeg\" \/>\n<meta name=\"twitter:card\" content=\"summary_large_image\" \/>\n<meta name=\"twitter:label1\" content=\"Gesch\u00e4tzte Lesezeit\" \/>\n\t<meta name=\"twitter:data1\" content=\"2\u00a0Minuten\" \/>\n<script type=\"application\/ld+json\" class=\"yoast-schema-graph\">{\"@context\":\"https:\\\/\\\/schema.org\",\"@graph\":[{\"@type\":\"WebPage\",\"@id\":\"https:\\\/\\\/spassfoto.de\\\/index.php\\\/unsere-soundbox\\\/\",\"url\":\"https:\\\/\\\/spassfoto.de\\\/index.php\\\/unsere-soundbox\\\/\",\"name\":\"Soundbox von spassfoto.de f\u00fcr Deine Musik auf Deiner Party!\",\"isPartOf\":{\"@id\":\"https:\\\/\\\/spassfoto.de\\\/#website\"},\"primaryImageOfPage\":{\"@id\":\"https:\\\/\\\/spassfoto.de\\\/index.php\\\/unsere-soundbox\\\/#primaryimage\"},\"image\":{\"@id\":\"https:\\\/\\\/spassfoto.de\\\/index.php\\\/unsere-soundbox\\\/#primaryimage\"},\"thumbnailUrl\":\"https:\\\/\\\/spassfoto.de\\\/wp-content\\\/uploads\\\/2022\\\/01\\\/IMG_1238-scaled-e1643718993293-724x1024.jpeg\",\"datePublished\":\"2022-01-15T19:14:46+00:00\",\"dateModified\":\"2026-03-07T16:57:09+00:00\",\"description\":\"spassfoto.de - Die Soundbox f\u00fcr Deine Party! Laut & Bunt & Geil! Spiele auf Deiner Feier Deine Musik! Mit Karaoke und Schlagzeug Funktion\",\"breadcrumb\":{\"@id\":\"https:\\\/\\\/spassfoto.de\\\/index.php\\\/unsere-soundbox\\\/#breadcrumb\"},\"inLanguage\":\"de\",\"potentialAction\":[{\"@type\":\"ReadAction\",\"target\":[\"https:\\\/\\\/spassfoto.de\\\/index.php\\\/unsere-soundbox\\\/\"]}]},{\"@type\":\"ImageObject\",\"inLanguage\":\"de\",\"@id\":\"https:\\\/\\\/spassfoto.de\\\/index.php\\\/unsere-soundbox\\\/#primaryimage\",\"url\":\"https:\\\/\\\/spassfoto.de\\\/wp-content\\\/uploads\\\/2022\\\/01\\\/IMG_1238-scaled-e1643718993293-724x1024.jpeg\",\"contentUrl\":\"https:\\\/\\\/spassfoto.de\\\/wp-content\\\/uploads\\\/2022\\\/01\\\/IMG_1238-scaled-e1643718993293-724x1024.jpeg\"},{\"@type\":\"BreadcrumbList\",\"@id\":\"https:\\\/\\\/spassfoto.de\\\/index.php\\\/unsere-soundbox\\\/#breadcrumb\",\"itemListElement\":[{\"@type\":\"ListItem\",\"position\":1,\"name\":\"Startseite\",\"item\":\"https:\\\/\\\/spassfoto.de\\\/\"},{\"@type\":\"ListItem\",\"position\":2,\"name\":\"Unsere Soundbox &#8211; bunt &#038; laut\"}]},{\"@type\":\"WebSite\",\"@id\":\"https:\\\/\\\/spassfoto.de\\\/#website\",\"url\":\"https:\\\/\\\/spassfoto.de\\\/\",\"name\":\"spassfoto.de\",\"description\":\"Dein Fotobox-Verleih im Raum Mittweida\",\"publisher\":{\"@id\":\"https:\\\/\\\/spassfoto.de\\\/#organization\"},\"potentialAction\":[{\"@type\":\"SearchAction\",\"target\":{\"@type\":\"EntryPoint\",\"urlTemplate\":\"https:\\\/\\\/spassfoto.de\\\/?s={search_term_string}\"},\"query-input\":{\"@type\":\"PropertyValueSpecification\",\"valueRequired\":true,\"valueName\":\"search_term_string\"}}],\"inLanguage\":\"de\"},{\"@type\":\"Organization\",\"@id\":\"https:\\\/\\\/spassfoto.de\\\/#organization\",\"name\":\"spassfoto.de\",\"url\":\"https:\\\/\\\/spassfoto.de\\\/\",\"logo\":{\"@type\":\"ImageObject\",\"inLanguage\":\"de\",\"@id\":\"https:\\\/\\\/spassfoto.de\\\/#\\\/schema\\\/logo\\\/image\\\/\",\"url\":\"https:\\\/\\\/i0.wp.com\\\/spassfoto.de\\\/wp-content\\\/uploads\\\/2022\\\/01\\\/cropped-Instagram-Profile-Picture.jpg?fit=512%2C512&ssl=1\",\"contentUrl\":\"https:\\\/\\\/i0.wp.com\\\/spassfoto.de\\\/wp-content\\\/uploads\\\/2022\\\/01\\\/cropped-Instagram-Profile-Picture.jpg?fit=512%2C512&ssl=1\",\"width\":512,\"height\":512,\"caption\":\"spassfoto.de\"},\"image\":{\"@id\":\"https:\\\/\\\/spassfoto.de\\\/#\\\/schema\\\/logo\\\/image\\\/\"},\"sameAs\":[\"https:\\\/\\\/facebook.com\\\/spassfoto.de\",\"https:\\\/\\\/instagram.com\\\/spassfoto.de\"]}]}<\/script>\n<!-- \/ Yoast SEO plugin. -->","yoast_head_json":{"title":"Soundbox von spassfoto.de f\u00fcr Deine Musik auf Deiner Party!","description":"spassfoto.de - Die Soundbox f\u00fcr Deine Party! Laut & Bunt & Geil! Spiele auf Deiner Feier Deine Musik! Mit Karaoke und Schlagzeug Funktion","robots":{"index":"index","follow":"follow","max-snippet":"max-snippet:-1","max-image-preview":"max-image-preview:large","max-video-preview":"max-video-preview:-1"},"canonical":"https:\/\/spassfoto.de\/index.php\/unsere-soundbox\/","og_locale":"de_DE","og_type":"article","og_title":"Soundbox von spassfoto.de f\u00fcr Deine Musik auf Deiner Party!","og_description":"spassfoto.de - Die Soundbox f\u00fcr Deine Party! Laut & Bunt & Geil! Spiele auf Deiner Feier Deine Musik! Mit Karaoke und Schlagzeug Funktion","og_url":"https:\/\/spassfoto.de\/index.php\/unsere-soundbox\/","og_site_name":"spassfoto.de","article_publisher":"https:\/\/facebook.com\/spassfoto.de","article_modified_time":"2026-03-07T16:57:09+00:00","og_image":[{"url":"https:\/\/spassfoto.de\/wp-content\/uploads\/2022\/01\/IMG_1238-scaled-e1643718993293-724x1024.jpeg","type":"","width":"","height":""}],"twitter_card":"summary_large_image","twitter_misc":{"Gesch\u00e4tzte Lesezeit":"2\u00a0Minuten"},"schema":{"@context":"https:\/\/schema.org","@graph":[{"@type":"WebPage","@id":"https:\/\/spassfoto.de\/index.php\/unsere-soundbox\/","url":"https:\/\/spassfoto.de\/index.php\/unsere-soundbox\/","name":"Soundbox von spassfoto.de f\u00fcr Deine Musik auf Deiner Party!","isPartOf":{"@id":"https:\/\/spassfoto.de\/#website"},"primaryImageOfPage":{"@id":"https:\/\/spassfoto.de\/index.php\/unsere-soundbox\/#primaryimage"},"image":{"@id":"https:\/\/spassfoto.de\/index.php\/unsere-soundbox\/#primaryimage"},"thumbnailUrl":"https:\/\/spassfoto.de\/wp-content\/uploads\/2022\/01\/IMG_1238-scaled-e1643718993293-724x1024.jpeg","datePublished":"2022-01-15T19:14:46+00:00","dateModified":"2026-03-07T16:57:09+00:00","description":"spassfoto.de - Die Soundbox f\u00fcr Deine Party! Laut & Bunt & Geil! Spiele auf Deiner Feier Deine Musik! Mit Karaoke und Schlagzeug Funktion","breadcrumb":{"@id":"https:\/\/spassfoto.de\/index.php\/unsere-soundbox\/#breadcrumb"},"inLanguage":"de","potentialAction":[{"@type":"ReadAction","target":["https:\/\/spassfoto.de\/index.php\/unsere-soundbox\/"]}]},{"@type":"ImageObject","inLanguage":"de","@id":"https:\/\/spassfoto.de\/index.php\/unsere-soundbox\/#primaryimage","url":"https:\/\/spassfoto.de\/wp-content\/uploads\/2022\/01\/IMG_1238-scaled-e1643718993293-724x1024.jpeg","contentUrl":"https:\/\/spassfoto.de\/wp-content\/uploads\/2022\/01\/IMG_1238-scaled-e1643718993293-724x1024.jpeg"},{"@type":"BreadcrumbList","@id":"https:\/\/spassfoto.de\/index.php\/unsere-soundbox\/#breadcrumb","itemListElement":[{"@type":"ListItem","position":1,"name":"Startseite","item":"https:\/\/spassfoto.de\/"},{"@type":"ListItem","position":2,"name":"Unsere Soundbox &#8211; bunt &#038; laut"}]},{"@type":"WebSite","@id":"https:\/\/spassfoto.de\/#website","url":"https:\/\/spassfoto.de\/","name":"spassfoto.de","description":"Dein Fotobox-Verleih im Raum Mittweida","publisher":{"@id":"https:\/\/spassfoto.de\/#organization"},"potentialAction":[{"@type":"SearchAction","target":{"@type":"EntryPoint","urlTemplate":"https:\/\/spassfoto.de\/?s={search_term_string}"},"query-input":{"@type":"PropertyValueSpecification","valueRequired":true,"valueName":"search_term_string"}}],"inLanguage":"de"},{"@type":"Organization","@id":"https:\/\/spassfoto.de\/#organization","name":"spassfoto.de","url":"https:\/\/spassfoto.de\/","logo":{"@type":"ImageObject","inLanguage":"de","@id":"https:\/\/spassfoto.de\/#\/schema\/logo\/image\/","url":"https:\/\/i0.wp.com\/spassfoto.de\/wp-content\/uploads\/2022\/01\/cropped-Instagram-Profile-Picture.jpg?fit=512%2C512&ssl=1","contentUrl":"https:\/\/i0.wp.com\/spassfoto.de\/wp-content\/uploads\/2022\/01\/cropped-Instagram-Profile-Picture.jpg?fit=512%2C512&ssl=1","width":512,"height":512,"caption":"spassfoto.de"},"image":{"@id":"https:\/\/spassfoto.de\/#\/schema\/logo\/image\/"},"sameAs":["https:\/\/facebook.com\/spassfoto.de","https:\/\/instagram.com\/spassfoto.de"]}]}},"_links":{"self":[{"href":"https:\/\/spassfoto.de\/index.php\/wp-json\/wp\/v2\/pages\/119","targetHints":{"allow":["GET"]}}],"collection":[{"href":"https:\/\/spassfoto.de\/index.php\/wp-json\/wp\/v2\/pages"}],"about":[{"href":"https:\/\/spassfoto.de\/index.php\/wp-json\/wp\/v2\/types\/page"}],"author":[{"embeddable":true,"href":"https:\/\/spassfoto.de\/index.php\/wp-json\/wp\/v2\/users\/3"}],"replies":[{"embeddable":true,"href":"https:\/\/spassfoto.de\/index.php\/wp-json\/wp\/v2\/comments?post=119"}],"version-history":[{"count":8,"href":"https:\/\/spassfoto.de\/index.php\/wp-json\/wp\/v2\/pages\/119\/revisions"}],"predecessor-version":[{"id":10173,"href":"https:\/\/spassfoto.de\/index.php\/wp-json\/wp\/v2\/pages\/119\/revisions\/10173"}],"wp:attachment":[{"href":"https:\/\/spassfoto.de\/index.php\/wp-json\/wp\/v2\/media?parent=119"}],"curies":[{"name":"wp","href":"https:\/\/api.w.org\/{rel}","templated":true}]}}