{"id":167,"date":"2022-01-17T11:16:12","date_gmt":"2022-01-17T11:16:12","guid":{"rendered":"https:\/\/spassfoto.de\/?page_id=167"},"modified":"2022-02-02T10:35:22","modified_gmt":"2022-02-02T10:35:22","slug":"was-macht-uns-aus","status":"publish","type":"page","link":"https:\/\/spassfoto.de\/index.php\/was-macht-uns-aus\/","title":{"rendered":"Was macht uns aus?"},"content":{"rendered":"\n<div class=\"wp-block-columns is-layout-flex wp-container-core-columns-is-layout-9d6595d7 wp-block-columns-is-layout-flex\">\n<div class=\"wp-block-column is-layout-flow wp-block-column-is-layout-flow\" style=\"flex-basis:80%\">\n<p>Warum spassfoto.de?<\/p>\n\n\n\n<p>Wir bieten Dir f\u00fcr Deine Party genau die Artikel, die Du f\u00fcr einen unvergesslichen Abend ben\u00f6tigst. Egal ob Fotobox, Soundbox oder H\u00fcpfburg, wir bieten Dir eine Top-Qualit\u00e4t bei jedem unserer Artikel.<\/p>\n\n\n\n<p>Und wenn Du f\u00fcr Dein Event noch ein Catering brauchst oder einen DJ &#8211; auch hier sind wir Dein Ansprechpartner! Wir vermitteln Dir die passende Firma um Deine Party f\u00fcr Dich und Deine G\u00e4ste unvergesslich zu machen!<\/p>\n<\/div>\n\n\n\n<div class=\"wp-block-column is-layout-flow wp-block-column-is-layout-flow\" style=\"flex-basis:20%\">\n<div class=\"wp-block-image\"><figure class=\"alignright size-full\"><img data-recalc-dims=\"1\" decoding=\"async\" width=\"38\" height=\"245\" src=\"https:\/\/i0.wp.com\/spassfoto.de\/wp-content\/uploads\/2022\/02\/warum.jpg?resize=38%2C245&#038;ssl=1\" alt=\"warum spassfoto.de? Weil wir's k\u00f6nnen!\" class=\"wp-image-643\"\/><\/figure><\/div>\n<\/div>\n<\/div>\n\n\n\n<p>Was macht unsere <a href=\"https:\/\/spassfoto.de\/index.php\/eventartikel\/\">Fotoboxen<\/a> aus:<\/p>\n\n\n\n<ul class=\"wp-block-list\"><li>Qualitativ hochwertige Fotos dank DSLR-Kameras (Canon)<\/li><li>alle Fotoboxen sind mit einem hochwertigen Sofortbilddrucker ausgestattet<\/li><li>f\u00fcr jedes Event haben wir die optimale Fotobox<\/li><li>ein individuelle Aussehen der Fotos, nach Deinen W\u00fcnschen gestaltet<\/li><\/ul>\n\n\n\n<p><\/p>\n\n\n\n<p>Siehe hier anhand einiger Beispielfotos die <a href=\"https:\/\/spassfoto.de\/index.php\/fotoqualitaet\/\">hochwertige Fotoqualit\u00e4t<\/a> und wie die Fotos auf Deinem Event aussehen &#8211; <a href=\"https:\/\/spassfoto.de\/index.php\/individualitaet\/\">individuell nach Deinen W\u00fcnschen gestaltet<\/a><\/p>\n\n\n\n<div class=\"wp-block-columns is-layout-flex wp-container-core-columns-is-layout-9d6595d7 wp-block-columns-is-layout-flex\">\n<div class=\"wp-block-column is-layout-flow wp-block-column-is-layout-flow\"><\/div>\n<\/div>\n\n\n\n<p>Was macht unsere <a href=\"https:\/\/spassfoto.de\/index.php\/eventartikel\/\">Soundboxen<\/a> aus:<\/p>\n\n\n\n<ul class=\"wp-block-list\"><li>funktioniert mit jedem Smartphone was Bluetooth unterst\u00fctzt<\/li><li>mit Karaoke-Funktion<\/li><li>mit Schlagzeug-Funktion<\/li><li>viele Lichteffekte<\/li><li>leicht zu transportieren, rollbar<\/li><li>u.v.m.<\/li><\/ul>\n\n\n\n<div class=\"wp-block-columns is-layout-flex wp-container-core-columns-is-layout-9d6595d7 wp-block-columns-is-layout-flex\">\n<div class=\"wp-block-column is-layout-flow wp-block-column-is-layout-flow\"><\/div>\n<\/div>\n\n\n\n<p>Warum spassfoto.de? <\/p>\n\n\n\n<p>spassfoto.de ist Dein regionaler Eventausstatter im Raum Mittweida. Dein perfekter Abend hat unsere h\u00f6chste Priorit\u00e4t! Unsere angebotenen Artikel sind qualitativ hochwertig ausgestattet &#8211; und perfekt auf Deine Party abgestimmt. Damit Du und Deine G\u00e4ste einen unvergesslich sch\u00f6nen und vor allem stressfreien Abend haben! Wir bieten Dir unseren Fullservice an, jeder Artikel kann aber auch von Dir bei uns abgeholt werden.<\/p>\n","protected":false},"excerpt":{"rendered":"<p>Warum spassfoto.de? Wir bieten Dir f\u00fcr Deine Party genau die Artikel, die Du f\u00fcr einen unvergesslichen Abend ben\u00f6tigst. Egal ob Fotobox, Soundbox oder H\u00fcpfburg, wir bieten Dir eine Top-Qualit\u00e4t bei jedem unserer Artikel. Und wenn Du f\u00fcr Dein Event noch ein Catering brauchst oder einen DJ &#8211; auch hier sind wir Dein Ansprechpartner! Wir vermitteln [&hellip;]<\/p>\n","protected":false},"author":3,"featured_media":0,"parent":0,"menu_order":0,"comment_status":"closed","ping_status":"closed","template":"","meta":{"_monsterinsights_skip_tracking":false,"_monsterinsights_sitenote_active":false,"_monsterinsights_sitenote_note":"","_monsterinsights_sitenote_category":0,"_uf_show_specific_survey":0,"_uf_disable_surveys":false,"footnotes":""},"class_list":["post-167","page","type-page","status-publish","hentry"],"yoast_head":"<!-- This site is optimized with the Yoast SEO plugin v27.3 - https:\/\/yoast.com\/product\/yoast-seo-wordpress\/ -->\n<title>Warum spassfoto.de - Wir sind Dein Partner f\u00fcr jedes Deiner Events!<\/title>\n<meta name=\"description\" content=\"Warum spassfoto.de? Wir sind Dein Servicepartner f\u00fcr Deine Events und Feiern! Sch\u00f6ne Feiern f\u00fcr kleines Geld!\" \/>\n<meta name=\"robots\" content=\"index, follow, max-snippet:-1, max-image-preview:large, max-video-preview:-1\" \/>\n<link rel=\"canonical\" href=\"https:\/\/spassfoto.de\/index.php\/was-macht-uns-aus\/\" \/>\n<meta property=\"og:locale\" content=\"de_DE\" \/>\n<meta property=\"og:type\" content=\"article\" \/>\n<meta property=\"og:title\" content=\"Warum spassfoto.de - Wir sind Dein Partner f\u00fcr jedes Deiner Events!\" \/>\n<meta property=\"og:description\" content=\"Warum spassfoto.de? Wir sind Dein Servicepartner f\u00fcr Deine Events und Feiern! Sch\u00f6ne Feiern f\u00fcr kleines Geld!\" \/>\n<meta property=\"og:url\" content=\"https:\/\/spassfoto.de\/index.php\/was-macht-uns-aus\/\" \/>\n<meta property=\"og:site_name\" content=\"spassfoto.de\" \/>\n<meta property=\"article:publisher\" content=\"https:\/\/facebook.com\/spassfoto.de\" \/>\n<meta property=\"article:modified_time\" content=\"2022-02-02T10:35:22+00:00\" \/>\n<meta property=\"og:image\" content=\"https:\/\/spassfoto.de\/wp-content\/uploads\/2022\/02\/warum.jpg\" \/>\n<meta name=\"twitter:card\" content=\"summary_large_image\" \/>\n<meta name=\"twitter:label1\" content=\"Gesch\u00e4tzte Lesezeit\" \/>\n\t<meta name=\"twitter:data1\" content=\"2\u00a0Minuten\" \/>\n<script type=\"application\/ld+json\" class=\"yoast-schema-graph\">{\"@context\":\"https:\\\/\\\/schema.org\",\"@graph\":[{\"@type\":\"WebPage\",\"@id\":\"https:\\\/\\\/spassfoto.de\\\/index.php\\\/was-macht-uns-aus\\\/\",\"url\":\"https:\\\/\\\/spassfoto.de\\\/index.php\\\/was-macht-uns-aus\\\/\",\"name\":\"Warum spassfoto.de - Wir sind Dein Partner f\u00fcr jedes Deiner Events!\",\"isPartOf\":{\"@id\":\"https:\\\/\\\/spassfoto.de\\\/#website\"},\"primaryImageOfPage\":{\"@id\":\"https:\\\/\\\/spassfoto.de\\\/index.php\\\/was-macht-uns-aus\\\/#primaryimage\"},\"image\":{\"@id\":\"https:\\\/\\\/spassfoto.de\\\/index.php\\\/was-macht-uns-aus\\\/#primaryimage\"},\"thumbnailUrl\":\"https:\\\/\\\/spassfoto.de\\\/wp-content\\\/uploads\\\/2022\\\/02\\\/warum.jpg\",\"datePublished\":\"2022-01-17T11:16:12+00:00\",\"dateModified\":\"2022-02-02T10:35:22+00:00\",\"description\":\"Warum spassfoto.de? Wir sind Dein Servicepartner f\u00fcr Deine Events und Feiern! Sch\u00f6ne Feiern f\u00fcr kleines Geld!\",\"breadcrumb\":{\"@id\":\"https:\\\/\\\/spassfoto.de\\\/index.php\\\/was-macht-uns-aus\\\/#breadcrumb\"},\"inLanguage\":\"de\",\"potentialAction\":[{\"@type\":\"ReadAction\",\"target\":[\"https:\\\/\\\/spassfoto.de\\\/index.php\\\/was-macht-uns-aus\\\/\"]}]},{\"@type\":\"ImageObject\",\"inLanguage\":\"de\",\"@id\":\"https:\\\/\\\/spassfoto.de\\\/index.php\\\/was-macht-uns-aus\\\/#primaryimage\",\"url\":\"https:\\\/\\\/i0.wp.com\\\/spassfoto.de\\\/wp-content\\\/uploads\\\/2022\\\/02\\\/warum.jpg?fit=38%2C245&ssl=1\",\"contentUrl\":\"https:\\\/\\\/i0.wp.com\\\/spassfoto.de\\\/wp-content\\\/uploads\\\/2022\\\/02\\\/warum.jpg?fit=38%2C245&ssl=1\",\"width\":38,\"height\":245},{\"@type\":\"BreadcrumbList\",\"@id\":\"https:\\\/\\\/spassfoto.de\\\/index.php\\\/was-macht-uns-aus\\\/#breadcrumb\",\"itemListElement\":[{\"@type\":\"ListItem\",\"position\":1,\"name\":\"Startseite\",\"item\":\"https:\\\/\\\/spassfoto.de\\\/\"},{\"@type\":\"ListItem\",\"position\":2,\"name\":\"Was macht uns aus?\"}]},{\"@type\":\"WebSite\",\"@id\":\"https:\\\/\\\/spassfoto.de\\\/#website\",\"url\":\"https:\\\/\\\/spassfoto.de\\\/\",\"name\":\"spassfoto.de\",\"description\":\"Dein Fotobox-Verleih im Raum Mittweida\",\"publisher\":{\"@id\":\"https:\\\/\\\/spassfoto.de\\\/#organization\"},\"potentialAction\":[{\"@type\":\"SearchAction\",\"target\":{\"@type\":\"EntryPoint\",\"urlTemplate\":\"https:\\\/\\\/spassfoto.de\\\/?s={search_term_string}\"},\"query-input\":{\"@type\":\"PropertyValueSpecification\",\"valueRequired\":true,\"valueName\":\"search_term_string\"}}],\"inLanguage\":\"de\"},{\"@type\":\"Organization\",\"@id\":\"https:\\\/\\\/spassfoto.de\\\/#organization\",\"name\":\"spassfoto.de\",\"url\":\"https:\\\/\\\/spassfoto.de\\\/\",\"logo\":{\"@type\":\"ImageObject\",\"inLanguage\":\"de\",\"@id\":\"https:\\\/\\\/spassfoto.de\\\/#\\\/schema\\\/logo\\\/image\\\/\",\"url\":\"https:\\\/\\\/i0.wp.com\\\/spassfoto.de\\\/wp-content\\\/uploads\\\/2022\\\/01\\\/cropped-Instagram-Profile-Picture.jpg?fit=512%2C512&ssl=1\",\"contentUrl\":\"https:\\\/\\\/i0.wp.com\\\/spassfoto.de\\\/wp-content\\\/uploads\\\/2022\\\/01\\\/cropped-Instagram-Profile-Picture.jpg?fit=512%2C512&ssl=1\",\"width\":512,\"height\":512,\"caption\":\"spassfoto.de\"},\"image\":{\"@id\":\"https:\\\/\\\/spassfoto.de\\\/#\\\/schema\\\/logo\\\/image\\\/\"},\"sameAs\":[\"https:\\\/\\\/facebook.com\\\/spassfoto.de\",\"https:\\\/\\\/instagram.com\\\/spassfoto.de\"]}]}<\/script>\n<!-- \/ Yoast SEO plugin. -->","yoast_head_json":{"title":"Warum spassfoto.de - Wir sind Dein Partner f\u00fcr jedes Deiner Events!","description":"Warum spassfoto.de? Wir sind Dein Servicepartner f\u00fcr Deine Events und Feiern! Sch\u00f6ne Feiern f\u00fcr kleines Geld!","robots":{"index":"index","follow":"follow","max-snippet":"max-snippet:-1","max-image-preview":"max-image-preview:large","max-video-preview":"max-video-preview:-1"},"canonical":"https:\/\/spassfoto.de\/index.php\/was-macht-uns-aus\/","og_locale":"de_DE","og_type":"article","og_title":"Warum spassfoto.de - Wir sind Dein Partner f\u00fcr jedes Deiner Events!","og_description":"Warum spassfoto.de? Wir sind Dein Servicepartner f\u00fcr Deine Events und Feiern! Sch\u00f6ne Feiern f\u00fcr kleines Geld!","og_url":"https:\/\/spassfoto.de\/index.php\/was-macht-uns-aus\/","og_site_name":"spassfoto.de","article_publisher":"https:\/\/facebook.com\/spassfoto.de","article_modified_time":"2022-02-02T10:35:22+00:00","og_image":[{"url":"https:\/\/spassfoto.de\/wp-content\/uploads\/2022\/02\/warum.jpg","type":"","width":"","height":""}],"twitter_card":"summary_large_image","twitter_misc":{"Gesch\u00e4tzte Lesezeit":"2\u00a0Minuten"},"schema":{"@context":"https:\/\/schema.org","@graph":[{"@type":"WebPage","@id":"https:\/\/spassfoto.de\/index.php\/was-macht-uns-aus\/","url":"https:\/\/spassfoto.de\/index.php\/was-macht-uns-aus\/","name":"Warum spassfoto.de - Wir sind Dein Partner f\u00fcr jedes Deiner Events!","isPartOf":{"@id":"https:\/\/spassfoto.de\/#website"},"primaryImageOfPage":{"@id":"https:\/\/spassfoto.de\/index.php\/was-macht-uns-aus\/#primaryimage"},"image":{"@id":"https:\/\/spassfoto.de\/index.php\/was-macht-uns-aus\/#primaryimage"},"thumbnailUrl":"https:\/\/spassfoto.de\/wp-content\/uploads\/2022\/02\/warum.jpg","datePublished":"2022-01-17T11:16:12+00:00","dateModified":"2022-02-02T10:35:22+00:00","description":"Warum spassfoto.de? Wir sind Dein Servicepartner f\u00fcr Deine Events und Feiern! Sch\u00f6ne Feiern f\u00fcr kleines Geld!","breadcrumb":{"@id":"https:\/\/spassfoto.de\/index.php\/was-macht-uns-aus\/#breadcrumb"},"inLanguage":"de","potentialAction":[{"@type":"ReadAction","target":["https:\/\/spassfoto.de\/index.php\/was-macht-uns-aus\/"]}]},{"@type":"ImageObject","inLanguage":"de","@id":"https:\/\/spassfoto.de\/index.php\/was-macht-uns-aus\/#primaryimage","url":"https:\/\/i0.wp.com\/spassfoto.de\/wp-content\/uploads\/2022\/02\/warum.jpg?fit=38%2C245&ssl=1","contentUrl":"https:\/\/i0.wp.com\/spassfoto.de\/wp-content\/uploads\/2022\/02\/warum.jpg?fit=38%2C245&ssl=1","width":38,"height":245},{"@type":"BreadcrumbList","@id":"https:\/\/spassfoto.de\/index.php\/was-macht-uns-aus\/#breadcrumb","itemListElement":[{"@type":"ListItem","position":1,"name":"Startseite","item":"https:\/\/spassfoto.de\/"},{"@type":"ListItem","position":2,"name":"Was macht uns aus?"}]},{"@type":"WebSite","@id":"https:\/\/spassfoto.de\/#website","url":"https:\/\/spassfoto.de\/","name":"spassfoto.de","description":"Dein Fotobox-Verleih im Raum Mittweida","publisher":{"@id":"https:\/\/spassfoto.de\/#organization"},"potentialAction":[{"@type":"SearchAction","target":{"@type":"EntryPoint","urlTemplate":"https:\/\/spassfoto.de\/?s={search_term_string}"},"query-input":{"@type":"PropertyValueSpecification","valueRequired":true,"valueName":"search_term_string"}}],"inLanguage":"de"},{"@type":"Organization","@id":"https:\/\/spassfoto.de\/#organization","name":"spassfoto.de","url":"https:\/\/spassfoto.de\/","logo":{"@type":"ImageObject","inLanguage":"de","@id":"https:\/\/spassfoto.de\/#\/schema\/logo\/image\/","url":"https:\/\/i0.wp.com\/spassfoto.de\/wp-content\/uploads\/2022\/01\/cropped-Instagram-Profile-Picture.jpg?fit=512%2C512&ssl=1","contentUrl":"https:\/\/i0.wp.com\/spassfoto.de\/wp-content\/uploads\/2022\/01\/cropped-Instagram-Profile-Picture.jpg?fit=512%2C512&ssl=1","width":512,"height":512,"caption":"spassfoto.de"},"image":{"@id":"https:\/\/spassfoto.de\/#\/schema\/logo\/image\/"},"sameAs":["https:\/\/facebook.com\/spassfoto.de","https:\/\/instagram.com\/spassfoto.de"]}]}},"_links":{"self":[{"href":"https:\/\/spassfoto.de\/index.php\/wp-json\/wp\/v2\/pages\/167","targetHints":{"allow":["GET"]}}],"collection":[{"href":"https:\/\/spassfoto.de\/index.php\/wp-json\/wp\/v2\/pages"}],"about":[{"href":"https:\/\/spassfoto.de\/index.php\/wp-json\/wp\/v2\/types\/page"}],"author":[{"embeddable":true,"href":"https:\/\/spassfoto.de\/index.php\/wp-json\/wp\/v2\/users\/3"}],"replies":[{"embeddable":true,"href":"https:\/\/spassfoto.de\/index.php\/wp-json\/wp\/v2\/comments?post=167"}],"version-history":[{"count":9,"href":"https:\/\/spassfoto.de\/index.php\/wp-json\/wp\/v2\/pages\/167\/revisions"}],"predecessor-version":[{"id":656,"href":"https:\/\/spassfoto.de\/index.php\/wp-json\/wp\/v2\/pages\/167\/revisions\/656"}],"wp:attachment":[{"href":"https:\/\/spassfoto.de\/index.php\/wp-json\/wp\/v2\/media?parent=167"}],"curies":[{"name":"wp","href":"https:\/\/api.w.org\/{rel}","templated":true}]}}