{"id":206,"date":"2022-01-17T15:01:41","date_gmt":"2022-01-17T15:01:41","guid":{"rendered":"https:\/\/spassfoto.de\/?page_id=206"},"modified":"2025-09-05T14:01:27","modified_gmt":"2025-09-05T14:01:27","slug":"fullservice","status":"publish","type":"page","link":"https:\/\/spassfoto.de\/index.php\/fullservice\/","title":{"rendered":"Fullservice"},"content":{"rendered":"\n<div class=\"wp-block-columns is-layout-flex wp-container-core-columns-is-layout-9d6595d7 wp-block-columns-is-layout-flex\">\n<div class=\"wp-block-column is-layout-flow wp-block-column-is-layout-flow\" style=\"flex-basis:80%\">\n<p>Fullservice  &#8211; unser Service, wenn Dir alles zuviel vor Deinem Event ist.<\/p>\n<\/div>\n\n\n\n<div class=\"wp-block-column is-layout-flow wp-block-column-is-layout-flow\" style=\"flex-basis:20%\">\n<figure class=\"wp-block-image size-full is-style-rounded\"><img data-recalc-dims=\"1\" fetchpriority=\"high\" decoding=\"async\" width=\"331\" height=\"254\" src=\"https:\/\/i0.wp.com\/spassfoto.de\/wp-content\/uploads\/2022\/02\/service.jpg?resize=331%2C254&#038;ssl=1\" alt=\"Fullservice - der Bringe- und Holservice von spassfoto.de\" class=\"wp-image-581\" srcset=\"https:\/\/i0.wp.com\/spassfoto.de\/wp-content\/uploads\/2022\/02\/service.jpg?w=331&amp;ssl=1 331w, https:\/\/i0.wp.com\/spassfoto.de\/wp-content\/uploads\/2022\/02\/service.jpg?resize=300%2C230&amp;ssl=1 300w\" sizes=\"(max-width: 331px) 100vw, 331px\" \/><\/figure>\n<\/div>\n<\/div>\n\n\n\n<p><\/p>\n\n\n\n<p>Der Service beinhaltet folgendes:<\/p>\n\n\n\n<ul class=\"wp-block-list\">\n<li>Anlieferung, aufstellen und einrichten der jeweiligen Fotobox am Veranstaltungsort<\/li>\n\n\n\n<li>Abbau und Abholung der Fotobox nach Deinem Event vom Veranstaltungsort<\/li>\n\n\n\n<li>Fullservice ist nur nach Absprache (Planung) und innerhalb 25km Umkreis von 09648 Mittweida m\u00f6glich<\/li>\n<\/ul>\n\n\n\n<p>Und so gehts:<\/p>\n\n\n\n<ul class=\"wp-block-list\">\n<li>Du buchst \u00fcber unser <a href=\"https:\/\/spassfoto.de\/index.php\/buchung\/\">Buchungsformular<\/a> den Service und die f\u00fcr Dich <a href=\"https:\/\/spassfoto.de\/index.php\/eventartikel\/\">passende Fotobox<\/a><\/li>\n\n\n\n<li>Nennst uns im Formular das Veranstaltungsdatum und den Veranstaltungsort (Umkreis Mittweida 25km)<\/li>\n\n\n\n<li>Du sendest das ausgef\u00fcllte Formular an uns<\/li>\n\n\n\n<li>wir pr\u00fcfen, ob die Fotobox an dem gew\u00fcnschten Datum noch verf\u00fcgbar ist<\/li>\n\n\n\n<li>wenn ja, dann erh\u00e4ltst Du von uns die Best\u00e4tigung, die Rechnung und die Bezahlinformationen f\u00fcr die Reservierung Deiner Box zum gew\u00fcnschten Datum (30% Anzahlung)<\/li>\n\n\n\n<li>der restliche Betrag wird am Tag der Feier vorab f\u00e4llig (bar)<\/li>\n\n\n\n<li>Der Veranstaltungsort muss mit dem Fahrzeug f\u00fcr die Anlieferung gut erreichbar sein<\/li>\n\n\n\n<li>Die Uhrzeit der Anlieferung und der Abholung wird gemeinsam vereinbart<\/li>\n<\/ul>\n\n\n\n<p class=\"has-vivid-red-color has-text-color has-large-font-size\"><strong><em>nur 159.00 \u20ac<\/em><\/strong> <\/p>\n\n\n\n<p><\/p>\n\n\n\n<div class=\"wp-block-buttons is-layout-flex wp-block-buttons-is-layout-flex\">\n<div class=\"wp-block-button is-style-fill\"><a class=\"wp-block-button__link has-white-color has-vivid-red-background-color has-text-color has-background has-small-font-size has-custom-font-size wp-element-button\" href=\"https:\/\/spassfoto.de\/index.php\/buchung\/\" style=\"border-radius:22px\">jetzt reservieren<\/a><\/div>\n<\/div>\n\n\n\n<div class=\"wp-block-columns is-layout-flex wp-container-core-columns-is-layout-9d6595d7 wp-block-columns-is-layout-flex\">\n<div class=\"wp-block-column is-layout-flow wp-block-column-is-layout-flow\"><\/div>\n<\/div>\n\n\n\n<p>Werde auch Du ein zufriedener Kunde von spassfoto.de und gestalte f\u00fcr Dich und Deine G\u00e4ste einen unvergesslichen Abend!<\/p>\n","protected":false},"excerpt":{"rendered":"<p>Fullservice &#8211; unser Service, wenn Dir alles zuviel vor Deinem Event ist. Der Service beinhaltet folgendes: Und so gehts: nur 159.00 \u20ac Werde auch Du ein zufriedener Kunde von spassfoto.de und gestalte f\u00fcr Dich und Deine G\u00e4ste einen unvergesslichen Abend!<\/p>\n","protected":false},"author":3,"featured_media":0,"parent":0,"menu_order":0,"comment_status":"closed","ping_status":"closed","template":"","meta":{"_monsterinsights_skip_tracking":false,"_monsterinsights_sitenote_active":false,"_monsterinsights_sitenote_note":"","_monsterinsights_sitenote_category":0,"_uf_show_specific_survey":0,"_uf_disable_surveys":false,"footnotes":""},"class_list":["post-206","page","type-page","status-publish","hentry"],"yoast_head":"<!-- This site is optimized with the Yoast SEO plugin v27.3 - https:\/\/yoast.com\/product\/yoast-seo-wordpress\/ -->\n<title>Fullservice - und spassfoto.de k\u00fcmmert sich um alles!<\/title>\n<meta name=\"description\" content=\"Fullservice von spassfoto.de beinhaltet f\u00fcr Dich den Transport, Aufbau und Abbau der jeweilig bestellten Fotobox- f\u00fcr eine stressfreie Party!\" \/>\n<meta name=\"robots\" content=\"index, follow, max-snippet:-1, max-image-preview:large, max-video-preview:-1\" \/>\n<link rel=\"canonical\" href=\"https:\/\/spassfoto.de\/index.php\/fullservice\/\" \/>\n<meta property=\"og:locale\" content=\"de_DE\" \/>\n<meta property=\"og:type\" content=\"article\" \/>\n<meta property=\"og:title\" content=\"Fullservice - und spassfoto.de k\u00fcmmert sich um alles!\" \/>\n<meta property=\"og:description\" content=\"Fullservice von spassfoto.de beinhaltet f\u00fcr Dich den Transport, Aufbau und Abbau der jeweilig bestellten Fotobox- f\u00fcr eine stressfreie Party!\" \/>\n<meta property=\"og:url\" content=\"https:\/\/spassfoto.de\/index.php\/fullservice\/\" \/>\n<meta property=\"og:site_name\" content=\"spassfoto.de\" \/>\n<meta property=\"article:publisher\" content=\"https:\/\/facebook.com\/spassfoto.de\" \/>\n<meta property=\"article:modified_time\" content=\"2025-09-05T14:01:27+00:00\" \/>\n<meta property=\"og:image\" content=\"https:\/\/spassfoto.de\/wp-content\/uploads\/2022\/02\/service.jpg\" \/>\n<meta name=\"twitter:card\" content=\"summary_large_image\" \/>\n<meta name=\"twitter:label1\" content=\"Gesch\u00e4tzte Lesezeit\" \/>\n\t<meta name=\"twitter:data1\" content=\"2\u00a0Minuten\" \/>\n<script type=\"application\/ld+json\" class=\"yoast-schema-graph\">{\"@context\":\"https:\\\/\\\/schema.org\",\"@graph\":[{\"@type\":\"WebPage\",\"@id\":\"https:\\\/\\\/spassfoto.de\\\/index.php\\\/fullservice\\\/\",\"url\":\"https:\\\/\\\/spassfoto.de\\\/index.php\\\/fullservice\\\/\",\"name\":\"Fullservice - und spassfoto.de k\u00fcmmert sich um alles!\",\"isPartOf\":{\"@id\":\"https:\\\/\\\/spassfoto.de\\\/#website\"},\"primaryImageOfPage\":{\"@id\":\"https:\\\/\\\/spassfoto.de\\\/index.php\\\/fullservice\\\/#primaryimage\"},\"image\":{\"@id\":\"https:\\\/\\\/spassfoto.de\\\/index.php\\\/fullservice\\\/#primaryimage\"},\"thumbnailUrl\":\"https:\\\/\\\/spassfoto.de\\\/wp-content\\\/uploads\\\/2022\\\/02\\\/service.jpg\",\"datePublished\":\"2022-01-17T15:01:41+00:00\",\"dateModified\":\"2025-09-05T14:01:27+00:00\",\"description\":\"Fullservice von spassfoto.de beinhaltet f\u00fcr Dich den Transport, Aufbau und Abbau der jeweilig bestellten Fotobox- f\u00fcr eine stressfreie Party!\",\"breadcrumb\":{\"@id\":\"https:\\\/\\\/spassfoto.de\\\/index.php\\\/fullservice\\\/#breadcrumb\"},\"inLanguage\":\"de\",\"potentialAction\":[{\"@type\":\"ReadAction\",\"target\":[\"https:\\\/\\\/spassfoto.de\\\/index.php\\\/fullservice\\\/\"]}]},{\"@type\":\"ImageObject\",\"inLanguage\":\"de\",\"@id\":\"https:\\\/\\\/spassfoto.de\\\/index.php\\\/fullservice\\\/#primaryimage\",\"url\":\"https:\\\/\\\/i0.wp.com\\\/spassfoto.de\\\/wp-content\\\/uploads\\\/2022\\\/02\\\/service.jpg?fit=331%2C254&ssl=1\",\"contentUrl\":\"https:\\\/\\\/i0.wp.com\\\/spassfoto.de\\\/wp-content\\\/uploads\\\/2022\\\/02\\\/service.jpg?fit=331%2C254&ssl=1\",\"width\":331,\"height\":254},{\"@type\":\"BreadcrumbList\",\"@id\":\"https:\\\/\\\/spassfoto.de\\\/index.php\\\/fullservice\\\/#breadcrumb\",\"itemListElement\":[{\"@type\":\"ListItem\",\"position\":1,\"name\":\"Startseite\",\"item\":\"https:\\\/\\\/spassfoto.de\\\/\"},{\"@type\":\"ListItem\",\"position\":2,\"name\":\"Fullservice\"}]},{\"@type\":\"WebSite\",\"@id\":\"https:\\\/\\\/spassfoto.de\\\/#website\",\"url\":\"https:\\\/\\\/spassfoto.de\\\/\",\"name\":\"spassfoto.de\",\"description\":\"Dein Fotobox-Verleih im Raum Mittweida\",\"publisher\":{\"@id\":\"https:\\\/\\\/spassfoto.de\\\/#organization\"},\"potentialAction\":[{\"@type\":\"SearchAction\",\"target\":{\"@type\":\"EntryPoint\",\"urlTemplate\":\"https:\\\/\\\/spassfoto.de\\\/?s={search_term_string}\"},\"query-input\":{\"@type\":\"PropertyValueSpecification\",\"valueRequired\":true,\"valueName\":\"search_term_string\"}}],\"inLanguage\":\"de\"},{\"@type\":\"Organization\",\"@id\":\"https:\\\/\\\/spassfoto.de\\\/#organization\",\"name\":\"spassfoto.de\",\"url\":\"https:\\\/\\\/spassfoto.de\\\/\",\"logo\":{\"@type\":\"ImageObject\",\"inLanguage\":\"de\",\"@id\":\"https:\\\/\\\/spassfoto.de\\\/#\\\/schema\\\/logo\\\/image\\\/\",\"url\":\"https:\\\/\\\/i0.wp.com\\\/spassfoto.de\\\/wp-content\\\/uploads\\\/2022\\\/01\\\/cropped-Instagram-Profile-Picture.jpg?fit=512%2C512&ssl=1\",\"contentUrl\":\"https:\\\/\\\/i0.wp.com\\\/spassfoto.de\\\/wp-content\\\/uploads\\\/2022\\\/01\\\/cropped-Instagram-Profile-Picture.jpg?fit=512%2C512&ssl=1\",\"width\":512,\"height\":512,\"caption\":\"spassfoto.de\"},\"image\":{\"@id\":\"https:\\\/\\\/spassfoto.de\\\/#\\\/schema\\\/logo\\\/image\\\/\"},\"sameAs\":[\"https:\\\/\\\/facebook.com\\\/spassfoto.de\",\"https:\\\/\\\/instagram.com\\\/spassfoto.de\"]}]}<\/script>\n<!-- \/ Yoast SEO plugin. -->","yoast_head_json":{"title":"Fullservice - und spassfoto.de k\u00fcmmert sich um alles!","description":"Fullservice von spassfoto.de beinhaltet f\u00fcr Dich den Transport, Aufbau und Abbau der jeweilig bestellten Fotobox- f\u00fcr eine stressfreie Party!","robots":{"index":"index","follow":"follow","max-snippet":"max-snippet:-1","max-image-preview":"max-image-preview:large","max-video-preview":"max-video-preview:-1"},"canonical":"https:\/\/spassfoto.de\/index.php\/fullservice\/","og_locale":"de_DE","og_type":"article","og_title":"Fullservice - und spassfoto.de k\u00fcmmert sich um alles!","og_description":"Fullservice von spassfoto.de beinhaltet f\u00fcr Dich den Transport, Aufbau und Abbau der jeweilig bestellten Fotobox- f\u00fcr eine stressfreie Party!","og_url":"https:\/\/spassfoto.de\/index.php\/fullservice\/","og_site_name":"spassfoto.de","article_publisher":"https:\/\/facebook.com\/spassfoto.de","article_modified_time":"2025-09-05T14:01:27+00:00","og_image":[{"url":"https:\/\/spassfoto.de\/wp-content\/uploads\/2022\/02\/service.jpg","type":"","width":"","height":""}],"twitter_card":"summary_large_image","twitter_misc":{"Gesch\u00e4tzte Lesezeit":"2\u00a0Minuten"},"schema":{"@context":"https:\/\/schema.org","@graph":[{"@type":"WebPage","@id":"https:\/\/spassfoto.de\/index.php\/fullservice\/","url":"https:\/\/spassfoto.de\/index.php\/fullservice\/","name":"Fullservice - und spassfoto.de k\u00fcmmert sich um alles!","isPartOf":{"@id":"https:\/\/spassfoto.de\/#website"},"primaryImageOfPage":{"@id":"https:\/\/spassfoto.de\/index.php\/fullservice\/#primaryimage"},"image":{"@id":"https:\/\/spassfoto.de\/index.php\/fullservice\/#primaryimage"},"thumbnailUrl":"https:\/\/spassfoto.de\/wp-content\/uploads\/2022\/02\/service.jpg","datePublished":"2022-01-17T15:01:41+00:00","dateModified":"2025-09-05T14:01:27+00:00","description":"Fullservice von spassfoto.de beinhaltet f\u00fcr Dich den Transport, Aufbau und Abbau der jeweilig bestellten Fotobox- f\u00fcr eine stressfreie Party!","breadcrumb":{"@id":"https:\/\/spassfoto.de\/index.php\/fullservice\/#breadcrumb"},"inLanguage":"de","potentialAction":[{"@type":"ReadAction","target":["https:\/\/spassfoto.de\/index.php\/fullservice\/"]}]},{"@type":"ImageObject","inLanguage":"de","@id":"https:\/\/spassfoto.de\/index.php\/fullservice\/#primaryimage","url":"https:\/\/i0.wp.com\/spassfoto.de\/wp-content\/uploads\/2022\/02\/service.jpg?fit=331%2C254&ssl=1","contentUrl":"https:\/\/i0.wp.com\/spassfoto.de\/wp-content\/uploads\/2022\/02\/service.jpg?fit=331%2C254&ssl=1","width":331,"height":254},{"@type":"BreadcrumbList","@id":"https:\/\/spassfoto.de\/index.php\/fullservice\/#breadcrumb","itemListElement":[{"@type":"ListItem","position":1,"name":"Startseite","item":"https:\/\/spassfoto.de\/"},{"@type":"ListItem","position":2,"name":"Fullservice"}]},{"@type":"WebSite","@id":"https:\/\/spassfoto.de\/#website","url":"https:\/\/spassfoto.de\/","name":"spassfoto.de","description":"Dein Fotobox-Verleih im Raum Mittweida","publisher":{"@id":"https:\/\/spassfoto.de\/#organization"},"potentialAction":[{"@type":"SearchAction","target":{"@type":"EntryPoint","urlTemplate":"https:\/\/spassfoto.de\/?s={search_term_string}"},"query-input":{"@type":"PropertyValueSpecification","valueRequired":true,"valueName":"search_term_string"}}],"inLanguage":"de"},{"@type":"Organization","@id":"https:\/\/spassfoto.de\/#organization","name":"spassfoto.de","url":"https:\/\/spassfoto.de\/","logo":{"@type":"ImageObject","inLanguage":"de","@id":"https:\/\/spassfoto.de\/#\/schema\/logo\/image\/","url":"https:\/\/i0.wp.com\/spassfoto.de\/wp-content\/uploads\/2022\/01\/cropped-Instagram-Profile-Picture.jpg?fit=512%2C512&ssl=1","contentUrl":"https:\/\/i0.wp.com\/spassfoto.de\/wp-content\/uploads\/2022\/01\/cropped-Instagram-Profile-Picture.jpg?fit=512%2C512&ssl=1","width":512,"height":512,"caption":"spassfoto.de"},"image":{"@id":"https:\/\/spassfoto.de\/#\/schema\/logo\/image\/"},"sameAs":["https:\/\/facebook.com\/spassfoto.de","https:\/\/instagram.com\/spassfoto.de"]}]}},"_links":{"self":[{"href":"https:\/\/spassfoto.de\/index.php\/wp-json\/wp\/v2\/pages\/206","targetHints":{"allow":["GET"]}}],"collection":[{"href":"https:\/\/spassfoto.de\/index.php\/wp-json\/wp\/v2\/pages"}],"about":[{"href":"https:\/\/spassfoto.de\/index.php\/wp-json\/wp\/v2\/types\/page"}],"author":[{"embeddable":true,"href":"https:\/\/spassfoto.de\/index.php\/wp-json\/wp\/v2\/users\/3"}],"replies":[{"embeddable":true,"href":"https:\/\/spassfoto.de\/index.php\/wp-json\/wp\/v2\/comments?post=206"}],"version-history":[{"count":12,"href":"https:\/\/spassfoto.de\/index.php\/wp-json\/wp\/v2\/pages\/206\/revisions"}],"predecessor-version":[{"id":1099,"href":"https:\/\/spassfoto.de\/index.php\/wp-json\/wp\/v2\/pages\/206\/revisions\/1099"}],"wp:attachment":[{"href":"https:\/\/spassfoto.de\/index.php\/wp-json\/wp\/v2\/media?parent=206"}],"curies":[{"name":"wp","href":"https:\/\/api.w.org\/{rel}","templated":true}]}}