{"id":244,"date":"2022-01-19T14:48:41","date_gmt":"2022-01-19T14:48:41","guid":{"rendered":"https:\/\/spassfoto.de\/?page_id=244"},"modified":"2022-02-02T08:30:25","modified_gmt":"2022-02-02T08:30:25","slug":"fotobox-gutschein","status":"publish","type":"page","link":"https:\/\/spassfoto.de\/index.php\/fotobox-gutschein\/","title":{"rendered":"Fotobox Gutschein"},"content":{"rendered":"\n<p><\/p>\n\n\n\n<p>Du suchst noch ein originelles Geschenk f\u00fcr einen Jubilar? Oder Du und Deine Freunde brauchen noch ein Geschenk f\u00fcr jemanden, der gro\u00df feiern will?  Der Fotobox Gutschein von spassfoto.de macht alle gl\u00fccklich!<\/p>\n\n\n\n<figure class=\"wp-block-image size-full\"><img data-recalc-dims=\"1\" fetchpriority=\"high\" decoding=\"async\" width=\"739\" height=\"457\" src=\"https:\/\/i0.wp.com\/spassfoto.de\/wp-content\/uploads\/2022\/01\/gutschein_1.jpg?resize=739%2C457&#038;ssl=1\" alt=\"Der Fotobox Gutschein von spassfoto.de - macht jeden Jubilar gl\u00fccklich!\" class=\"wp-image-396\" srcset=\"https:\/\/i0.wp.com\/spassfoto.de\/wp-content\/uploads\/2022\/01\/gutschein_1.jpg?w=739&amp;ssl=1 739w, https:\/\/i0.wp.com\/spassfoto.de\/wp-content\/uploads\/2022\/01\/gutschein_1.jpg?resize=600%2C371&amp;ssl=1 600w, https:\/\/i0.wp.com\/spassfoto.de\/wp-content\/uploads\/2022\/01\/gutschein_1.jpg?resize=300%2C186&amp;ssl=1 300w\" sizes=\"(max-width: 739px) 100vw, 739px\" \/><\/figure>\n\n\n\n<p>Dann schenke doch einfach den Eyecatcher f\u00fcr seine Party!<\/p>\n\n\n\n<p><\/p>\n\n\n\n<p>Daf\u00fcr bieten wir Dir\/Euch einen Fotobox Gutschein an! W\u00e4hle den passenden Betrag aus und sende uns die Daten des zu Beschenkenden zu. Um Dir einen \u00dcberblick \u00fcber unsere angebotenen Fotoboxen zu verschaffen, nutze unsere <a href=\"https:\/\/spassfoto.de\/index.php\/eventartikel\/\">Angebotsseite<\/a>.<\/p>\n\n\n\n<p>Wir empfehlen Dir zu einem Gutschein auch unsere <a href=\"https:\/\/spassfoto.de\/index.php\/fotobuch-selbst-kreieren-und-verschenken\/\">Fotobuch-Geschenkebox<\/a> mit zu bestellen. Damit hat der Jubilar eine bleibende Erinnerung an seinen gro\u00dfen Abend und Du machst ihn doppelt gl\u00fccklich!<\/p>\n\n\n\n<p>Wir erstellen den pers\u00f6nlichen Gutschein mit Deinem pers\u00f6nlichen Gru\u00df und schicken ihn dir umgehend per Post zu. Nat\u00fcrlich ist auch eine Abholung vor Ort m\u00f6glich.<\/p>\n\n\n\n<p>F\u00fclle einfach das folgende Formular aus und lehne Dich entspannt zur\u00fcck! Jemanden gl\u00fccklich zu machen, war noch nie so einfach!<\/p>\n\n\n\n<hr class=\"wp-block-separator\"\/>\n\n\n\n<div class=\"wpcf7 no-js\" id=\"wpcf7-f288-o1\" lang=\"de-DE\" dir=\"ltr\" data-wpcf7-id=\"288\">\n<div class=\"screen-reader-response\"><p role=\"status\" aria-live=\"polite\" aria-atomic=\"true\"><\/p> <ul><\/ul><\/div>\n<form action=\"\/index.php\/wp-json\/wp\/v2\/pages\/244#wpcf7-f288-o1\" method=\"post\" class=\"wpcf7-form init\" aria-label=\"Kontaktformular\" novalidate=\"novalidate\" data-status=\"init\">\n<fieldset class=\"hidden-fields-container\"><input type=\"hidden\" name=\"_wpcf7\" value=\"288\" \/><input type=\"hidden\" name=\"_wpcf7_version\" value=\"6.1.5\" \/><input type=\"hidden\" name=\"_wpcf7_locale\" value=\"de_DE\" \/><input type=\"hidden\" name=\"_wpcf7_unit_tag\" value=\"wpcf7-f288-o1\" \/><input type=\"hidden\" name=\"_wpcf7_container_post\" value=\"0\" \/><input type=\"hidden\" name=\"_wpcf7_posted_data_hash\" value=\"\" \/><input type=\"hidden\" name=\"_wpcf7_recaptcha_response\" value=\"\" \/>\n<\/fieldset>\n<p><label> Dein Name *<br \/>\n<span class=\"wpcf7-form-control-wrap\" data-name=\"your-name\"><input size=\"40\" maxlength=\"400\" class=\"wpcf7-form-control wpcf7-text wpcf7-validates-as-required\" aria-required=\"true\" aria-invalid=\"false\" value=\"\" type=\"text\" name=\"your-name\" \/><\/span> <\/label>\n<\/p>\n<p><label> Deine E-Mail-Adresse *<br \/>\n<span class=\"wpcf7-form-control-wrap\" data-name=\"your-email\"><input size=\"40\" maxlength=\"400\" class=\"wpcf7-form-control wpcf7-email wpcf7-validates-as-required wpcf7-text wpcf7-validates-as-email\" aria-required=\"true\" aria-invalid=\"false\" value=\"\" type=\"email\" name=\"your-email\" \/><\/span> <\/label>\n<\/p>\n<p><label> Deine Adresse * (wird f\u00fcr den Versand des Gutscheins ben\u00f6tigt)<br \/>\n<span class=\"wpcf7-form-control-wrap\" data-name=\"your-adresse\"><input size=\"40\" maxlength=\"400\" class=\"wpcf7-form-control wpcf7-text wpcf7-validates-as-required\" aria-required=\"true\" aria-invalid=\"false\" value=\"\" type=\"text\" name=\"your-adresse\" \/><\/span> <\/label>\n<\/p>\n<p><label> Der Name des Jubilars *<br \/>\n<span class=\"wpcf7-form-control-wrap\" data-name=\"gs-name\"><input size=\"40\" maxlength=\"400\" class=\"wpcf7-form-control wpcf7-text wpcf7-validates-as-required\" aria-required=\"true\" aria-invalid=\"false\" value=\"\" type=\"text\" name=\"gs-name\" \/><\/span> <\/label>\n<\/p>\n<p><label> Dein pers\u00f6nlicher Gru\u00df an den Jubilar (optional)<br \/>\n<span class=\"wpcf7-form-control-wrap\" data-name=\"gs-gruss\"><textarea cols=\"40\" rows=\"10\" maxlength=\"2000\" class=\"wpcf7-form-control wpcf7-textarea\" aria-invalid=\"false\" name=\"gs-gruss\"><\/textarea><\/span> <\/label>\n<\/p>\n<p><label> Bitte w\u00e4hle den gew\u00fcnschten Betrag aus *<br \/>\n<span class=\"wpcf7-form-control-wrap\" data-name=\"gs-betrag\"><select class=\"wpcf7-form-control wpcf7-select wpcf7-validates-as-required\" aria-required=\"true\" aria-invalid=\"false\" name=\"gs-betrag\"><option value=\"\">&#8211; Bitte ausw\u00e4hlen &#8211;<\/option><option value=\"25\">25<\/option><option value=\"29\">29<\/option><option value=\"59\">59<\/option><option value=\"75\">75<\/option><option value=\"100\">100<\/option><option value=\"125\">125<\/option><option value=\"150\">150<\/option><option value=\"175\">175<\/option><option value=\"199\">199<\/option><option value=\"200\">200<\/option><option value=\"225\">225<\/option><option value=\"249\">249<\/option><\/select><\/span><\/label>\n<\/p>\n<p><label> Datum der geplanten Feier * (wird f\u00fcr die Reservierung ben\u00f6tigt)<br \/>\n<span class=\"wpcf7-form-control-wrap\" data-name=\"gs-datum\"><input class=\"wpcf7-form-control wpcf7-date wpcf7-validates-as-required wpcf7-validates-as-date\" aria-required=\"true\" aria-invalid=\"false\" placeholder=\"\" value=\"\" type=\"date\" name=\"gs-datum\" \/><\/span> <\/label>\n<\/p>\n<p><label>Welchen Artikel m\u00f6chtest Du buchen?<\/label><br \/>\n<span class=\"wpcf7-form-control-wrap\" data-name=\"gs-artikel\"><span class=\"wpcf7-form-control wpcf7-checkbox wpcf7-validates-as-required\"><span class=\"wpcf7-list-item first\"><label><input type=\"checkbox\" name=\"gs-artikel[]\" value=\"Stand-Fotobox &gt;50 Personen 249.00 \u20ac\" \/><span class=\"wpcf7-list-item-label\">Stand-Fotobox &gt;50 Personen 249.00 \u20ac<\/span><\/label><\/span><span class=\"wpcf7-list-item\"><label><input type=\"checkbox\" name=\"gs-artikel[]\" value=\"mobile Fotobox bis 50 Personen 249.00 \u20ac\" \/><span class=\"wpcf7-list-item-label\">mobile Fotobox bis 50 Personen 249.00 \u20ac<\/span><\/label><\/span><span class=\"wpcf7-list-item\"><label><input type=\"checkbox\" name=\"gs-artikel[]\" value=\"All-in-One Fotobox bis 20 Personen 199.00 \u20ac\" \/><span class=\"wpcf7-list-item-label\">All-in-One Fotobox bis 20 Personen 199.00 \u20ac<\/span><\/label><\/span><span class=\"wpcf7-list-item last\"><label><input type=\"checkbox\" name=\"gs-artikel[]\" value=\"Soundbox 29.00 \u20ac\" \/><span class=\"wpcf7-list-item-label\">Soundbox 29.00 \u20ac<\/span><\/label><\/span><\/span><\/span>\n<\/p>\n<p><label>Unser Fotobuch f\u00fcr nur 17.99\u20ac gleich mitbestellen?<br \/>\n<span class=\"wpcf7-form-control-wrap\" data-name=\"gs-fotobuch\"><span class=\"wpcf7-form-control wpcf7-checkbox\"><span class=\"wpcf7-list-item first last\"><label><input type=\"checkbox\" name=\"gs-fotobuch[]\" value=\"ja\" \/><span class=\"wpcf7-list-item-label\">ja<\/span><\/label><\/span><\/span><\/span><\/label>\n<\/p>\n<p><input class=\"wpcf7-form-control wpcf7-submit has-spinner\" type=\"submit\" value=\"Senden\" \/>\n<\/p><p style=\"display: none !important;\" class=\"akismet-fields-container\" data-prefix=\"_wpcf7_ak_\"><label>&#916;<textarea name=\"_wpcf7_ak_hp_textarea\" cols=\"45\" rows=\"8\" maxlength=\"100\"><\/textarea><\/label><input type=\"hidden\" id=\"ak_js_1\" name=\"_wpcf7_ak_js\" value=\"178\"\/><script data-jetpack-boost=\"ignore\">document.getElementById( \"ak_js_1\" ).setAttribute( \"value\", ( new Date() ).getTime() );<\/script><\/p><div class=\"wpcf7-response-output\" aria-hidden=\"true\"><\/div>\n<\/form>\n<\/div>\n\n\n\n\n<div class=\"wp-block-columns is-layout-flex wp-container-core-columns-is-layout-9d6595d7 wp-block-columns-is-layout-flex\">\n<div class=\"wp-block-column is-layout-flow wp-block-column-is-layout-flow\"><\/div>\n<\/div>\n\n\n\n<p>Achtung: Nach Erhalt der Email pr\u00fcfen wir, ob der gew\u00fcnschte Artikel zu dem Termin verf\u00fcgbar ist. Sollte dies nicht der Fall sein, erh\u00e4ltst Du einen Alternativvorschlag. Bis dahin kommt noch kein Vertrag zustande! Erst wenn wir beide \u00fcberein gekommen sind, senden wir Dir eine Email mit den Zahlungsanweisungen (PayPal, Bank\u00fcberweisung oder bar)!<\/p>\n","protected":false},"excerpt":{"rendered":"<p>Du suchst noch ein originelles Geschenk f\u00fcr einen Jubilar? Oder Du und Deine Freunde brauchen noch ein Geschenk f\u00fcr jemanden, der gro\u00df feiern will? Der Fotobox Gutschein von spassfoto.de macht alle gl\u00fccklich! Dann schenke doch einfach den Eyecatcher f\u00fcr seine Party! Daf\u00fcr bieten wir Dir\/Euch einen Fotobox Gutschein an! W\u00e4hle den passenden Betrag aus und [&hellip;]<\/p>\n","protected":false},"author":3,"featured_media":0,"parent":0,"menu_order":0,"comment_status":"closed","ping_status":"closed","template":"","meta":{"_monsterinsights_skip_tracking":false,"_monsterinsights_sitenote_active":false,"_monsterinsights_sitenote_note":"","_monsterinsights_sitenote_category":0,"_uf_show_specific_survey":0,"_uf_disable_surveys":false,"footnotes":""},"class_list":["post-244","page","type-page","status-publish","hentry"],"yoast_head":"<!-- This site is optimized with the Yoast SEO plugin v27.3 - https:\/\/yoast.com\/product\/yoast-seo-wordpress\/ -->\n<title>Fotobox Gutschein von spassfoto.de - f\u00fcr eine Fotobox mieten<\/title>\n<meta name=\"description\" content=\"Fotobox Gutschein von spassfoto.de - damit kannst Du die Miete f\u00fcr eine Fotobox verschenken! Mach den Jubilar gl\u00fccklich!\" \/>\n<meta name=\"robots\" content=\"index, follow, max-snippet:-1, max-image-preview:large, max-video-preview:-1\" \/>\n<link rel=\"canonical\" href=\"https:\/\/spassfoto.de\/index.php\/fotobox-gutschein\/\" \/>\n<meta property=\"og:locale\" content=\"de_DE\" \/>\n<meta property=\"og:type\" content=\"article\" \/>\n<meta property=\"og:title\" content=\"Fotobox Gutschein von spassfoto.de - f\u00fcr eine Fotobox mieten\" \/>\n<meta property=\"og:description\" content=\"Fotobox Gutschein von spassfoto.de - damit kannst Du die Miete f\u00fcr eine Fotobox verschenken! Mach den Jubilar gl\u00fccklich!\" \/>\n<meta property=\"og:url\" content=\"https:\/\/spassfoto.de\/index.php\/fotobox-gutschein\/\" \/>\n<meta property=\"og:site_name\" content=\"spassfoto.de\" \/>\n<meta property=\"article:publisher\" content=\"https:\/\/facebook.com\/spassfoto.de\" \/>\n<meta property=\"article:modified_time\" content=\"2022-02-02T08:30:25+00:00\" \/>\n<meta property=\"og:image\" content=\"https:\/\/spassfoto.de\/wp-content\/uploads\/2022\/01\/gutschein_1.jpg\" \/>\n<meta name=\"twitter:card\" content=\"summary_large_image\" \/>\n<meta name=\"twitter:label1\" content=\"Gesch\u00e4tzte Lesezeit\" \/>\n\t<meta name=\"twitter:data1\" content=\"2\u00a0Minuten\" \/>\n<script type=\"application\/ld+json\" class=\"yoast-schema-graph\">{\"@context\":\"https:\\\/\\\/schema.org\",\"@graph\":[{\"@type\":\"WebPage\",\"@id\":\"https:\\\/\\\/spassfoto.de\\\/index.php\\\/fotobox-gutschein\\\/\",\"url\":\"https:\\\/\\\/spassfoto.de\\\/index.php\\\/fotobox-gutschein\\\/\",\"name\":\"Fotobox Gutschein von spassfoto.de - f\u00fcr eine Fotobox mieten\",\"isPartOf\":{\"@id\":\"https:\\\/\\\/spassfoto.de\\\/#website\"},\"primaryImageOfPage\":{\"@id\":\"https:\\\/\\\/spassfoto.de\\\/index.php\\\/fotobox-gutschein\\\/#primaryimage\"},\"image\":{\"@id\":\"https:\\\/\\\/spassfoto.de\\\/index.php\\\/fotobox-gutschein\\\/#primaryimage\"},\"thumbnailUrl\":\"https:\\\/\\\/spassfoto.de\\\/wp-content\\\/uploads\\\/2022\\\/01\\\/gutschein_1.jpg\",\"datePublished\":\"2022-01-19T14:48:41+00:00\",\"dateModified\":\"2022-02-02T08:30:25+00:00\",\"description\":\"Fotobox Gutschein von spassfoto.de - damit kannst Du die Miete f\u00fcr eine Fotobox verschenken! Mach den Jubilar gl\u00fccklich!\",\"breadcrumb\":{\"@id\":\"https:\\\/\\\/spassfoto.de\\\/index.php\\\/fotobox-gutschein\\\/#breadcrumb\"},\"inLanguage\":\"de\",\"potentialAction\":[{\"@type\":\"ReadAction\",\"target\":[\"https:\\\/\\\/spassfoto.de\\\/index.php\\\/fotobox-gutschein\\\/\"]}]},{\"@type\":\"ImageObject\",\"inLanguage\":\"de\",\"@id\":\"https:\\\/\\\/spassfoto.de\\\/index.php\\\/fotobox-gutschein\\\/#primaryimage\",\"url\":\"https:\\\/\\\/i0.wp.com\\\/spassfoto.de\\\/wp-content\\\/uploads\\\/2022\\\/01\\\/gutschein_1.jpg?fit=739%2C457&ssl=1\",\"contentUrl\":\"https:\\\/\\\/i0.wp.com\\\/spassfoto.de\\\/wp-content\\\/uploads\\\/2022\\\/01\\\/gutschein_1.jpg?fit=739%2C457&ssl=1\",\"width\":739,\"height\":457,\"caption\":\"Gutscheine\"},{\"@type\":\"BreadcrumbList\",\"@id\":\"https:\\\/\\\/spassfoto.de\\\/index.php\\\/fotobox-gutschein\\\/#breadcrumb\",\"itemListElement\":[{\"@type\":\"ListItem\",\"position\":1,\"name\":\"Startseite\",\"item\":\"https:\\\/\\\/spassfoto.de\\\/\"},{\"@type\":\"ListItem\",\"position\":2,\"name\":\"Fotobox Gutschein\"}]},{\"@type\":\"WebSite\",\"@id\":\"https:\\\/\\\/spassfoto.de\\\/#website\",\"url\":\"https:\\\/\\\/spassfoto.de\\\/\",\"name\":\"spassfoto.de\",\"description\":\"Dein Fotobox-Verleih im Raum Mittweida\",\"publisher\":{\"@id\":\"https:\\\/\\\/spassfoto.de\\\/#organization\"},\"potentialAction\":[{\"@type\":\"SearchAction\",\"target\":{\"@type\":\"EntryPoint\",\"urlTemplate\":\"https:\\\/\\\/spassfoto.de\\\/?s={search_term_string}\"},\"query-input\":{\"@type\":\"PropertyValueSpecification\",\"valueRequired\":true,\"valueName\":\"search_term_string\"}}],\"inLanguage\":\"de\"},{\"@type\":\"Organization\",\"@id\":\"https:\\\/\\\/spassfoto.de\\\/#organization\",\"name\":\"spassfoto.de\",\"url\":\"https:\\\/\\\/spassfoto.de\\\/\",\"logo\":{\"@type\":\"ImageObject\",\"inLanguage\":\"de\",\"@id\":\"https:\\\/\\\/spassfoto.de\\\/#\\\/schema\\\/logo\\\/image\\\/\",\"url\":\"https:\\\/\\\/i0.wp.com\\\/spassfoto.de\\\/wp-content\\\/uploads\\\/2022\\\/01\\\/cropped-Instagram-Profile-Picture.jpg?fit=512%2C512&ssl=1\",\"contentUrl\":\"https:\\\/\\\/i0.wp.com\\\/spassfoto.de\\\/wp-content\\\/uploads\\\/2022\\\/01\\\/cropped-Instagram-Profile-Picture.jpg?fit=512%2C512&ssl=1\",\"width\":512,\"height\":512,\"caption\":\"spassfoto.de\"},\"image\":{\"@id\":\"https:\\\/\\\/spassfoto.de\\\/#\\\/schema\\\/logo\\\/image\\\/\"},\"sameAs\":[\"https:\\\/\\\/facebook.com\\\/spassfoto.de\",\"https:\\\/\\\/instagram.com\\\/spassfoto.de\"]}]}<\/script>\n<!-- \/ Yoast SEO plugin. -->","yoast_head_json":{"title":"Fotobox Gutschein von spassfoto.de - f\u00fcr eine Fotobox mieten","description":"Fotobox Gutschein von spassfoto.de - damit kannst Du die Miete f\u00fcr eine Fotobox verschenken! Mach den Jubilar gl\u00fccklich!","robots":{"index":"index","follow":"follow","max-snippet":"max-snippet:-1","max-image-preview":"max-image-preview:large","max-video-preview":"max-video-preview:-1"},"canonical":"https:\/\/spassfoto.de\/index.php\/fotobox-gutschein\/","og_locale":"de_DE","og_type":"article","og_title":"Fotobox Gutschein von spassfoto.de - f\u00fcr eine Fotobox mieten","og_description":"Fotobox Gutschein von spassfoto.de - damit kannst Du die Miete f\u00fcr eine Fotobox verschenken! Mach den Jubilar gl\u00fccklich!","og_url":"https:\/\/spassfoto.de\/index.php\/fotobox-gutschein\/","og_site_name":"spassfoto.de","article_publisher":"https:\/\/facebook.com\/spassfoto.de","article_modified_time":"2022-02-02T08:30:25+00:00","og_image":[{"url":"https:\/\/spassfoto.de\/wp-content\/uploads\/2022\/01\/gutschein_1.jpg","type":"","width":"","height":""}],"twitter_card":"summary_large_image","twitter_misc":{"Gesch\u00e4tzte Lesezeit":"2\u00a0Minuten"},"schema":{"@context":"https:\/\/schema.org","@graph":[{"@type":"WebPage","@id":"https:\/\/spassfoto.de\/index.php\/fotobox-gutschein\/","url":"https:\/\/spassfoto.de\/index.php\/fotobox-gutschein\/","name":"Fotobox Gutschein von spassfoto.de - f\u00fcr eine Fotobox mieten","isPartOf":{"@id":"https:\/\/spassfoto.de\/#website"},"primaryImageOfPage":{"@id":"https:\/\/spassfoto.de\/index.php\/fotobox-gutschein\/#primaryimage"},"image":{"@id":"https:\/\/spassfoto.de\/index.php\/fotobox-gutschein\/#primaryimage"},"thumbnailUrl":"https:\/\/spassfoto.de\/wp-content\/uploads\/2022\/01\/gutschein_1.jpg","datePublished":"2022-01-19T14:48:41+00:00","dateModified":"2022-02-02T08:30:25+00:00","description":"Fotobox Gutschein von spassfoto.de - damit kannst Du die Miete f\u00fcr eine Fotobox verschenken! Mach den Jubilar gl\u00fccklich!","breadcrumb":{"@id":"https:\/\/spassfoto.de\/index.php\/fotobox-gutschein\/#breadcrumb"},"inLanguage":"de","potentialAction":[{"@type":"ReadAction","target":["https:\/\/spassfoto.de\/index.php\/fotobox-gutschein\/"]}]},{"@type":"ImageObject","inLanguage":"de","@id":"https:\/\/spassfoto.de\/index.php\/fotobox-gutschein\/#primaryimage","url":"https:\/\/i0.wp.com\/spassfoto.de\/wp-content\/uploads\/2022\/01\/gutschein_1.jpg?fit=739%2C457&ssl=1","contentUrl":"https:\/\/i0.wp.com\/spassfoto.de\/wp-content\/uploads\/2022\/01\/gutschein_1.jpg?fit=739%2C457&ssl=1","width":739,"height":457,"caption":"Gutscheine"},{"@type":"BreadcrumbList","@id":"https:\/\/spassfoto.de\/index.php\/fotobox-gutschein\/#breadcrumb","itemListElement":[{"@type":"ListItem","position":1,"name":"Startseite","item":"https:\/\/spassfoto.de\/"},{"@type":"ListItem","position":2,"name":"Fotobox Gutschein"}]},{"@type":"WebSite","@id":"https:\/\/spassfoto.de\/#website","url":"https:\/\/spassfoto.de\/","name":"spassfoto.de","description":"Dein Fotobox-Verleih im Raum Mittweida","publisher":{"@id":"https:\/\/spassfoto.de\/#organization"},"potentialAction":[{"@type":"SearchAction","target":{"@type":"EntryPoint","urlTemplate":"https:\/\/spassfoto.de\/?s={search_term_string}"},"query-input":{"@type":"PropertyValueSpecification","valueRequired":true,"valueName":"search_term_string"}}],"inLanguage":"de"},{"@type":"Organization","@id":"https:\/\/spassfoto.de\/#organization","name":"spassfoto.de","url":"https:\/\/spassfoto.de\/","logo":{"@type":"ImageObject","inLanguage":"de","@id":"https:\/\/spassfoto.de\/#\/schema\/logo\/image\/","url":"https:\/\/i0.wp.com\/spassfoto.de\/wp-content\/uploads\/2022\/01\/cropped-Instagram-Profile-Picture.jpg?fit=512%2C512&ssl=1","contentUrl":"https:\/\/i0.wp.com\/spassfoto.de\/wp-content\/uploads\/2022\/01\/cropped-Instagram-Profile-Picture.jpg?fit=512%2C512&ssl=1","width":512,"height":512,"caption":"spassfoto.de"},"image":{"@id":"https:\/\/spassfoto.de\/#\/schema\/logo\/image\/"},"sameAs":["https:\/\/facebook.com\/spassfoto.de","https:\/\/instagram.com\/spassfoto.de"]}]}},"_links":{"self":[{"href":"https:\/\/spassfoto.de\/index.php\/wp-json\/wp\/v2\/pages\/244","targetHints":{"allow":["GET"]}}],"collection":[{"href":"https:\/\/spassfoto.de\/index.php\/wp-json\/wp\/v2\/pages"}],"about":[{"href":"https:\/\/spassfoto.de\/index.php\/wp-json\/wp\/v2\/types\/page"}],"author":[{"embeddable":true,"href":"https:\/\/spassfoto.de\/index.php\/wp-json\/wp\/v2\/users\/3"}],"replies":[{"embeddable":true,"href":"https:\/\/spassfoto.de\/index.php\/wp-json\/wp\/v2\/comments?post=244"}],"version-history":[{"count":10,"href":"https:\/\/spassfoto.de\/index.php\/wp-json\/wp\/v2\/pages\/244\/revisions"}],"predecessor-version":[{"id":609,"href":"https:\/\/spassfoto.de\/index.php\/wp-json\/wp\/v2\/pages\/244\/revisions\/609"}],"wp:attachment":[{"href":"https:\/\/spassfoto.de\/index.php\/wp-json\/wp\/v2\/media?parent=244"}],"curies":[{"name":"wp","href":"https:\/\/api.w.org\/{rel}","templated":true}]}}