{"id":54,"date":"2016-05-10T03:48:21","date_gmt":"2016-05-10T03:48:21","guid":{"rendered":"https:\/\/spassfoto.de\/?page_id=2"},"modified":"2022-01-28T13:53:22","modified_gmt":"2022-01-28T13:53:22","slug":"fotobox-und-eventartikel","status":"publish","type":"page","link":"https:\/\/spassfoto.de\/index.php\/fotobox-und-eventartikel\/","title":{"rendered":"Deine Party soll zum Kracher werden?"},"content":{"rendered":"\n<h4 class=\"wp-block-heading\" id=\"wir-zaubern-aus-jeder-party-ein-event\"><strong>WIR ZAUBERN AUS JEDER PARTY EIN EVENT!<\/strong><\/h4>\n\n\n\n<h1 class=\"wp-block-heading\"><\/h1>\n\n\n\n<p><\/p>\n\n\n\n<p><\/p>\n\n\n\n<p>Du suchst f\u00fcr Deine Feier eine Attraktion, die der Anziehungspunkt der Festlichkeit sein soll? Dann bist Du auf spassfoto.de genau richtig! Wir vermieten Dir Fotoboxen, Soundboxen, H\u00fcpfburgen u.v.m. f\u00fcr Deine Party &#8211; hole Dir mit unseren Artikeln die gute Laune auf Deine Feier!<\/p>\n\n\n\n<p><strong>spassfoto.de ist Dein Fotoboxverleih und Eventausstatter im Raum Mittweida!<\/strong><br><\/p>\n\n\n\n<p>Egal ob Geburtstagsfeier, Hochzeitsfeier oder Dein Firmenevent \u2013 mit einer Fotobox von spassfoto.de ist der Erfolg und der Spass auf Deiner Feierlichkeit garantiert!<br><\/p>\n\n\n\n<p>Egal ob jung oder alt, unsere Fotobox ist der Anziehungspunkt f\u00fcr jeden!<br><\/p>\n\n\n\n<figure class=\"wp-block-gallery has-nested-images columns-default is-cropped wp-block-gallery-1 is-layout-flex wp-block-gallery-is-layout-flex\">\n<figure class=\"wp-block-image size-large is-style-default\"><img data-recalc-dims=\"1\" fetchpriority=\"high\" decoding=\"async\" width=\"1024\" height=\"706\" data-id=\"376\" src=\"https:\/\/i0.wp.com\/spassfoto.de\/wp-content\/uploads\/2022\/01\/20200109_200408_519_IMG_9952-scaled-e1642697714805-1024x706.jpg?resize=1024%2C706&#038;ssl=1\" alt=\"Junge Leute lieben es, vor der Fotobox zu posieren\" class=\"wp-image-376\" srcset=\"https:\/\/i0.wp.com\/spassfoto.de\/wp-content\/uploads\/2022\/01\/20200109_200408_519_IMG_9952-scaled-e1642697714805.jpg?resize=1024%2C706&amp;ssl=1 1024w, https:\/\/i0.wp.com\/spassfoto.de\/wp-content\/uploads\/2022\/01\/20200109_200408_519_IMG_9952-scaled-e1642697714805.jpg?resize=600%2C414&amp;ssl=1 600w, https:\/\/i0.wp.com\/spassfoto.de\/wp-content\/uploads\/2022\/01\/20200109_200408_519_IMG_9952-scaled-e1642697714805.jpg?resize=300%2C207&amp;ssl=1 300w, https:\/\/i0.wp.com\/spassfoto.de\/wp-content\/uploads\/2022\/01\/20200109_200408_519_IMG_9952-scaled-e1642697714805.jpg?resize=768%2C530&amp;ssl=1 768w, https:\/\/i0.wp.com\/spassfoto.de\/wp-content\/uploads\/2022\/01\/20200109_200408_519_IMG_9952-scaled-e1642697714805.jpg?resize=1536%2C1060&amp;ssl=1 1536w, https:\/\/i0.wp.com\/spassfoto.de\/wp-content\/uploads\/2022\/01\/20200109_200408_519_IMG_9952-scaled-e1642697714805.jpg?resize=2048%2C1413&amp;ssl=1 2048w, https:\/\/i0.wp.com\/spassfoto.de\/wp-content\/uploads\/2022\/01\/20200109_200408_519_IMG_9952-scaled-e1642697714805.jpg?w=2340&amp;ssl=1 2340w\" sizes=\"(max-width: 1024px) 100vw, 1024px\" \/><figcaption>Junge Leute lieben es, vor der Fotobox zu posieren<\/figcaption><\/figure>\n\n\n\n<figure class=\"wp-block-image size-large\"><img data-recalc-dims=\"1\" height=\"670\" width=\"1024\" decoding=\"async\" data-id=\"373\" src=\"https:\/\/i0.wp.com\/spassfoto.de\/wp-content\/uploads\/2022\/01\/20191225_184843_509_IMG_9712-scaled-e1642697689961-1024x670.jpg?resize=1024%2C670&#038;ssl=1\" alt=\"aber auch \u00e4ltere Menschen haben Spass!\n\" class=\"wp-image-373\"\/><figcaption>Aber auch \u00e4ltere Menschen haben vor der Fotobox ihren Spass<\/figcaption><\/figure>\n<\/figure>\n\n\n\n<div class=\"wp-block-columns is-layout-flex wp-container-core-columns-is-layout-9d6595d7 wp-block-columns-is-layout-flex\">\n<div class=\"wp-block-column is-layout-flow wp-block-column-is-layout-flow\" style=\"flex-basis:100%\">\n<figure class=\"wp-block-gallery has-nested-images columns-default is-cropped wp-block-gallery-2 is-layout-flex wp-block-gallery-is-layout-flex\">\n<figure class=\"wp-block-image size-large\"><img data-recalc-dims=\"1\" height=\"683\" width=\"1024\" decoding=\"async\" data-id=\"144\" src=\"https:\/\/i0.wp.com\/spassfoto.de\/wp-content\/uploads\/2022\/01\/20201010_233611_189_IMG_9848-1-1600x1067-1-1024x683.jpg?resize=1024%2C683&#038;ssl=1\" alt=\"Unsere Fotobox ist ein Anziehungspunkt auf jeder Party!\" class=\"wp-image-144\"\/><figcaption>Unsere Fotobox ist ein Anziehungspunkt auf jeder Party!<\/figcaption><\/figure>\n\n\n\n<figure class=\"wp-block-image size-large\"><img data-recalc-dims=\"1\" height=\"683\" width=\"1024\" decoding=\"async\" data-id=\"143\" src=\"https:\/\/i0.wp.com\/spassfoto.de\/wp-content\/uploads\/2022\/01\/20200109_194237_196-1600x1067-1-1024x683.jpg?resize=1024%2C683&#038;ssl=1\" alt=\"So k\u00f6nnte auch das Foto Deiner Party aussehen - eine bleibende Erinnerung\" class=\"wp-image-143\"\/><figcaption>So k\u00f6nnte auch das Foto Deiner Party aussehen &#8211; eine bleibende Erinnerung<\/figcaption><\/figure>\n<\/figure>\n<\/div>\n<\/div>\n\n\n\n<h2 class=\"wp-block-heading\"><\/h2>\n\n\n\n<p>Deine G\u00e4ste werden es lieben, den Moment der Geselligkeit auf einem Foto festzuhalten und kurze Zeit sp\u00e4ter in der Hand zu halten! Erh\u00f6he auch Du die Aktivit\u00e4t auf Deiner Party \u2013 tanzen oder schlechte Witze ist nicht alles!<br><\/p>\n\n\n\n<p>Fotoboxen aus unserem Verleih sind der Renner f\u00fcr Deine privaten Feierlichkeiten oder auf Deinem Firmenevent!<\/p>\n\n\n\n<h2 class=\"wp-block-heading\"><\/h2>\n\n\n\n<p class=\"has-vivid-red-color has-text-color has-medium-font-size\"><strong>GEBURTSTAGSFEIER \u2013 HOCHZEIT \u2013 SCHULANFANG \u2013 WEIHNACHTSFEIER \u2013 SILVESTERPARTY \u2013 FASCHING \u2013 JUNGGESELL*INNENABSCHIED \u2013 KLASSENTREFFEN \u2013 FIRMENJUBIL\u00c4UM <\/strong><\/p>\n\n\n\n<p><strong><em>Es gibt viele gute Gr\u00fcnde zu feiern, aber nur einen, seine Feier unvergesslich werden zu lassen! Mit einer Fotobox von spassfoto.de!<\/em><\/strong><\/p>\n\n\n\n<p><\/p>\n\n\n\n<h2 class=\"wp-block-heading\"><\/h2>\n\n\n\n<h2 class=\"wp-block-heading\"><\/h2>\n\n\n\n<p>spassfoto.de \u2013 ist auch Dein Fotoboxverleih!<\/p>\n\n\n\n<p>Gern stellen wir die Fotobox auf Deiner Feier auf, so dass Du dich um nichts k\u00fcmmern musst! Buche einfach unseren&nbsp;<a href=\"https:\/\/spassfoto.de\/index.php\/fullservice\/\">Fullservice<\/a>&nbsp;dazu. Das einzige was wir brauchen ist ein Stromanschluss und ein bisschen Platz (3x5m).<\/p>\n\n\n\n<p>Nat\u00fcrlich ist auch eine Selbstabholung mit Selbstaufbau m\u00f6glich. Unsere Mietdauer betr\u00e4gt immer 48 Stunden \u2013 also genug Zeit, um Deine Party in vollen Z\u00fcgen zu genie\u00dfen! Und wenn die Zeit doch knapp wird, kannst Du weitere 24 Stunden Mietdauer kosteng\u00fcnstig dazu buchen! Du siehst \u2013 eine Fotobox von spassfoto.de macht ganz einfach Spa\u00df!<\/p>\n\n\n\n<h4 class=\"wp-block-heading\" id=\"spassfoto-de-ist-dein-verleih-fur-fotoboxen-im-raum-mittweida\">SPASSFOTO.DE IST DEIN VERLEIH F\u00dcR FOTOBOXEN IM RAUM MITTWEIDA!<br><\/h4>\n\n\n\n<p>Unsere sehr g\u00fcnstigen&nbsp;<a href=\"http:\/\/eventartikel\">Preise<\/a>&nbsp;werden auch Dich \u00fcberzeugen! Schaue Dir in Ruhe die Fotos aus unseren&nbsp;<a href=\"https:\/\/spassfoto.de\/index.php\/fotoqualitaet\/\">Beitr\u00e4gen<\/a>&nbsp;an und gestalte f\u00fcr Deine G\u00e4ste die Feier unvergesslich! Gern beantworten wir Deine&nbsp;<a href=\"https:\/\/spassfoto.de\/index.php\/kontaktformular\/\">Fragen<\/a>! Oder schaue auch bei uns auf&nbsp;<a rel=\"noreferrer noopener\" href=\"https:\/\/www.facebook.com\/spassfoto.de\/\" target=\"_blank\">Facebook<\/a>&nbsp;und<a rel=\"noreferrer noopener\" href=\"https:\/\/www.instagram.com\/spassfoto.de\/\" target=\"_blank\">&nbsp;Instagram<\/a>&nbsp;vorbei!<\/p>\n","protected":false},"excerpt":{"rendered":"<p>WIR ZAUBERN AUS JEDER PARTY EIN EVENT! Du suchst f\u00fcr Deine Feier eine Attraktion, die der Anziehungspunkt der Festlichkeit sein soll? Dann bist Du auf spassfoto.de genau richtig! Wir vermieten Dir Fotoboxen, Soundboxen, H\u00fcpfburgen u.v.m. f\u00fcr Deine Party &#8211; hole Dir mit unseren Artikeln die gute Laune auf Deine Feier! spassfoto.de ist Dein Fotoboxverleih und [&hellip;]<\/p>\n","protected":false},"author":3,"featured_media":0,"parent":0,"menu_order":0,"comment_status":"closed","ping_status":"closed","template":"","meta":{"_monsterinsights_skip_tracking":false,"_monsterinsights_sitenote_active":false,"_monsterinsights_sitenote_note":"","_monsterinsights_sitenote_category":0,"_uf_show_specific_survey":0,"_uf_disable_surveys":false,"footnotes":""},"class_list":["post-54","page","type-page","status-publish","hentry"],"yoast_head":"<!-- This site is optimized with the Yoast SEO plugin v27.3 - https:\/\/yoast.com\/product\/yoast-seo-wordpress\/ -->\n<title>spassfoto.de - Dein Fotobox Verleih!<\/title>\n<meta name=\"description\" content=\"Eine Fotobox von spassfoto.de ist auf jeder Party der Eyecatcher! Die Fotobox zieht magisch alle in ihren Bann! spassfoto.de bringt Partylaune!\" \/>\n<meta name=\"robots\" content=\"index, follow, max-snippet:-1, max-image-preview:large, max-video-preview:-1, noarchive\" \/>\n<link rel=\"canonical\" href=\"https:\/\/spassfoto.de\/index.php\/fotobox-und-eventartikel\/\" \/>\n<meta property=\"og:locale\" content=\"de_DE\" \/>\n<meta property=\"og:type\" content=\"article\" \/>\n<meta property=\"og:title\" content=\"spassfoto.de - Dein Fotobox Verleih!\" \/>\n<meta property=\"og:description\" content=\"Eine Fotobox von spassfoto.de ist auf jeder Party der Eyecatcher! Die Fotobox zieht magisch alle in ihren Bann! spassfoto.de bringt Partylaune!\" \/>\n<meta property=\"og:url\" content=\"https:\/\/spassfoto.de\/index.php\/fotobox-und-eventartikel\/\" \/>\n<meta property=\"og:site_name\" content=\"spassfoto.de\" \/>\n<meta property=\"article:publisher\" content=\"https:\/\/facebook.com\/spassfoto.de\" \/>\n<meta property=\"article:modified_time\" content=\"2022-01-28T13:53:22+00:00\" \/>\n<meta property=\"og:image\" content=\"https:\/\/spassfoto.de\/wp-content\/uploads\/2022\/01\/20200109_200408_519_IMG_9952-scaled-e1642697714805-1024x706.jpg\" \/>\n<meta name=\"twitter:card\" content=\"summary_large_image\" \/>\n<meta name=\"twitter:label1\" content=\"Gesch\u00e4tzte Lesezeit\" \/>\n\t<meta name=\"twitter:data1\" content=\"3\u00a0Minuten\" \/>\n<script type=\"application\/ld+json\" class=\"yoast-schema-graph\">{\"@context\":\"https:\\\/\\\/schema.org\",\"@graph\":[{\"@type\":\"WebPage\",\"@id\":\"https:\\\/\\\/spassfoto.de\\\/index.php\\\/fotobox-und-eventartikel\\\/\",\"url\":\"https:\\\/\\\/spassfoto.de\\\/index.php\\\/fotobox-und-eventartikel\\\/\",\"name\":\"spassfoto.de - Dein Fotobox Verleih!\",\"isPartOf\":{\"@id\":\"https:\\\/\\\/spassfoto.de\\\/#website\"},\"primaryImageOfPage\":{\"@id\":\"https:\\\/\\\/spassfoto.de\\\/index.php\\\/fotobox-und-eventartikel\\\/#primaryimage\"},\"image\":{\"@id\":\"https:\\\/\\\/spassfoto.de\\\/index.php\\\/fotobox-und-eventartikel\\\/#primaryimage\"},\"thumbnailUrl\":\"https:\\\/\\\/spassfoto.de\\\/wp-content\\\/uploads\\\/2022\\\/01\\\/20200109_200408_519_IMG_9952-scaled-e1642697714805-1024x706.jpg\",\"datePublished\":\"2016-05-10T03:48:21+00:00\",\"dateModified\":\"2022-01-28T13:53:22+00:00\",\"description\":\"Eine Fotobox von spassfoto.de ist auf jeder Party der Eyecatcher! Die Fotobox zieht magisch alle in ihren Bann! spassfoto.de bringt Partylaune!\",\"breadcrumb\":{\"@id\":\"https:\\\/\\\/spassfoto.de\\\/index.php\\\/fotobox-und-eventartikel\\\/#breadcrumb\"},\"inLanguage\":\"de\",\"potentialAction\":[{\"@type\":\"ReadAction\",\"target\":[\"https:\\\/\\\/spassfoto.de\\\/index.php\\\/fotobox-und-eventartikel\\\/\"]}]},{\"@type\":\"ImageObject\",\"inLanguage\":\"de\",\"@id\":\"https:\\\/\\\/spassfoto.de\\\/index.php\\\/fotobox-und-eventartikel\\\/#primaryimage\",\"url\":\"https:\\\/\\\/i0.wp.com\\\/spassfoto.de\\\/wp-content\\\/uploads\\\/2022\\\/01\\\/20200109_200408_519_IMG_9952-scaled-e1642697714805.jpg?fit=2476%2C1708&ssl=1\",\"contentUrl\":\"https:\\\/\\\/i0.wp.com\\\/spassfoto.de\\\/wp-content\\\/uploads\\\/2022\\\/01\\\/20200109_200408_519_IMG_9952-scaled-e1642697714805.jpg?fit=2476%2C1708&ssl=1\",\"width\":2476,\"height\":1708},{\"@type\":\"BreadcrumbList\",\"@id\":\"https:\\\/\\\/spassfoto.de\\\/index.php\\\/fotobox-und-eventartikel\\\/#breadcrumb\",\"itemListElement\":[{\"@type\":\"ListItem\",\"position\":1,\"name\":\"Startseite\",\"item\":\"https:\\\/\\\/spassfoto.de\\\/\"},{\"@type\":\"ListItem\",\"position\":2,\"name\":\"Deine Party soll zum Kracher werden?\"}]},{\"@type\":\"WebSite\",\"@id\":\"https:\\\/\\\/spassfoto.de\\\/#website\",\"url\":\"https:\\\/\\\/spassfoto.de\\\/\",\"name\":\"spassfoto.de\",\"description\":\"Dein Fotobox-Verleih im Raum Mittweida\",\"publisher\":{\"@id\":\"https:\\\/\\\/spassfoto.de\\\/#organization\"},\"potentialAction\":[{\"@type\":\"SearchAction\",\"target\":{\"@type\":\"EntryPoint\",\"urlTemplate\":\"https:\\\/\\\/spassfoto.de\\\/?s={search_term_string}\"},\"query-input\":{\"@type\":\"PropertyValueSpecification\",\"valueRequired\":true,\"valueName\":\"search_term_string\"}}],\"inLanguage\":\"de\"},{\"@type\":\"Organization\",\"@id\":\"https:\\\/\\\/spassfoto.de\\\/#organization\",\"name\":\"spassfoto.de\",\"url\":\"https:\\\/\\\/spassfoto.de\\\/\",\"logo\":{\"@type\":\"ImageObject\",\"inLanguage\":\"de\",\"@id\":\"https:\\\/\\\/spassfoto.de\\\/#\\\/schema\\\/logo\\\/image\\\/\",\"url\":\"https:\\\/\\\/i0.wp.com\\\/spassfoto.de\\\/wp-content\\\/uploads\\\/2022\\\/01\\\/cropped-Instagram-Profile-Picture.jpg?fit=512%2C512&ssl=1\",\"contentUrl\":\"https:\\\/\\\/i0.wp.com\\\/spassfoto.de\\\/wp-content\\\/uploads\\\/2022\\\/01\\\/cropped-Instagram-Profile-Picture.jpg?fit=512%2C512&ssl=1\",\"width\":512,\"height\":512,\"caption\":\"spassfoto.de\"},\"image\":{\"@id\":\"https:\\\/\\\/spassfoto.de\\\/#\\\/schema\\\/logo\\\/image\\\/\"},\"sameAs\":[\"https:\\\/\\\/facebook.com\\\/spassfoto.de\",\"https:\\\/\\\/instagram.com\\\/spassfoto.de\"]}]}<\/script>\n<!-- \/ Yoast SEO plugin. -->","yoast_head_json":{"title":"spassfoto.de - Dein Fotobox Verleih!","description":"Eine Fotobox von spassfoto.de ist auf jeder Party der Eyecatcher! Die Fotobox zieht magisch alle in ihren Bann! spassfoto.de bringt Partylaune!","robots":{"index":"index","follow":"follow","max-snippet":"max-snippet:-1","max-image-preview":"max-image-preview:large","max-video-preview":"max-video-preview:-1","archive":"noarchive"},"canonical":"https:\/\/spassfoto.de\/index.php\/fotobox-und-eventartikel\/","og_locale":"de_DE","og_type":"article","og_title":"spassfoto.de - Dein Fotobox Verleih!","og_description":"Eine Fotobox von spassfoto.de ist auf jeder Party der Eyecatcher! Die Fotobox zieht magisch alle in ihren Bann! spassfoto.de bringt Partylaune!","og_url":"https:\/\/spassfoto.de\/index.php\/fotobox-und-eventartikel\/","og_site_name":"spassfoto.de","article_publisher":"https:\/\/facebook.com\/spassfoto.de","article_modified_time":"2022-01-28T13:53:22+00:00","og_image":[{"url":"https:\/\/spassfoto.de\/wp-content\/uploads\/2022\/01\/20200109_200408_519_IMG_9952-scaled-e1642697714805-1024x706.jpg","type":"","width":"","height":""}],"twitter_card":"summary_large_image","twitter_misc":{"Gesch\u00e4tzte Lesezeit":"3\u00a0Minuten"},"schema":{"@context":"https:\/\/schema.org","@graph":[{"@type":"WebPage","@id":"https:\/\/spassfoto.de\/index.php\/fotobox-und-eventartikel\/","url":"https:\/\/spassfoto.de\/index.php\/fotobox-und-eventartikel\/","name":"spassfoto.de - Dein Fotobox Verleih!","isPartOf":{"@id":"https:\/\/spassfoto.de\/#website"},"primaryImageOfPage":{"@id":"https:\/\/spassfoto.de\/index.php\/fotobox-und-eventartikel\/#primaryimage"},"image":{"@id":"https:\/\/spassfoto.de\/index.php\/fotobox-und-eventartikel\/#primaryimage"},"thumbnailUrl":"https:\/\/spassfoto.de\/wp-content\/uploads\/2022\/01\/20200109_200408_519_IMG_9952-scaled-e1642697714805-1024x706.jpg","datePublished":"2016-05-10T03:48:21+00:00","dateModified":"2022-01-28T13:53:22+00:00","description":"Eine Fotobox von spassfoto.de ist auf jeder Party der Eyecatcher! Die Fotobox zieht magisch alle in ihren Bann! spassfoto.de bringt Partylaune!","breadcrumb":{"@id":"https:\/\/spassfoto.de\/index.php\/fotobox-und-eventartikel\/#breadcrumb"},"inLanguage":"de","potentialAction":[{"@type":"ReadAction","target":["https:\/\/spassfoto.de\/index.php\/fotobox-und-eventartikel\/"]}]},{"@type":"ImageObject","inLanguage":"de","@id":"https:\/\/spassfoto.de\/index.php\/fotobox-und-eventartikel\/#primaryimage","url":"https:\/\/i0.wp.com\/spassfoto.de\/wp-content\/uploads\/2022\/01\/20200109_200408_519_IMG_9952-scaled-e1642697714805.jpg?fit=2476%2C1708&ssl=1","contentUrl":"https:\/\/i0.wp.com\/spassfoto.de\/wp-content\/uploads\/2022\/01\/20200109_200408_519_IMG_9952-scaled-e1642697714805.jpg?fit=2476%2C1708&ssl=1","width":2476,"height":1708},{"@type":"BreadcrumbList","@id":"https:\/\/spassfoto.de\/index.php\/fotobox-und-eventartikel\/#breadcrumb","itemListElement":[{"@type":"ListItem","position":1,"name":"Startseite","item":"https:\/\/spassfoto.de\/"},{"@type":"ListItem","position":2,"name":"Deine Party soll zum Kracher werden?"}]},{"@type":"WebSite","@id":"https:\/\/spassfoto.de\/#website","url":"https:\/\/spassfoto.de\/","name":"spassfoto.de","description":"Dein Fotobox-Verleih im Raum Mittweida","publisher":{"@id":"https:\/\/spassfoto.de\/#organization"},"potentialAction":[{"@type":"SearchAction","target":{"@type":"EntryPoint","urlTemplate":"https:\/\/spassfoto.de\/?s={search_term_string}"},"query-input":{"@type":"PropertyValueSpecification","valueRequired":true,"valueName":"search_term_string"}}],"inLanguage":"de"},{"@type":"Organization","@id":"https:\/\/spassfoto.de\/#organization","name":"spassfoto.de","url":"https:\/\/spassfoto.de\/","logo":{"@type":"ImageObject","inLanguage":"de","@id":"https:\/\/spassfoto.de\/#\/schema\/logo\/image\/","url":"https:\/\/i0.wp.com\/spassfoto.de\/wp-content\/uploads\/2022\/01\/cropped-Instagram-Profile-Picture.jpg?fit=512%2C512&ssl=1","contentUrl":"https:\/\/i0.wp.com\/spassfoto.de\/wp-content\/uploads\/2022\/01\/cropped-Instagram-Profile-Picture.jpg?fit=512%2C512&ssl=1","width":512,"height":512,"caption":"spassfoto.de"},"image":{"@id":"https:\/\/spassfoto.de\/#\/schema\/logo\/image\/"},"sameAs":["https:\/\/facebook.com\/spassfoto.de","https:\/\/instagram.com\/spassfoto.de"]}]}},"_links":{"self":[{"href":"https:\/\/spassfoto.de\/index.php\/wp-json\/wp\/v2\/pages\/54","targetHints":{"allow":["GET"]}}],"collection":[{"href":"https:\/\/spassfoto.de\/index.php\/wp-json\/wp\/v2\/pages"}],"about":[{"href":"https:\/\/spassfoto.de\/index.php\/wp-json\/wp\/v2\/types\/page"}],"author":[{"embeddable":true,"href":"https:\/\/spassfoto.de\/index.php\/wp-json\/wp\/v2\/users\/3"}],"replies":[{"embeddable":true,"href":"https:\/\/spassfoto.de\/index.php\/wp-json\/wp\/v2\/comments?post=54"}],"version-history":[{"count":9,"href":"https:\/\/spassfoto.de\/index.php\/wp-json\/wp\/v2\/pages\/54\/revisions"}],"predecessor-version":[{"id":464,"href":"https:\/\/spassfoto.de\/index.php\/wp-json\/wp\/v2\/pages\/54\/revisions\/464"}],"wp:attachment":[{"href":"https:\/\/spassfoto.de\/index.php\/wp-json\/wp\/v2\/media?parent=54"}],"curies":[{"name":"wp","href":"https:\/\/api.w.org\/{rel}","templated":true}]}}