{"id":61,"date":"2022-01-15T14:04:32","date_gmt":"2022-01-15T14:04:32","guid":{"rendered":"https:\/\/spassfoto.de\/?page_id=47"},"modified":"2022-02-01T16:43:18","modified_gmt":"2022-02-01T16:43:18","slug":"agb","status":"publish","type":"page","link":"https:\/\/spassfoto.de\/index.php\/agb\/","title":{"rendered":"AGB"},"content":{"rendered":"\n<div class=\"wp-block-columns is-layout-flex wp-container-core-columns-is-layout-9d6595d7 wp-block-columns-is-layout-flex\">\n<div class=\"wp-block-column is-layout-flow wp-block-column-is-layout-flow\" style=\"flex-basis:80%\">\n<p>AGB (Allgemeine Gesch\u00e4ftsbedingungen) &#8211; auch spassfoto.de muss welche zugrunde legen!<\/p>\n<\/div>\n\n\n\n<div class=\"wp-block-column is-layout-flow wp-block-column-is-layout-flow\" style=\"flex-basis:20%\">\n<figure class=\"wp-block-image size-full\"><img data-recalc-dims=\"1\" fetchpriority=\"high\" decoding=\"async\" width=\"331\" height=\"254\" src=\"https:\/\/i0.wp.com\/spassfoto.de\/wp-content\/uploads\/2022\/02\/ds.jpg?resize=331%2C254&#038;ssl=1\" alt=\"AGB - auch wichtig!\" class=\"wp-image-569\" srcset=\"https:\/\/i0.wp.com\/spassfoto.de\/wp-content\/uploads\/2022\/02\/ds.jpg?w=331&amp;ssl=1 331w, https:\/\/i0.wp.com\/spassfoto.de\/wp-content\/uploads\/2022\/02\/ds.jpg?resize=300%2C230&amp;ssl=1 300w\" sizes=\"(max-width: 331px) 100vw, 331px\" \/><\/figure>\n<\/div>\n<\/div>\n\n\n\n<ol class=\"wp-block-list\"><li>Vertragspartner<\/li><\/ol>\n\n\n\n<p>Vertragspartner ist spassfoto.de Inh. Frank Haubold (im Folgenden Vermieter genannt)<\/p>\n\n\n\n<ol class=\"wp-block-list\" start=\"2\"><li>Allgemeiner Geltungsbereich, Art der Vertr\u00e4ge<\/li><\/ol>\n\n\n\n<p>Gegenstand des Vertrages ist die \u00dcberlassung unserer Fotobox f\u00fcr den vertraglich vereinbarten Zeitraum. \u00dcber die vertraglich vereinbarte Leistung hinaus wird keine weitere Leistung geschuldet. Diese allgemeinen Gesch\u00e4ftsbedingungen gelten mit der Beauftragung als vereinbart; abweichende Bedingungen des Kunden werden nicht anerkannt.<br>Verbraucher ist jede nat\u00fcrliche Person, die ein Rechtsgesch\u00e4ft zu Zwecken abschlie\u00dft, die \u00fcberwiegend weder ihrer gewerblichen noch ihrer selbst\u00e4ndigen beruflichen T\u00e4tigkeit zugerechnet werden k\u00f6nnen. Unternehmer ist eine nat\u00fcrliche oder juristische Person oder eine rechtsf\u00e4hige Personengesellschaft, die bei Abschluss eines Rechtsgesch\u00e4fts in Aus\u00fcbung ihrer gewerblichen oder selbst\u00e4ndigen beruflichen T\u00e4tigkeit handelt.<\/p>\n\n\n\n<ol class=\"wp-block-list\" start=\"3\"><li>Vertragspflichten des Mieters<\/li><\/ol>\n\n\n\n<p>Der sachgem\u00e4\u00dfe Umgang mit der Fotobox und Ausstattung durch den Mieter ist sicherzustellen. Dazu gibt es vor jeder Vermietung eine Einweisung durch den Vermieter.<\/p>\n\n\n\n<p>F\u00fcr den Aufbau der Box hat der Kunde eine Stellfl\u00e4che von 3,00m\u00d75,00 m und einen Stromanschluss auf seine Kosten zur Verf\u00fcgung zu stellen.<\/p>\n\n\n\n<p>Die Fotobox ist pfleglich zu behandeln. Alle Sch\u00e4den sind unverz\u00fcglich dem Vermieter mitteilen. Sch\u00e4den aufgrund unsachgem\u00e4\u00dfer Verwendung oder Transportsch\u00e4den bei Selbstabholung hat der Kunde zu ersetzen.<br>Die \u00fcberlassene Fotobox ist ausschlie\u00dflich nur f\u00fcr den trockenen Innenraum geeignet; Feuchtigkeit ist genauso zu vermeiden wie direkte Sonneneinstrahlung.<\/p>\n\n\n\n<p>Die Anbringung von Fremdmaterial am Eigentum vom Vermieter (insbesondere durch Beklebung) ist nicht gestattet. Eine Weitervermietung an Dritte ist ohne ausdr\u00fcckliche Zustimmung seitens des Vermieters generell untersagt.<\/p>\n\n\n\n<p>Der Mieter ist verpflichtet, bei Buchung des Full-Services eine korrekte Veranstaltungsadresse rechtzeitig an den Vermieter zu \u00fcbermitteln. Bei kurzfristigen Buchungen wird dem Kunden ein zumutbarer Zeitraum gew\u00e4hrt.<\/p>\n\n\n\n<p>Der Mieter hat sich bei Abholung\/\u00dcbernahme der Box auszuweisen, dies kann mit dem Personalausweis oder dem Reisepass erfolgen.<\/p>\n\n\n\n<p>Die Angebote sind freibleibend. \u00c4nderungen vorbehalten.<\/p>\n\n\n\n<ol class=\"wp-block-list\" start=\"4\"><li>Terminvereinbarung und Mietdauer<\/li><\/ol>\n\n\n\n<p>Wenn der Wunschtermin frei ist, erhalten Sie von uns eine Zusage (telefonisch oder per Email) und eine Rechnung (per Email). Mit Anzahlung von 50% ist der Termin fest gebucht und gesichert.<\/p>\n\n\n\n<p>Bei Zahlungsverzug behalten wir uns vor, die Box anderweitig zu vermieten und den Mietvertrag damit aufzul\u00f6sen. Terminverschiebungen durch den Kunden sind nur nach R\u00fccksprache und schriftlicher Erkl\u00e4rung m\u00f6glich.Wir behalten uns das Recht vor, einzelne Reservierungen in Ausnahmef\u00e4llen zu stornieren.<\/p>\n\n\n\n<p>Die Mietdauer (von Abholung durch den Mieter\/Aufbau durch den Vermieter bis R\u00fcckgabe durch den Mieter\/Abbau durch den Vermieter ) entspricht \u2013 sofern nicht anders vereinbart \u2013 48 Stunden.<\/p>\n\n\n\n<p>Versp\u00e4tete R\u00fcckgaben berechtigen den Vermieter zur Geltendmachung eines Pauschalschadenersatz in H\u00f6he von 89.00 \u20ac pro Tag, dem Kunden bleibt nachgelassen, einen geringeren Schaden nachzuweisen. Weitergehende Anspr\u00fcche bleiben vorbehalten.<\/p>\n\n\n\n<ol class=\"wp-block-list\" start=\"5\"><li>Preise, Zahlungsbedingungen<\/li><\/ol>\n\n\n\n<p>Der Mietpreis richtet sich nach dem vertraglich vereinbarten Ausstattungpaket und ist in den Unterlagen bindend aufgef\u00fchrt.<\/p>\n\n\n\n<p>Als Zahlungsweise dient die \u00dcberweisung\/PayPal\/bar.<\/p>\n\n\n\n<ol class=\"wp-block-list\" start=\"6\"><li>K\u00fcndigung\/Storno<\/li><\/ol>\n\n\n\n<p>Bei einem Storno durch den Kunden bis sp\u00e4testens 14 Tagen vor dem im Vertrag genannten Termin werden 50% der Anzahlung erstattet; ansonsten ist eine R\u00fcckerstattung nicht m\u00f6glich.<\/p>\n\n\n\n<p>Eine K\u00fcndigung aus wichtigem Grund ist immer zul\u00e4ssig. Wir sind berechtigt, einen Termin aus wichtigen Gr\u00fcnden abzusagen. Der Kunde wird hier\u00fcber umgehend vor Leistungsbeginn informiert. In diesem Fall wird eine Umbuchung auf einen Ersatztermin angeboten. Sofern dieses vom Kunden nicht angenommen wird, erh\u00e4lt dieser ein bereits gezahltes Entgelt zur\u00fcck.<\/p>\n\n\n\n<ol class=\"wp-block-list\" start=\"7\"><li>Verlust\/Besch\u00e4digung<\/li><\/ol>\n\n\n\n<p>F\u00fcr Verlust oder Besch\u00e4digung der Mietgegenst\u00e4nde innerhalb des Full-Services \u00fcbernimmt der Vermieter das volle Risiko.<\/p>\n\n\n\n<p>Folgende Sch\u00e4den m\u00fcssen in vollem Umfang vom Mieter getragen werden:<\/p>\n\n\n\n<ul class=\"wp-block-list\"><li>Sch\u00e4den, die durch Missachtung der Unterweisungs-, Nutzungs- und Sicherheitshinweise entstehen (grobe Fahrl\u00e4ssigkeit)<\/li><li>Diebstahl oder Verlust der Fotobox<\/li><li>Unauthorisierte Eingriffe in die oder Manipulation an der Fotobox<\/li><li>unsachgem\u00e4\u00dfe oder unzweckm\u00e4\u00dfige Verwendung<\/li><\/ul>\n\n\n\n<ol class=\"wp-block-list\"><li>Unvollst\u00e4ndige oder fehlende Leistungserbringung, Haftung<\/li><\/ol>\n\n\n\n<p>Im Falle unvollst\u00e4ndiger oder fehlender Leistungserbringung seitens des Vermieters (technische Fehlfunktion, o.\u00e4.) beschr\u00e4nkt sich die Haftungsverpflichtung maximal auf den belasteten Mietpreis.<br>Sollten aufgrund eines technischen Versagens des Druckers keine Fotos gedruckt werden k\u00f6nnen, beschr\u00e4nkt sich die Entsch\u00e4digung auf die kostenlose Nachsendung der aufgenommenen Fotos. Dar\u00fcber hinausgehende Anspr\u00fcche seitens des Mieters sind ausgeschlossen. Etwaige technische Fehlfunktionen sind innerhalb von 24h nach dem Miettag an anzuzeigen. Nach Ablauf der 24h k\u00f6nnen keine Anspr\u00fcche mehr geltend gemacht werden.<\/p>\n\n\n\n<p>Wir haften im Rahmen der \u00dcberlassung gegen\u00fcber den Kunden nur, soweit ein Schaden auf einer grob fahrl\u00e4ssigen oder vors\u00e4tzlichen Pflichtverletzung beruht. Die Haftung f\u00fcr einfache Fahrl\u00e4ssigkeit ist ausgeschlossen. Diese Haftungsbegrenzung gilt nicht bei einer Verletzung des Lebens, des K\u00f6rpers oder der Gesundheit eines Kunden. Wir haften f\u00fcr das Verschulden unserer Erf\u00fcllungsgehilfen ebenfalls nach der Ma\u00dfgabe der vorstehenden Regelung.<\/p>\n\n\n\n<p>Die Terminvergabe der Fotoboxen erfolgt mit gr\u00f6\u00dfter Sorgfalt. Sollte jedoch auf Grund von Umst\u00e4nden, die der Vermieter nicht zu vertreten hat (z.B. Verlust, Besch\u00e4digungen, technische Defekte usw.) eine Fotobox nicht verf\u00fcgbar sein k\u00f6nnen und\/oder es kann nicht zur gesamten Leistung kommen, kann keine Haftung f\u00fcr jegliche daraus resultierende Sch\u00e4den \u00fcbernommen werden.<\/p>\n\n\n\n<p>Nicht jugendfreie, gewaltverherrlichende Fotos sind strengstens untersagt. Das Pers\u00f6nlichkeitsrecht steht dem Abgebildeten zu. Jeder Kunde hat selbst Sorge f\u00fcr das Einverst\u00e4ndnis des Abgebildeten zu tragen; der Vermieter tr\u00e4gt auch keine Sorge f\u00fcr Urheber- und Nutzungsrechte; daf\u00fcr hat allein der Kunde Sorge zu tragen. Der Kunde nimmt unsere Leistungen grunds\u00e4tzlich auf eigene Gefahr in Anspruch und er \u00fcbernimmt f\u00fcr seine Handlungen innerhalb und au\u00dferhalb der gesamten Veranstaltung und in den von ihm zur Verf\u00fcgung gestellten Veranstaltungsr\u00e4umen selbst die Verantwortung.<\/p>\n\n\n\n<ol class=\"wp-block-list\" start=\"9\"><li>Eigentumsvorbehalt<\/li><\/ol>\n\n\n\n<p>Alle Mietgegenst\u00e4nde bleiben Eigentum des Vermieters. Das gilt insbesondere f\u00fcr nicht verwendetes Druckmaterial (Farbb\u00e4nder und Fotopapier), welches nach der Veranstaltung zusammen mit den anderen Gegenst\u00e4nden zur\u00fcckgegeben werden m\u00fcssen. Erst durch den vorgesehenen Ausdruck \u00fcber die Fotobox geht das bedruckte Material in das Eigentum des Mieters \u00fcber.<br>Der USB-Stick geht mit den Fotos der Veranstaltung in das Eigentum des Mieters \u00fcber. Urheber-, Bild- und Verwertungsrechte der Fotos gehen auf den Vermieter \u00fcber.<\/p>\n\n\n\n<ol class=\"wp-block-list\" start=\"10\"><li>Salvatorische Klausel<\/li><\/ol>\n\n\n\n<p>Falls einzelne Bestimmungen dieses Vertrages unwirksam sein sollten oder dieser Vertrag L\u00fccken enth\u00e4lt, wird die Wirksamkeit der \u00fcbrigen Bestimmungen nicht ber\u00fchrt.<\/p>\n\n\n\n<p>Anstelle der unwirksamen Bestimmung gilt diejenige wirksame Bestimmung als vereinbart, welche dem Sinn und Zweck der unwirksamen Bestimmung entspricht. Im Falle von L\u00fccken gilt diejenige Bestimmung als vereinbart, die dem entspricht, was nach Sinn und Zweck dieses Vertrages vereinbart werden sollte.<\/p>\n\n\n\n<p>\u00c4nderungen und Erg\u00e4nzungen geschlossener Vertr\u00e4ge bed\u00fcrfen der Schriftform. Dieses gilt auch f\u00fcr die Abbedingung der Schriftform. M\u00fcndliche Nebenabreden sind nicht getroffen. Werden m\u00fcndliche Nebenabreden getroffen, so sind diese nur g\u00fcltig, wenn sie von beiden Parteien schriftlich best\u00e4tigt sind.<\/p>\n\n\n\n<ol class=\"wp-block-list\" start=\"11\"><li>Widerrufsrecht<\/li><\/ol>\n\n\n\n<p>Sie k\u00f6nnen Ihre Vertragserkl\u00e4rung ohne Angabe von Gr\u00fcnden innerhalb von 14 Tagen beginnend ab Vertragsschluss schriftlich per Brief oder Email widerrufen. Zur Wahrung der Widerrufsfrist gen\u00fcgt die rechtzeitige Absendung des Widerrufs. Der Widerruf ist zu richten an: spassfoto.de Frank Haubold, Oststr. 41, 09648 Mittweida, Telefon: 0177-3202391, E-Mail: info@spassfoto.de<\/p>\n\n\n\n<p>Das Widerrufsrecht erlischt, wenn das Unternehmen die Dienstleistung vollst\u00e4ndig erbracht hat und mit der Ausf\u00fchrung der Dienstleistung erst begonnen hat, nachdem der Verbraucher dazu seine ausdr\u00fcckliche Zustimmung gegeben hat und gleichzeitig seine Kenntnis davon best\u00e4tigt hat, dass sie ihr Widerrufsrecht bei vollst\u00e4ndiger Vertragserf\u00fcllung durch den Unternehmer verlieren. Diese Zustimmung und Belehrung best\u00e4tigen sie mit Ihrer Unterschrift.<\/p>\n\n\n\n<p>Wenn Sie diesen Vertrag wirksam widerrufen, haben wir Ihnen alle Zahlungen, die wir von Ihnen erhalten haben, einschlie\u00dflich der Lieferkosten (Full-Service Vertrag, au\u00dfer, wir haben mit dem Aufbau der Box bereits begonnen), unverz\u00fcglich und sp\u00e4testens binnen vierzehn Tagen ab dem Tag zur\u00fcckzuzahlen, an dem die Mitteilung \u00fcber Ihren Widerruf dieses Vertrags bei uns eingegangen ist. F\u00fcr diese R\u00fcckzahlung verwenden wir dasselbe Zahlungsmittel, das Sie bei der urspr\u00fcnglichen Transaktion eingesetzt haben, es sei denn, mit Ihnen wurde ausdr\u00fccklich etwas anderes vereinbart; in keinem Fall werden Ihnen wegen dieser R\u00fcckzahlung Entgelte berechnet. Haben Sie verlangt, dass die Dienstleistungen w\u00e4hrend der Widerrufsfrist beginnen soll, so haben Sie uns einen angemessenen Betrag zu zahlen, der dem Anteil der bis zu dem Zeitpunkt, zu dem Sie uns von der Aus\u00fcbung des Widerrufsrechts hinsichtlich dieses Vertrags unterrichten, bereits erbrachten Dienstleistungen im Vergleich zum Gesamtumfang der im Vertrag vorgesehenen Dienstleistungen entspricht.<\/p>\n\n\n\n<p>Ausschluss des Widerrufsrechtes<\/p>\n\n\n\n<p>Das Widerrufsrecht besteht nicht bei Vertr\u00e4gen<\/p>\n\n\n\n<p>zur Lieferung von Waren, die nicht vorgefertigt sind und f\u00fcr deren Herstellung eine individuelle Auswahl oder Bestimmung durch den Verbraucher ma\u00dfgeblich ist oder die eindeutig auf die pers\u00f6nlichen Bed\u00fcrfnisse des Verbrauchers zugeschnitten sind, zur Lieferung von Waren, die schnell verderben k\u00f6nnen oder deren Verfallsdatum schnell \u00fcberschritten w\u00fcrde, zur Lieferung versiegelter Waren, die aus Gr\u00fcnden des Gesundheitsschutzes oder der Hygiene nicht zur R\u00fcckgabe geeignet sind, wenn ihre Versiegelung nach der Lieferung entfernt wurde, zur Lieferung von Waren, wenn diese nach der Lieferung auf Grund ihrer Beschaffenheit untrennbar mit anderen G\u00fctern vermischt wurden, zur Lieferung alkoholischer Getr\u00e4nke, deren Preis bei Vertragsschluss vereinbart wurde, die aber fr\u00fchestens 30 Tage nach Vertragsschluss geliefert werden k\u00f6nnen und deren aktueller Wert von Schwankungen auf dem Markt abh\u00e4ngt, auf die der Unternehmer keinen Einfluss hat, zur Lieferung von Ton- oder Videoaufnahmen oder Computersoftware in einer versiegelten Packung, wenn die Versiegelung nach der Lieferung entfernt wurde zur Lieferung von Zeitungen, Zeitschriften oder Illustrierten mit Ausnahme von Abonnement-Vertr\u00e4gen Ende der Widerrufsbelehrung<\/p>\n\n\n\n<p>Muster Widerrufsformular<\/p>\n\n\n\n<p>Wenn Sie den Vertrag widerrufen wollen, dann k\u00f6nnen Sie folgendes Formular benutzen. Dieses k\u00f6nnen Sie kopieren und in eine E-Mail oder sonstiges Dokument kopieren und an uns senden.<br>F\u00fcllen Sie dies bitte aus:<\/p>\n\n\n\n<p>Erkl\u00e4rung des Widerrufs<\/p>\n\n\n\n<p>An<\/p>\n\n\n\n<p>spassfoto.de<br>Frank Haubold<br>Oststr. 41<br>09648 Mittweida<\/p>\n\n\n\n<p>Telefon: 0177-3202391<br>E-Mail: info@spassfoto.de<\/p>\n\n\n\n<p>Hiermit widerrufe(n) ich\/wir den von mir\/uns abgeschlossenen Vertrag \u00fcber den Kauf der folgenden Waren \/ die Erbringung der folgenden Dienstleistung:<\/p>\n\n\n\n<p>(Bitte beschreiben Sie hier die Ware, geben ggf. Bestellnummer und den Preis an)<\/p>\n\n\n\n<p>Bestellt wurde zuvor genannte Ware am (Datum):<\/p>\n\n\n\n<p>Geliefert wurde zuvor genannte Ware wurde am (Datum):<\/p>\n\n\n\n<p>Ihre Daten<br>Vorname:<br>Nachname:<br>Anschrift:<\/p>\n\n\n\n<p>Datum (Des Widerrufs):<\/p>\n\n\n\n<p>Unterschrift Kunde<br>(nur bei schriftlichem Widerruf)<\/p>\n\n\n\n<p>Wertersatz bei Widerruf nach \u00dcberlassung.<\/p>\n\n\n\n<p>Sie m\u00fcssen f\u00fcr einen etwaigen Wertverlust der Waren aufkommen, wenn dieser Wertverlust auf einen zur Pr\u00fcfung der Beschaffenheit, Eigenschaften und Funktionsweise der Waren nicht notwendigen Umgang mit ihnen zur\u00fcckzuf\u00fchren ist.<\/p>\n\n\n\n<p>Die H\u00f6he des Wertersatzes ist in der Regel die vereinbarte Verg\u00fctung. Dem Nutzer bleibt es unbeschadet, einen geringeren Schaden nachzuweisen.<\/p>\n\n\n\n<ol class=\"wp-block-list\" start=\"12\"><li>Schlussvorschriften<\/li><\/ol>\n\n\n\n<p>Es gilt das Recht der Bundesrepublik Deutschland als vereinbart. Erf\u00fcllungsort und Gerichtsstand ist, wenn der Kunde Unternehmer ist, Mittweida.<\/p>\n\n\n\n<p>Diese AGB gelten ab dem 01.10.2020, alle fr\u00fcheren AGB verlieren ihre G\u00fcltigkeit.<br>spassfoto.de Frank Haubold, Oststra\u00dfe 41, 09648 Mittweida<\/p>\n","protected":false},"excerpt":{"rendered":"<p>AGB (Allgemeine Gesch\u00e4ftsbedingungen) &#8211; auch spassfoto.de muss welche zugrunde legen! Vertragspartner Vertragspartner ist spassfoto.de Inh. Frank Haubold (im Folgenden Vermieter genannt) Allgemeiner Geltungsbereich, Art der Vertr\u00e4ge Gegenstand des Vertrages ist die \u00dcberlassung unserer Fotobox f\u00fcr den vertraglich vereinbarten Zeitraum. \u00dcber die vertraglich vereinbarte Leistung hinaus wird keine weitere Leistung geschuldet. Diese allgemeinen Gesch\u00e4ftsbedingungen gelten mit [&hellip;]<\/p>\n","protected":false},"author":3,"featured_media":0,"parent":0,"menu_order":0,"comment_status":"closed","ping_status":"closed","template":"","meta":{"_monsterinsights_skip_tracking":false,"_monsterinsights_sitenote_active":false,"_monsterinsights_sitenote_note":"","_monsterinsights_sitenote_category":0,"_uf_show_specific_survey":0,"_uf_disable_surveys":false,"footnotes":""},"class_list":["post-61","page","type-page","status-publish","hentry"],"yoast_head":"<!-- This site is optimized with the Yoast SEO plugin v27.3 - https:\/\/yoast.com\/product\/yoast-seo-wordpress\/ -->\n<title>spassfoto.de - Unsere AGB (Allgemeine Gesch\u00e4ftsbedingungen)<\/title>\n<meta name=\"description\" content=\"Unsere AGB (Allgemeine Gesch\u00e4ftsbedingungen) liegen allen Vertr\u00e4gen auf spassfoto.de zugrunde\" \/>\n<meta name=\"robots\" content=\"index, follow, max-snippet:-1, max-image-preview:large, max-video-preview:-1\" \/>\n<link rel=\"canonical\" href=\"https:\/\/spassfoto.de\/index.php\/agb\/\" \/>\n<meta property=\"og:locale\" content=\"de_DE\" \/>\n<meta property=\"og:type\" content=\"article\" \/>\n<meta property=\"og:title\" content=\"spassfoto.de - Unsere AGB (Allgemeine Gesch\u00e4ftsbedingungen)\" \/>\n<meta property=\"og:description\" content=\"Unsere AGB (Allgemeine Gesch\u00e4ftsbedingungen) liegen allen Vertr\u00e4gen auf spassfoto.de zugrunde\" \/>\n<meta property=\"og:url\" content=\"https:\/\/spassfoto.de\/index.php\/agb\/\" \/>\n<meta property=\"og:site_name\" content=\"spassfoto.de\" \/>\n<meta property=\"article:publisher\" content=\"https:\/\/facebook.com\/spassfoto.de\" \/>\n<meta property=\"article:modified_time\" content=\"2022-02-01T16:43:18+00:00\" \/>\n<meta property=\"og:image\" content=\"https:\/\/spassfoto.de\/wp-content\/uploads\/2022\/02\/ds.jpg\" \/>\n<meta name=\"twitter:card\" content=\"summary_large_image\" \/>\n<meta name=\"twitter:label1\" content=\"Gesch\u00e4tzte Lesezeit\" \/>\n\t<meta name=\"twitter:data1\" content=\"10\u00a0Minuten\" \/>\n<script type=\"application\/ld+json\" class=\"yoast-schema-graph\">{\"@context\":\"https:\\\/\\\/schema.org\",\"@graph\":[{\"@type\":\"WebPage\",\"@id\":\"https:\\\/\\\/spassfoto.de\\\/index.php\\\/agb\\\/\",\"url\":\"https:\\\/\\\/spassfoto.de\\\/index.php\\\/agb\\\/\",\"name\":\"spassfoto.de - Unsere AGB (Allgemeine Gesch\u00e4ftsbedingungen)\",\"isPartOf\":{\"@id\":\"https:\\\/\\\/spassfoto.de\\\/#website\"},\"primaryImageOfPage\":{\"@id\":\"https:\\\/\\\/spassfoto.de\\\/index.php\\\/agb\\\/#primaryimage\"},\"image\":{\"@id\":\"https:\\\/\\\/spassfoto.de\\\/index.php\\\/agb\\\/#primaryimage\"},\"thumbnailUrl\":\"https:\\\/\\\/spassfoto.de\\\/wp-content\\\/uploads\\\/2022\\\/02\\\/ds.jpg\",\"datePublished\":\"2022-01-15T14:04:32+00:00\",\"dateModified\":\"2022-02-01T16:43:18+00:00\",\"description\":\"Unsere AGB (Allgemeine Gesch\u00e4ftsbedingungen) liegen allen Vertr\u00e4gen auf spassfoto.de zugrunde\",\"breadcrumb\":{\"@id\":\"https:\\\/\\\/spassfoto.de\\\/index.php\\\/agb\\\/#breadcrumb\"},\"inLanguage\":\"de\",\"potentialAction\":[{\"@type\":\"ReadAction\",\"target\":[\"https:\\\/\\\/spassfoto.de\\\/index.php\\\/agb\\\/\"]}]},{\"@type\":\"ImageObject\",\"inLanguage\":\"de\",\"@id\":\"https:\\\/\\\/spassfoto.de\\\/index.php\\\/agb\\\/#primaryimage\",\"url\":\"https:\\\/\\\/i0.wp.com\\\/spassfoto.de\\\/wp-content\\\/uploads\\\/2022\\\/02\\\/ds.jpg?fit=331%2C254&ssl=1\",\"contentUrl\":\"https:\\\/\\\/i0.wp.com\\\/spassfoto.de\\\/wp-content\\\/uploads\\\/2022\\\/02\\\/ds.jpg?fit=331%2C254&ssl=1\",\"width\":331,\"height\":254},{\"@type\":\"BreadcrumbList\",\"@id\":\"https:\\\/\\\/spassfoto.de\\\/index.php\\\/agb\\\/#breadcrumb\",\"itemListElement\":[{\"@type\":\"ListItem\",\"position\":1,\"name\":\"Startseite\",\"item\":\"https:\\\/\\\/spassfoto.de\\\/\"},{\"@type\":\"ListItem\",\"position\":2,\"name\":\"AGB\"}]},{\"@type\":\"WebSite\",\"@id\":\"https:\\\/\\\/spassfoto.de\\\/#website\",\"url\":\"https:\\\/\\\/spassfoto.de\\\/\",\"name\":\"spassfoto.de\",\"description\":\"Dein Fotobox-Verleih im Raum Mittweida\",\"publisher\":{\"@id\":\"https:\\\/\\\/spassfoto.de\\\/#organization\"},\"potentialAction\":[{\"@type\":\"SearchAction\",\"target\":{\"@type\":\"EntryPoint\",\"urlTemplate\":\"https:\\\/\\\/spassfoto.de\\\/?s={search_term_string}\"},\"query-input\":{\"@type\":\"PropertyValueSpecification\",\"valueRequired\":true,\"valueName\":\"search_term_string\"}}],\"inLanguage\":\"de\"},{\"@type\":\"Organization\",\"@id\":\"https:\\\/\\\/spassfoto.de\\\/#organization\",\"name\":\"spassfoto.de\",\"url\":\"https:\\\/\\\/spassfoto.de\\\/\",\"logo\":{\"@type\":\"ImageObject\",\"inLanguage\":\"de\",\"@id\":\"https:\\\/\\\/spassfoto.de\\\/#\\\/schema\\\/logo\\\/image\\\/\",\"url\":\"https:\\\/\\\/i0.wp.com\\\/spassfoto.de\\\/wp-content\\\/uploads\\\/2022\\\/01\\\/cropped-Instagram-Profile-Picture.jpg?fit=512%2C512&ssl=1\",\"contentUrl\":\"https:\\\/\\\/i0.wp.com\\\/spassfoto.de\\\/wp-content\\\/uploads\\\/2022\\\/01\\\/cropped-Instagram-Profile-Picture.jpg?fit=512%2C512&ssl=1\",\"width\":512,\"height\":512,\"caption\":\"spassfoto.de\"},\"image\":{\"@id\":\"https:\\\/\\\/spassfoto.de\\\/#\\\/schema\\\/logo\\\/image\\\/\"},\"sameAs\":[\"https:\\\/\\\/facebook.com\\\/spassfoto.de\",\"https:\\\/\\\/instagram.com\\\/spassfoto.de\"]}]}<\/script>\n<!-- \/ Yoast SEO plugin. -->","yoast_head_json":{"title":"spassfoto.de - Unsere AGB (Allgemeine Gesch\u00e4ftsbedingungen)","description":"Unsere AGB (Allgemeine Gesch\u00e4ftsbedingungen) liegen allen Vertr\u00e4gen auf spassfoto.de zugrunde","robots":{"index":"index","follow":"follow","max-snippet":"max-snippet:-1","max-image-preview":"max-image-preview:large","max-video-preview":"max-video-preview:-1"},"canonical":"https:\/\/spassfoto.de\/index.php\/agb\/","og_locale":"de_DE","og_type":"article","og_title":"spassfoto.de - Unsere AGB (Allgemeine Gesch\u00e4ftsbedingungen)","og_description":"Unsere AGB (Allgemeine Gesch\u00e4ftsbedingungen) liegen allen Vertr\u00e4gen auf spassfoto.de zugrunde","og_url":"https:\/\/spassfoto.de\/index.php\/agb\/","og_site_name":"spassfoto.de","article_publisher":"https:\/\/facebook.com\/spassfoto.de","article_modified_time":"2022-02-01T16:43:18+00:00","og_image":[{"url":"https:\/\/spassfoto.de\/wp-content\/uploads\/2022\/02\/ds.jpg","type":"","width":"","height":""}],"twitter_card":"summary_large_image","twitter_misc":{"Gesch\u00e4tzte Lesezeit":"10\u00a0Minuten"},"schema":{"@context":"https:\/\/schema.org","@graph":[{"@type":"WebPage","@id":"https:\/\/spassfoto.de\/index.php\/agb\/","url":"https:\/\/spassfoto.de\/index.php\/agb\/","name":"spassfoto.de - Unsere AGB (Allgemeine Gesch\u00e4ftsbedingungen)","isPartOf":{"@id":"https:\/\/spassfoto.de\/#website"},"primaryImageOfPage":{"@id":"https:\/\/spassfoto.de\/index.php\/agb\/#primaryimage"},"image":{"@id":"https:\/\/spassfoto.de\/index.php\/agb\/#primaryimage"},"thumbnailUrl":"https:\/\/spassfoto.de\/wp-content\/uploads\/2022\/02\/ds.jpg","datePublished":"2022-01-15T14:04:32+00:00","dateModified":"2022-02-01T16:43:18+00:00","description":"Unsere AGB (Allgemeine Gesch\u00e4ftsbedingungen) liegen allen Vertr\u00e4gen auf spassfoto.de zugrunde","breadcrumb":{"@id":"https:\/\/spassfoto.de\/index.php\/agb\/#breadcrumb"},"inLanguage":"de","potentialAction":[{"@type":"ReadAction","target":["https:\/\/spassfoto.de\/index.php\/agb\/"]}]},{"@type":"ImageObject","inLanguage":"de","@id":"https:\/\/spassfoto.de\/index.php\/agb\/#primaryimage","url":"https:\/\/i0.wp.com\/spassfoto.de\/wp-content\/uploads\/2022\/02\/ds.jpg?fit=331%2C254&ssl=1","contentUrl":"https:\/\/i0.wp.com\/spassfoto.de\/wp-content\/uploads\/2022\/02\/ds.jpg?fit=331%2C254&ssl=1","width":331,"height":254},{"@type":"BreadcrumbList","@id":"https:\/\/spassfoto.de\/index.php\/agb\/#breadcrumb","itemListElement":[{"@type":"ListItem","position":1,"name":"Startseite","item":"https:\/\/spassfoto.de\/"},{"@type":"ListItem","position":2,"name":"AGB"}]},{"@type":"WebSite","@id":"https:\/\/spassfoto.de\/#website","url":"https:\/\/spassfoto.de\/","name":"spassfoto.de","description":"Dein Fotobox-Verleih im Raum Mittweida","publisher":{"@id":"https:\/\/spassfoto.de\/#organization"},"potentialAction":[{"@type":"SearchAction","target":{"@type":"EntryPoint","urlTemplate":"https:\/\/spassfoto.de\/?s={search_term_string}"},"query-input":{"@type":"PropertyValueSpecification","valueRequired":true,"valueName":"search_term_string"}}],"inLanguage":"de"},{"@type":"Organization","@id":"https:\/\/spassfoto.de\/#organization","name":"spassfoto.de","url":"https:\/\/spassfoto.de\/","logo":{"@type":"ImageObject","inLanguage":"de","@id":"https:\/\/spassfoto.de\/#\/schema\/logo\/image\/","url":"https:\/\/i0.wp.com\/spassfoto.de\/wp-content\/uploads\/2022\/01\/cropped-Instagram-Profile-Picture.jpg?fit=512%2C512&ssl=1","contentUrl":"https:\/\/i0.wp.com\/spassfoto.de\/wp-content\/uploads\/2022\/01\/cropped-Instagram-Profile-Picture.jpg?fit=512%2C512&ssl=1","width":512,"height":512,"caption":"spassfoto.de"},"image":{"@id":"https:\/\/spassfoto.de\/#\/schema\/logo\/image\/"},"sameAs":["https:\/\/facebook.com\/spassfoto.de","https:\/\/instagram.com\/spassfoto.de"]}]}},"_links":{"self":[{"href":"https:\/\/spassfoto.de\/index.php\/wp-json\/wp\/v2\/pages\/61","targetHints":{"allow":["GET"]}}],"collection":[{"href":"https:\/\/spassfoto.de\/index.php\/wp-json\/wp\/v2\/pages"}],"about":[{"href":"https:\/\/spassfoto.de\/index.php\/wp-json\/wp\/v2\/types\/page"}],"author":[{"embeddable":true,"href":"https:\/\/spassfoto.de\/index.php\/wp-json\/wp\/v2\/users\/3"}],"replies":[{"embeddable":true,"href":"https:\/\/spassfoto.de\/index.php\/wp-json\/wp\/v2\/comments?post=61"}],"version-history":[{"count":2,"href":"https:\/\/spassfoto.de\/index.php\/wp-json\/wp\/v2\/pages\/61\/revisions"}],"predecessor-version":[{"id":573,"href":"https:\/\/spassfoto.de\/index.php\/wp-json\/wp\/v2\/pages\/61\/revisions\/573"}],"wp:attachment":[{"href":"https:\/\/spassfoto.de\/index.php\/wp-json\/wp\/v2\/media?parent=61"}],"curies":[{"name":"wp","href":"https:\/\/api.w.org\/{rel}","templated":true}]}}