{"id":684,"date":"2022-02-04T16:00:44","date_gmt":"2022-02-04T16:00:44","guid":{"rendered":"https:\/\/spassfoto.de\/?page_id=684"},"modified":"2025-09-05T14:04:02","modified_gmt":"2025-09-05T14:04:02","slug":"unsere-versand-fotobox","status":"publish","type":"page","link":"https:\/\/spassfoto.de\/index.php\/unsere-versand-fotobox\/","title":{"rendered":"Unsere Versand-Fotobox"},"content":{"rendered":"\n<p><\/p>\n\n\n\n<div class=\"wp-block-columns is-layout-flex wp-container-core-columns-is-layout-9d6595d7 wp-block-columns-is-layout-flex\">\n<div class=\"wp-block-column is-layout-flow wp-block-column-is-layout-flow\" style=\"flex-basis:80%\">\n<p>Ab sofort bieten wir Dir unsere Versand-Fotobox an! <\/p>\n\n\n\n<h2 class=\"wp-block-heading\" id=\"alles-inklusive\"><strong>Alles inklusive:<\/strong><\/h2>\n\n\n\n<ul class=\"wp-block-list\">\n<li>Foto- und Druckflatrate<\/li>\n\n\n\n<li>USB-Stick<\/li>\n\n\n\n<li>Online-Fotoalbum<\/li>\n\n\n\n<li>Fotodownload aufs Handy<\/li>\n\n\n\n<li>Dein individuelles Drucklayout<\/li>\n\n\n\n<li>grosses Requisitenpaket f\u00fcr viel Spa\u00df<\/li>\n\n\n\n<li>kostenloser Versand zu Dir und Abholung von Dir <\/li>\n<\/ul>\n<\/div>\n\n\n\n<div class=\"wp-block-column is-layout-flow wp-block-column-is-layout-flow\" style=\"flex-basis:20%\">\n<figure class=\"wp-block-image size-full is-resized\"><img data-recalc-dims=\"1\" decoding=\"async\" width=\"148\" height=\"110\" src=\"https:\/\/i0.wp.com\/spassfoto.de\/wp-content\/uploads\/2022\/02\/neu-2.png?resize=148%2C110&#038;ssl=1\" alt=\"Jetzt neu bei spassfoto.de! Die Versand-Fotobox f\u00fcr 248\u20ac inklusive Versand und Abholung!\" class=\"wp-image-687\" style=\"width:342px;height:235px\"\/><\/figure>\n<\/div>\n<\/div>\n\n\n\n<p>Unsere Versand-Fotobox braucht wenig Platz! Nur etwa einen qm\u00b2! <\/p>\n\n\n\n<h2 class=\"wp-block-heading\" id=\"ausstattung\"><strong>Ausstattung:<\/strong><\/h2>\n\n\n\n<ul class=\"wp-block-list\">\n<li>eingebauter sofort Bild da &#8211; Drucker <\/li>\n\n\n\n<li>einfacher Fernausl\u00f6ser (da bleibt genug Zeit zum umziehen)<\/li>\n\n\n\n<li>extra gro\u00dfer Live-View-Monitor<\/li>\n\n\n\n<li>Live-View-Kamera<\/li>\n\n\n\n<li>durchg\u00e4ngige Beleuchtung<\/li>\n<\/ul>\n\n\n\n<p><\/p>\n\n\n\n<h2 class=\"wp-block-heading\" id=\"buchung\"><strong>Buchung:<\/strong><\/h2>\n\n\n\n<p>Du f\u00fcllst einfach das Reservierungsformular aus und klickst auf senden. Wir erhalten Deine Anfrage, pr\u00fcfen ob wir zu Deinem Wunschtermin eine Box frei haben und reservieren diese f\u00fcr Dich. Du hast jetzt 14 Tage Zeit, die Reservierung in eine feste Buchung durch die \u00dcberweisung des Betrages zu wandeln. Erst mit Geldeingang ist die Box f\u00fcr Dich fest eingeplant!<\/p>\n\n\n\n<p>Wenn innerhalb der 14 Tage kein Geldeingang verzeichnet wird, wird Deine Box wieder freigegeben und Dir entstehen keinerlei Verpflichtungen.<\/p>\n\n\n\n<p>Wenn Deine Feier aus einem wichtigen Grund verschoben werden muss, geben wir Dir eine 100%ige Verschiebegarantie &#8211; solange die Box noch nicht im Versand zu Dir unterwegs ist.<\/p>\n\n\n\n<h2 class=\"wp-block-heading\" id=\"versand\"><strong>Versand:<\/strong> *<\/h2>\n\n\n\n<p>Du bestimmst, wohin die Box geliefert wird. Das kann Dein Zuhause sein, oder direkt die Location, wo Deine Veranstaltung stattfindet. Unsere Box wird immer ein zwei Tage vor Deinem Event zu Dir geliefert. Am n\u00e4chsten Werktag nach Deiner Feier wird die Box vom Kurier bei Dir oder einem Wunschort wieder abgeholt oder Du gibst sie an einer geeigneten Abgabestelle wieder ab.<\/p>\n\n\n\n<p>Damit kannst Du Dich auf das Wesentliche konzentrieren &#8211; auf Dein Event!<\/p>\n\n\n\n<h2 class=\"wp-block-heading\" id=\"aufbau\"><strong>Aufbau:<\/strong><\/h2>\n\n\n\n<p>Der Aufbau ist kinderleicht und innerhalb von 10 Minuten abgeschlossen. Einfach die Box auf das Stativ stellen, Stecker einstecken und schon kann es los gehen.<\/p>\n\n\n\n<h2 class=\"wp-block-heading\" id=\"abbau\"><strong>Abbau:<\/strong><\/h2>\n\n\n\n<p>Der Abbau der Box ist genauso kinderleicht und sogar verkatert zu schaffen \ud83d\ude09<\/p>\n\n\n\n<h2 class=\"wp-block-heading\" id=\"abholung\"><strong>Abholung:<\/strong> *<\/h2>\n\n\n\n<p>Die Abholung erfolgt am n\u00e4chsten Werktag nach Deiner Feier durch einen Kurier<\/p>\n\n\n\n<p class=\"has-small-font-size\">* Samstag, Sonntag und an Feiertagen erfolgt keine Anlieferung und keine Abholung!<\/p>\n\n\n\n<h2 class=\"wp-block-heading\"><strong>Preis:<\/strong><\/h2>\n\n\n\n<p class=\"has-black-color has-text-color\">Unsere Versand-Fotobox erh\u00e4ltst Du f\u00fcr einmalige <strong>299.00 \u20ac<\/strong> &#8211; ein Preis, alles drin.<\/p>\n\n\n\n<h2 class=\"wp-block-heading\"><\/h2>\n\n\n\n<p><strong>Sichere Dir jetzt die Fotobox f\u00fcr Deine Feier! <\/strong><\/p>\n\n\n\n<div class=\"wp-block-buttons is-layout-flex wp-block-buttons-is-layout-flex\">\n<div class=\"wp-block-button\"><a class=\"wp-block-button__link has-white-color has-text-color has-medium-font-size has-custom-font-size wp-element-button\" href=\"https:\/\/www.foboxy.de\/?fbxcoop=TD8L\" target=\"_blank\" rel=\"noreferrer noopener\"><strong>Jetzt unverbindlich unsere Versand-FotoBox r<\/strong>eservier<strong>en<\/strong><\/a><\/div>\n<\/div>\n\n\n\n<p><\/p>\n\n\n\n<p class=\"has-small-font-size\">Du wirst auf die Seite unseres Dienstleisters f\u00fcr die Versand-Fotobox geleitet und es \u00f6ffnet sich eine neue Seite. Dort hast Du die M\u00f6glichkeit, zu pr\u00fcfen, ob eine Box an Deinem Wunschtermin noch frei ist. Wir ben\u00f6tigen daf\u00fcr nur Deinen Vornamen und Deine Emailadresse. Alles weitere wird Dir auf der Seite erkl\u00e4rt. Ansprechpartner f\u00fcr Dich ist dann nur noch unser Dienstleister.<\/p>\n","protected":false},"excerpt":{"rendered":"<p>Ab sofort bieten wir Dir unsere Versand-Fotobox an! Alles inklusive: Unsere Versand-Fotobox braucht wenig Platz! Nur etwa einen qm\u00b2! Ausstattung: Buchung: Du f\u00fcllst einfach das Reservierungsformular aus und klickst auf senden. Wir erhalten Deine Anfrage, pr\u00fcfen ob wir zu Deinem Wunschtermin eine Box frei haben und reservieren diese f\u00fcr Dich. Du hast jetzt 14 Tage [&hellip;]<\/p>\n","protected":false},"author":1,"featured_media":0,"parent":0,"menu_order":0,"comment_status":"closed","ping_status":"closed","template":"","meta":{"_monsterinsights_skip_tracking":false,"_monsterinsights_sitenote_active":false,"_monsterinsights_sitenote_note":"","_monsterinsights_sitenote_category":0,"_uf_show_specific_survey":0,"_uf_disable_surveys":false,"footnotes":""},"class_list":["post-684","page","type-page","status-publish","hentry"],"yoast_head":"<!-- This site is optimized with the Yoast SEO plugin v27.5 - https:\/\/yoast.com\/product\/yoast-seo-wordpress\/ -->\n<title>Unsere Versand-Fotobox &#187; spassfoto.de<\/title>\n<meta name=\"description\" content=\"Versand-Fotobox f\u00fcr 248\u20ac - das gibt es nur bei spassfoto.de! Kostenfreier Versand und Abholung f\u00fcr Dich! Jetzt reservieren!\" \/>\n<meta name=\"robots\" content=\"index, follow, max-snippet:-1, max-image-preview:large, max-video-preview:-1\" \/>\n<link rel=\"canonical\" href=\"https:\/\/spassfoto.de\/index.php\/unsere-versand-fotobox\/\" \/>\n<meta property=\"og:locale\" content=\"de_DE\" \/>\n<meta property=\"og:type\" content=\"article\" \/>\n<meta property=\"og:title\" content=\"Unsere Versand-Fotobox &#187; spassfoto.de\" \/>\n<meta property=\"og:description\" content=\"Versand-Fotobox f\u00fcr 248\u20ac - das gibt es nur bei spassfoto.de! Kostenfreier Versand und Abholung f\u00fcr Dich! Jetzt reservieren!\" \/>\n<meta property=\"og:url\" content=\"https:\/\/spassfoto.de\/index.php\/unsere-versand-fotobox\/\" \/>\n<meta property=\"og:site_name\" content=\"spassfoto.de\" \/>\n<meta property=\"article:publisher\" content=\"https:\/\/facebook.com\/spassfoto.de\" \/>\n<meta property=\"article:modified_time\" content=\"2025-09-05T14:04:02+00:00\" \/>\n<meta property=\"og:image\" content=\"https:\/\/spassfoto.de\/wp-content\/uploads\/2022\/02\/neu-2.png\" \/>\n<meta name=\"twitter:card\" content=\"summary_large_image\" \/>\n<meta name=\"twitter:label1\" content=\"Gesch\u00e4tzte Lesezeit\" \/>\n\t<meta name=\"twitter:data1\" content=\"3\u00a0Minuten\" \/>\n<script type=\"application\/ld+json\" class=\"yoast-schema-graph\">{\"@context\":\"https:\\\/\\\/schema.org\",\"@graph\":[{\"@type\":\"WebPage\",\"@id\":\"https:\\\/\\\/spassfoto.de\\\/index.php\\\/unsere-versand-fotobox\\\/\",\"url\":\"https:\\\/\\\/spassfoto.de\\\/index.php\\\/unsere-versand-fotobox\\\/\",\"name\":\"Unsere Versand-Fotobox &#187; spassfoto.de\",\"isPartOf\":{\"@id\":\"https:\\\/\\\/spassfoto.de\\\/#website\"},\"primaryImageOfPage\":{\"@id\":\"https:\\\/\\\/spassfoto.de\\\/index.php\\\/unsere-versand-fotobox\\\/#primaryimage\"},\"image\":{\"@id\":\"https:\\\/\\\/spassfoto.de\\\/index.php\\\/unsere-versand-fotobox\\\/#primaryimage\"},\"thumbnailUrl\":\"https:\\\/\\\/spassfoto.de\\\/wp-content\\\/uploads\\\/2022\\\/02\\\/neu-2.png\",\"datePublished\":\"2022-02-04T16:00:44+00:00\",\"dateModified\":\"2025-09-05T14:04:02+00:00\",\"description\":\"Versand-Fotobox f\u00fcr 248\u20ac - das gibt es nur bei spassfoto.de! Kostenfreier Versand und Abholung f\u00fcr Dich! Jetzt reservieren!\",\"breadcrumb\":{\"@id\":\"https:\\\/\\\/spassfoto.de\\\/index.php\\\/unsere-versand-fotobox\\\/#breadcrumb\"},\"inLanguage\":\"de\",\"potentialAction\":[{\"@type\":\"ReadAction\",\"target\":[\"https:\\\/\\\/spassfoto.de\\\/index.php\\\/unsere-versand-fotobox\\\/\"]}]},{\"@type\":\"ImageObject\",\"inLanguage\":\"de\",\"@id\":\"https:\\\/\\\/spassfoto.de\\\/index.php\\\/unsere-versand-fotobox\\\/#primaryimage\",\"url\":\"https:\\\/\\\/i0.wp.com\\\/spassfoto.de\\\/wp-content\\\/uploads\\\/2022\\\/02\\\/neu-2.png?fit=148%2C110&ssl=1\",\"contentUrl\":\"https:\\\/\\\/i0.wp.com\\\/spassfoto.de\\\/wp-content\\\/uploads\\\/2022\\\/02\\\/neu-2.png?fit=148%2C110&ssl=1\",\"width\":148,\"height\":110},{\"@type\":\"BreadcrumbList\",\"@id\":\"https:\\\/\\\/spassfoto.de\\\/index.php\\\/unsere-versand-fotobox\\\/#breadcrumb\",\"itemListElement\":[{\"@type\":\"ListItem\",\"position\":1,\"name\":\"Startseite\",\"item\":\"https:\\\/\\\/spassfoto.de\\\/\"},{\"@type\":\"ListItem\",\"position\":2,\"name\":\"Unsere Versand-Fotobox\"}]},{\"@type\":\"WebSite\",\"@id\":\"https:\\\/\\\/spassfoto.de\\\/#website\",\"url\":\"https:\\\/\\\/spassfoto.de\\\/\",\"name\":\"spassfoto.de\",\"description\":\"Dein Fotobox-Verleih im Raum Mittweida\",\"publisher\":{\"@id\":\"https:\\\/\\\/spassfoto.de\\\/#organization\"},\"potentialAction\":[{\"@type\":\"SearchAction\",\"target\":{\"@type\":\"EntryPoint\",\"urlTemplate\":\"https:\\\/\\\/spassfoto.de\\\/?s={search_term_string}\"},\"query-input\":{\"@type\":\"PropertyValueSpecification\",\"valueRequired\":true,\"valueName\":\"search_term_string\"}}],\"inLanguage\":\"de\"},{\"@type\":\"Organization\",\"@id\":\"https:\\\/\\\/spassfoto.de\\\/#organization\",\"name\":\"spassfoto.de\",\"url\":\"https:\\\/\\\/spassfoto.de\\\/\",\"logo\":{\"@type\":\"ImageObject\",\"inLanguage\":\"de\",\"@id\":\"https:\\\/\\\/spassfoto.de\\\/#\\\/schema\\\/logo\\\/image\\\/\",\"url\":\"https:\\\/\\\/i0.wp.com\\\/spassfoto.de\\\/wp-content\\\/uploads\\\/2022\\\/01\\\/cropped-Instagram-Profile-Picture.jpg?fit=512%2C512&ssl=1\",\"contentUrl\":\"https:\\\/\\\/i0.wp.com\\\/spassfoto.de\\\/wp-content\\\/uploads\\\/2022\\\/01\\\/cropped-Instagram-Profile-Picture.jpg?fit=512%2C512&ssl=1\",\"width\":512,\"height\":512,\"caption\":\"spassfoto.de\"},\"image\":{\"@id\":\"https:\\\/\\\/spassfoto.de\\\/#\\\/schema\\\/logo\\\/image\\\/\"},\"sameAs\":[\"https:\\\/\\\/facebook.com\\\/spassfoto.de\",\"https:\\\/\\\/instagram.com\\\/spassfoto.de\"]}]}<\/script>\n<!-- \/ Yoast SEO plugin. -->","yoast_head_json":{"title":"Unsere Versand-Fotobox &#187; spassfoto.de","description":"Versand-Fotobox f\u00fcr 248\u20ac - das gibt es nur bei spassfoto.de! Kostenfreier Versand und Abholung f\u00fcr Dich! Jetzt reservieren!","robots":{"index":"index","follow":"follow","max-snippet":"max-snippet:-1","max-image-preview":"max-image-preview:large","max-video-preview":"max-video-preview:-1"},"canonical":"https:\/\/spassfoto.de\/index.php\/unsere-versand-fotobox\/","og_locale":"de_DE","og_type":"article","og_title":"Unsere Versand-Fotobox &#187; spassfoto.de","og_description":"Versand-Fotobox f\u00fcr 248\u20ac - das gibt es nur bei spassfoto.de! Kostenfreier Versand und Abholung f\u00fcr Dich! Jetzt reservieren!","og_url":"https:\/\/spassfoto.de\/index.php\/unsere-versand-fotobox\/","og_site_name":"spassfoto.de","article_publisher":"https:\/\/facebook.com\/spassfoto.de","article_modified_time":"2025-09-05T14:04:02+00:00","og_image":[{"url":"https:\/\/spassfoto.de\/wp-content\/uploads\/2022\/02\/neu-2.png","type":"","width":"","height":""}],"twitter_card":"summary_large_image","twitter_misc":{"Gesch\u00e4tzte Lesezeit":"3\u00a0Minuten"},"schema":{"@context":"https:\/\/schema.org","@graph":[{"@type":"WebPage","@id":"https:\/\/spassfoto.de\/index.php\/unsere-versand-fotobox\/","url":"https:\/\/spassfoto.de\/index.php\/unsere-versand-fotobox\/","name":"Unsere Versand-Fotobox &#187; spassfoto.de","isPartOf":{"@id":"https:\/\/spassfoto.de\/#website"},"primaryImageOfPage":{"@id":"https:\/\/spassfoto.de\/index.php\/unsere-versand-fotobox\/#primaryimage"},"image":{"@id":"https:\/\/spassfoto.de\/index.php\/unsere-versand-fotobox\/#primaryimage"},"thumbnailUrl":"https:\/\/spassfoto.de\/wp-content\/uploads\/2022\/02\/neu-2.png","datePublished":"2022-02-04T16:00:44+00:00","dateModified":"2025-09-05T14:04:02+00:00","description":"Versand-Fotobox f\u00fcr 248\u20ac - das gibt es nur bei spassfoto.de! Kostenfreier Versand und Abholung f\u00fcr Dich! Jetzt reservieren!","breadcrumb":{"@id":"https:\/\/spassfoto.de\/index.php\/unsere-versand-fotobox\/#breadcrumb"},"inLanguage":"de","potentialAction":[{"@type":"ReadAction","target":["https:\/\/spassfoto.de\/index.php\/unsere-versand-fotobox\/"]}]},{"@type":"ImageObject","inLanguage":"de","@id":"https:\/\/spassfoto.de\/index.php\/unsere-versand-fotobox\/#primaryimage","url":"https:\/\/i0.wp.com\/spassfoto.de\/wp-content\/uploads\/2022\/02\/neu-2.png?fit=148%2C110&ssl=1","contentUrl":"https:\/\/i0.wp.com\/spassfoto.de\/wp-content\/uploads\/2022\/02\/neu-2.png?fit=148%2C110&ssl=1","width":148,"height":110},{"@type":"BreadcrumbList","@id":"https:\/\/spassfoto.de\/index.php\/unsere-versand-fotobox\/#breadcrumb","itemListElement":[{"@type":"ListItem","position":1,"name":"Startseite","item":"https:\/\/spassfoto.de\/"},{"@type":"ListItem","position":2,"name":"Unsere Versand-Fotobox"}]},{"@type":"WebSite","@id":"https:\/\/spassfoto.de\/#website","url":"https:\/\/spassfoto.de\/","name":"spassfoto.de","description":"Dein Fotobox-Verleih im Raum Mittweida","publisher":{"@id":"https:\/\/spassfoto.de\/#organization"},"potentialAction":[{"@type":"SearchAction","target":{"@type":"EntryPoint","urlTemplate":"https:\/\/spassfoto.de\/?s={search_term_string}"},"query-input":{"@type":"PropertyValueSpecification","valueRequired":true,"valueName":"search_term_string"}}],"inLanguage":"de"},{"@type":"Organization","@id":"https:\/\/spassfoto.de\/#organization","name":"spassfoto.de","url":"https:\/\/spassfoto.de\/","logo":{"@type":"ImageObject","inLanguage":"de","@id":"https:\/\/spassfoto.de\/#\/schema\/logo\/image\/","url":"https:\/\/i0.wp.com\/spassfoto.de\/wp-content\/uploads\/2022\/01\/cropped-Instagram-Profile-Picture.jpg?fit=512%2C512&ssl=1","contentUrl":"https:\/\/i0.wp.com\/spassfoto.de\/wp-content\/uploads\/2022\/01\/cropped-Instagram-Profile-Picture.jpg?fit=512%2C512&ssl=1","width":512,"height":512,"caption":"spassfoto.de"},"image":{"@id":"https:\/\/spassfoto.de\/#\/schema\/logo\/image\/"},"sameAs":["https:\/\/facebook.com\/spassfoto.de","https:\/\/instagram.com\/spassfoto.de"]}]}},"_links":{"self":[{"href":"https:\/\/spassfoto.de\/index.php\/wp-json\/wp\/v2\/pages\/684","targetHints":{"allow":["GET"]}}],"collection":[{"href":"https:\/\/spassfoto.de\/index.php\/wp-json\/wp\/v2\/pages"}],"about":[{"href":"https:\/\/spassfoto.de\/index.php\/wp-json\/wp\/v2\/types\/page"}],"author":[{"embeddable":true,"href":"https:\/\/spassfoto.de\/index.php\/wp-json\/wp\/v2\/users\/1"}],"replies":[{"embeddable":true,"href":"https:\/\/spassfoto.de\/index.php\/wp-json\/wp\/v2\/comments?post=684"}],"version-history":[{"count":14,"href":"https:\/\/spassfoto.de\/index.php\/wp-json\/wp\/v2\/pages\/684\/revisions"}],"predecessor-version":[{"id":1106,"href":"https:\/\/spassfoto.de\/index.php\/wp-json\/wp\/v2\/pages\/684\/revisions\/1106"}],"wp:attachment":[{"href":"https:\/\/spassfoto.de\/index.php\/wp-json\/wp\/v2\/media?parent=684"}],"curies":[{"name":"wp","href":"https:\/\/api.w.org\/{rel}","templated":true}]}}