{"id":958,"date":"2025-04-01T11:24:35","date_gmt":"2025-04-01T11:24:35","guid":{"rendered":"https:\/\/spassfoto.de\/?page_id=958"},"modified":"2025-10-04T17:07:44","modified_gmt":"2025-10-04T17:07:44","slug":"aufbauanleitung-mobile-fotobox","status":"publish","type":"page","link":"https:\/\/spassfoto.de\/index.php\/aufbauanleitung-mobile-fotobox\/","title":{"rendered":"Aufbauanleitung mobile Fotobox"},"content":{"rendered":"\t\t<div data-elementor-type=\"wp-page\" data-elementor-id=\"958\" class=\"elementor elementor-958\">\n\t\t\t\t\t\t<section class=\"elementor-section elementor-top-section elementor-element elementor-element-065de25 elementor-section-boxed elementor-section-height-default elementor-section-height-default\" data-id=\"065de25\" data-element_type=\"section\" data-e-type=\"section\">\n\t\t\t\t\t\t<div class=\"elementor-container elementor-column-gap-default\">\n\t\t\t\t\t<div class=\"elementor-column elementor-col-100 elementor-top-column elementor-element elementor-element-fd1d42a\" data-id=\"fd1d42a\" data-element_type=\"column\" data-e-type=\"column\">\n\t\t\t<div class=\"elementor-widget-wrap elementor-element-populated\">\n\t\t\t\t\t\t<div class=\"elementor-element elementor-element-1919a70 elementor-widget elementor-widget-heading\" data-id=\"1919a70\" data-element_type=\"widget\" data-e-type=\"widget\" data-widget_type=\"heading.default\">\n\t\t\t\t<div class=\"elementor-widget-container\">\n\t\t\t\t\t<h2 class=\"elementor-heading-title elementor-size-default\">Aufbauanleitung mobile Fotobox<\/h2>\t\t\t\t<\/div>\n\t\t\t\t<\/div>\n\t\t\t\t\t<\/div>\n\t\t<\/div>\n\t\t\t\t\t<\/div>\n\t\t<\/section>\n\t\t\t\t<section class=\"elementor-section elementor-top-section elementor-element elementor-element-8430064 elementor-section-boxed elementor-section-height-default elementor-section-height-default\" data-id=\"8430064\" data-element_type=\"section\" data-e-type=\"section\">\n\t\t\t\t\t\t<div class=\"elementor-container elementor-column-gap-default\">\n\t\t\t\t\t<div class=\"elementor-column elementor-col-100 elementor-top-column elementor-element elementor-element-e9c255e\" data-id=\"e9c255e\" data-element_type=\"column\" data-e-type=\"column\">\n\t\t\t<div class=\"elementor-widget-wrap elementor-element-populated\">\n\t\t\t\t\t\t<div class=\"elementor-element elementor-element-aebdb40 elementor-widget elementor-widget-text-editor\" data-id=\"aebdb40\" data-element_type=\"widget\" data-e-type=\"widget\" data-widget_type=\"text-editor.default\">\n\t\t\t\t<div class=\"elementor-widget-container\">\n\t\t\t\t\t\t\t\t\t<p>Nehmen Sie das grosse Stativ und stellen es an die vorgesehene Position. Ziehen Sie nun die drei Beine des Statives etwas auseinander, so dass das Stativ sicher steht. Ziehen Sie nun die Schraube oberhalb des Dreibeins fest und stecken Sie den Splint in das dritte Loch von oben der Stativstange.<\/p>\t\t\t\t\t\t\t\t<\/div>\n\t\t\t\t<\/div>\n\t\t\t\t\t<\/div>\n\t\t<\/div>\n\t\t\t\t\t<\/div>\n\t\t<\/section>\n\t\t\t\t<section class=\"elementor-section elementor-top-section elementor-element elementor-element-2e1e726 elementor-section-boxed elementor-section-height-default elementor-section-height-default\" data-id=\"2e1e726\" data-element_type=\"section\" data-e-type=\"section\">\n\t\t\t\t\t\t<div class=\"elementor-container elementor-column-gap-default\">\n\t\t\t\t\t<div class=\"elementor-column elementor-col-100 elementor-top-column elementor-element elementor-element-b252529\" data-id=\"b252529\" data-element_type=\"column\" data-e-type=\"column\">\n\t\t\t<div class=\"elementor-widget-wrap elementor-element-populated\">\n\t\t\t\t\t\t<div class=\"elementor-element elementor-element-469e4fa elementor-widget elementor-widget-image\" data-id=\"469e4fa\" data-element_type=\"widget\" data-e-type=\"widget\" data-widget_type=\"image.default\">\n\t\t\t\t<div class=\"elementor-widget-container\">\n\t\t\t\t\t\t\t\t\t\t\t\t\t\t\t<img fetchpriority=\"high\" decoding=\"async\" width=\"225\" height=\"300\" src=\"https:\/\/i0.wp.com\/spassfoto.de\/wp-content\/uploads\/2025\/04\/IMG_10321-scaled.webp?fit=225%2C300&amp;ssl=1\" class=\"attachment-medium size-medium wp-image-995\" alt=\"\" srcset=\"https:\/\/i0.wp.com\/spassfoto.de\/wp-content\/uploads\/2025\/04\/IMG_10321-scaled.webp?w=1440&amp;ssl=1 1440w, https:\/\/i0.wp.com\/spassfoto.de\/wp-content\/uploads\/2025\/04\/IMG_10321-scaled.webp?resize=600%2C800&amp;ssl=1 600w\" sizes=\"(max-width: 225px) 100vw, 225px\" \/>\t\t\t\t\t\t\t\t\t\t\t\t\t\t\t<\/div>\n\t\t\t\t<\/div>\n\t\t\t\t\t<\/div>\n\t\t<\/div>\n\t\t\t\t\t<\/div>\n\t\t<\/section>\n\t\t\t\t<section class=\"elementor-section elementor-top-section elementor-element elementor-element-0542c8c elementor-section-boxed elementor-section-height-default elementor-section-height-default\" data-id=\"0542c8c\" data-element_type=\"section\" data-e-type=\"section\">\n\t\t\t\t\t\t<div class=\"elementor-container elementor-column-gap-default\">\n\t\t\t\t\t<div class=\"elementor-column elementor-col-100 elementor-top-column elementor-element elementor-element-d8bd393\" data-id=\"d8bd393\" data-element_type=\"column\" data-e-type=\"column\">\n\t\t\t<div class=\"elementor-widget-wrap elementor-element-populated\">\n\t\t\t\t\t\t<div class=\"elementor-element elementor-element-de2a679 elementor-widget elementor-widget-text-editor\" data-id=\"de2a679\" data-element_type=\"widget\" data-e-type=\"widget\" data-widget_type=\"text-editor.default\">\n\t\t\t\t<div class=\"elementor-widget-container\">\n\t\t\t\t\t\t\t\t\t<p>Arretieren Sie nun die Fotobox auf das Stativ, daf\u00fcr gibt es auf der Unterseite einen Flansch, der genau auf das Stativ passt.<\/p><p>Stellen Sie nun das kleinere Stativ hinter die Box und befestigen Sie den Blitz darauf. Verbinden Sie nun die Kabel, welche oberhalb aus der Fotobox kommen, mit dem Blitz.<\/p>\t\t\t\t\t\t\t\t<\/div>\n\t\t\t\t<\/div>\n\t\t\t\t\t<\/div>\n\t\t<\/div>\n\t\t\t\t\t<\/div>\n\t\t<\/section>\n\t\t\t\t<section class=\"elementor-section elementor-top-section elementor-element elementor-element-00686c7 elementor-section-boxed elementor-section-height-default elementor-section-height-default\" data-id=\"00686c7\" data-element_type=\"section\" data-e-type=\"section\">\n\t\t\t\t\t\t<div class=\"elementor-container elementor-column-gap-default\">\n\t\t\t\t\t<div class=\"elementor-column elementor-col-100 elementor-top-column elementor-element elementor-element-782cca8\" data-id=\"782cca8\" data-element_type=\"column\" data-e-type=\"column\">\n\t\t\t<div class=\"elementor-widget-wrap elementor-element-populated\">\n\t\t\t\t\t\t<div class=\"elementor-element elementor-element-0edc4c4 elementor-widget elementor-widget-image\" data-id=\"0edc4c4\" data-element_type=\"widget\" data-e-type=\"widget\" data-widget_type=\"image.default\">\n\t\t\t\t<div class=\"elementor-widget-container\">\n\t\t\t\t\t\t\t\t\t\t\t\t\t\t\t<img decoding=\"async\" width=\"225\" height=\"300\" src=\"https:\/\/i0.wp.com\/spassfoto.de\/wp-content\/uploads\/2025\/04\/IMG_1033-scaled.webp?fit=225%2C300&amp;ssl=1\" class=\"attachment-medium size-medium wp-image-996\" alt=\"\" srcset=\"https:\/\/i0.wp.com\/spassfoto.de\/wp-content\/uploads\/2025\/04\/IMG_1033-scaled.webp?w=1440&amp;ssl=1 1440w, https:\/\/i0.wp.com\/spassfoto.de\/wp-content\/uploads\/2025\/04\/IMG_1033-scaled.webp?resize=600%2C800&amp;ssl=1 600w, https:\/\/i0.wp.com\/spassfoto.de\/wp-content\/uploads\/2025\/04\/IMG_1033-scaled.webp?resize=225%2C300&amp;ssl=1 225w, https:\/\/i0.wp.com\/spassfoto.de\/wp-content\/uploads\/2025\/04\/IMG_1033-scaled.webp?resize=768%2C1024&amp;ssl=1 768w, https:\/\/i0.wp.com\/spassfoto.de\/wp-content\/uploads\/2025\/04\/IMG_1033-scaled.webp?resize=1152%2C1536&amp;ssl=1 1152w\" sizes=\"(max-width: 225px) 100vw, 225px\" \/>\t\t\t\t\t\t\t\t\t\t\t\t\t\t\t<\/div>\n\t\t\t\t<\/div>\n\t\t\t\t\t<\/div>\n\t\t<\/div>\n\t\t\t\t\t<\/div>\n\t\t<\/section>\n\t\t\t\t<section class=\"elementor-section elementor-top-section elementor-element elementor-element-9a3779d elementor-section-boxed elementor-section-height-default elementor-section-height-default\" data-id=\"9a3779d\" data-element_type=\"section\" data-e-type=\"section\">\n\t\t\t\t\t\t<div class=\"elementor-container elementor-column-gap-default\">\n\t\t\t\t\t<div class=\"elementor-column elementor-col-100 elementor-top-column elementor-element elementor-element-0302a7d\" data-id=\"0302a7d\" data-element_type=\"column\" data-e-type=\"column\">\n\t\t\t<div class=\"elementor-widget-wrap elementor-element-populated\">\n\t\t\t\t\t\t<div class=\"elementor-element elementor-element-86316c0 elementor-widget elementor-widget-text-editor\" data-id=\"86316c0\" data-element_type=\"widget\" data-e-type=\"widget\" data-widget_type=\"text-editor.default\">\n\t\t\t\t<div class=\"elementor-widget-container\">\n\t\t\t\t\t\t\t\t\t<p>Die Kiste mit dem Drucker wird neben die Fotobox gestellt. Verbinden Sie die zwei schwarzen Kabel, welche unterhalb aus der Fotobox kommen, mit den zwei Kabeln aus dem Drucker.<\/p>\t\t\t\t\t\t\t\t<\/div>\n\t\t\t\t<\/div>\n\t\t\t\t\t<\/div>\n\t\t<\/div>\n\t\t\t\t\t<\/div>\n\t\t<\/section>\n\t\t\t\t<section class=\"elementor-section elementor-top-section elementor-element elementor-element-9aff891 elementor-section-boxed elementor-section-height-default elementor-section-height-default\" data-id=\"9aff891\" data-element_type=\"section\" data-e-type=\"section\">\n\t\t\t\t\t\t<div class=\"elementor-container elementor-column-gap-default\">\n\t\t\t\t\t<div class=\"elementor-column elementor-col-100 elementor-top-column elementor-element elementor-element-0ac854b\" data-id=\"0ac854b\" data-element_type=\"column\" data-e-type=\"column\">\n\t\t\t<div class=\"elementor-widget-wrap elementor-element-populated\">\n\t\t\t\t\t\t<div class=\"elementor-element elementor-element-98d4b80 elementor-widget elementor-widget-image\" data-id=\"98d4b80\" data-element_type=\"widget\" data-e-type=\"widget\" data-widget_type=\"image.default\">\n\t\t\t\t<div class=\"elementor-widget-container\">\n\t\t\t\t\t\t\t\t\t\t\t\t\t\t\t<img decoding=\"async\" width=\"225\" height=\"300\" src=\"https:\/\/i0.wp.com\/spassfoto.de\/wp-content\/uploads\/2025\/04\/IMG_10351-scaled.webp?fit=225%2C300&amp;ssl=1\" class=\"attachment-medium size-medium wp-image-998\" alt=\"\" srcset=\"https:\/\/i0.wp.com\/spassfoto.de\/wp-content\/uploads\/2025\/04\/IMG_10351-scaled.webp?w=1440&amp;ssl=1 1440w, https:\/\/i0.wp.com\/spassfoto.de\/wp-content\/uploads\/2025\/04\/IMG_10351-scaled.webp?resize=600%2C800&amp;ssl=1 600w\" sizes=\"(max-width: 225px) 100vw, 225px\" \/>\t\t\t\t\t\t\t\t\t\t\t\t\t\t\t<\/div>\n\t\t\t\t<\/div>\n\t\t\t\t\t<\/div>\n\t\t<\/div>\n\t\t\t\t\t<\/div>\n\t\t<\/section>\n\t\t\t\t<section class=\"elementor-section elementor-top-section elementor-element elementor-element-8da27a4 elementor-section-boxed elementor-section-height-default elementor-section-height-default\" data-id=\"8da27a4\" data-element_type=\"section\" data-e-type=\"section\">\n\t\t\t\t\t\t<div class=\"elementor-container elementor-column-gap-default\">\n\t\t\t\t\t<div class=\"elementor-column elementor-col-100 elementor-top-column elementor-element elementor-element-327a85e\" data-id=\"327a85e\" data-element_type=\"column\" data-e-type=\"column\">\n\t\t\t<div class=\"elementor-widget-wrap elementor-element-populated\">\n\t\t\t\t\t\t<div class=\"elementor-element elementor-element-85463e2 elementor-widget elementor-widget-text-editor\" data-id=\"85463e2\" data-element_type=\"widget\" data-e-type=\"widget\" data-widget_type=\"text-editor.default\">\n\t\t\t\t<div class=\"elementor-widget-container\">\n\t\t\t\t\t\t\t\t\t<p>Zuletzt stecken Sie das weisse Kabel aus der Fotobox in eine stromf\u00fchrende Steckdose.<\/p><p>Die Fotobox ist jetzt bereit.<\/p><p>F\u00fcr den Fotohintergrund bauen Sie jetzt den Rahmen zusammen. Nehmen Sie dazu die zwei Stative aus der schwarzen Tasche und stellen diese ca. 3m weit auseinander. Stecken Sie jetzt die drei Teile der Querstange zusammen und befestigen Sie mittels beiliegenden Fl\u00fcgelschrauben diese auf den Stativen.<\/p><p>H\u00e4ngen Sie nun den Fotohintergrund \u00fcber die Querstange und befestigen diesen anhand der Klettverschl\u00fcsse. Der Hintergrund sollte ungef\u00e4hr 3m vor der Fotobox stehen, so dass die Personen gen\u00fcgend Platz zwischen Fotobox und Fotohintergrund haben.<\/p><p>F\u00fcr hervorragende Fotos achten Sie bitte darauf, dass der Fotohintergrund immer zentral auf den Fotos zu sehen ist.<\/p><p>Nachdem nun der Aufbau abgeschlossen ist, kann die Fotobox gestartet werden. Dazu schalten Sie den Rechner in der Fotobox an und schliessen diese wieder. <\/p>\t\t\t\t\t\t\t\t<\/div>\n\t\t\t\t<\/div>\n\t\t\t\t\t<\/div>\n\t\t<\/div>\n\t\t\t\t\t<\/div>\n\t\t<\/section>\n\t\t\t\t<section class=\"elementor-section elementor-top-section elementor-element elementor-element-94b3a4d elementor-section-boxed elementor-section-height-default elementor-section-height-default\" data-id=\"94b3a4d\" data-element_type=\"section\" data-e-type=\"section\">\n\t\t\t\t\t\t<div class=\"elementor-container elementor-column-gap-default\">\n\t\t\t\t\t<div class=\"elementor-column elementor-col-100 elementor-top-column elementor-element elementor-element-a067f8b\" data-id=\"a067f8b\" data-element_type=\"column\" data-e-type=\"column\">\n\t\t\t<div class=\"elementor-widget-wrap elementor-element-populated\">\n\t\t\t\t\t\t<div class=\"elementor-element elementor-element-28526a6 elementor-widget elementor-widget-image\" data-id=\"28526a6\" data-element_type=\"widget\" data-e-type=\"widget\" data-widget_type=\"image.default\">\n\t\t\t\t<div class=\"elementor-widget-container\">\n\t\t\t\t\t\t\t\t\t\t\t\t\t\t\t<img loading=\"lazy\" decoding=\"async\" width=\"225\" height=\"300\" src=\"https:\/\/i0.wp.com\/spassfoto.de\/wp-content\/uploads\/2025\/04\/IMG_1034-scaled.webp?fit=225%2C300&amp;ssl=1\" class=\"attachment-medium size-medium wp-image-997\" alt=\"\" srcset=\"https:\/\/i0.wp.com\/spassfoto.de\/wp-content\/uploads\/2025\/04\/IMG_1034-scaled.webp?w=1440&amp;ssl=1 1440w, https:\/\/i0.wp.com\/spassfoto.de\/wp-content\/uploads\/2025\/04\/IMG_1034-scaled.webp?resize=600%2C800&amp;ssl=1 600w, https:\/\/i0.wp.com\/spassfoto.de\/wp-content\/uploads\/2025\/04\/IMG_1034-scaled.webp?resize=225%2C300&amp;ssl=1 225w, https:\/\/i0.wp.com\/spassfoto.de\/wp-content\/uploads\/2025\/04\/IMG_1034-scaled.webp?resize=768%2C1024&amp;ssl=1 768w, https:\/\/i0.wp.com\/spassfoto.de\/wp-content\/uploads\/2025\/04\/IMG_1034-scaled.webp?resize=1152%2C1536&amp;ssl=1 1152w\" sizes=\"(max-width: 225px) 100vw, 225px\" \/>\t\t\t\t\t\t\t\t\t\t\t\t\t\t\t<\/div>\n\t\t\t\t<\/div>\n\t\t\t\t\t<\/div>\n\t\t<\/div>\n\t\t\t\t\t<\/div>\n\t\t<\/section>\n\t\t\t\t<section class=\"elementor-section elementor-top-section elementor-element elementor-element-4ff296c elementor-section-boxed elementor-section-height-default elementor-section-height-default\" data-id=\"4ff296c\" data-element_type=\"section\" data-e-type=\"section\">\n\t\t\t\t\t\t<div class=\"elementor-container elementor-column-gap-default\">\n\t\t\t\t\t<div class=\"elementor-column elementor-col-100 elementor-top-column elementor-element elementor-element-3bec581\" data-id=\"3bec581\" data-element_type=\"column\" data-e-type=\"column\">\n\t\t\t<div class=\"elementor-widget-wrap elementor-element-populated\">\n\t\t\t\t\t\t<div class=\"elementor-element elementor-element-0b5b20f elementor-widget elementor-widget-text-editor\" data-id=\"0b5b20f\" data-element_type=\"widget\" data-e-type=\"widget\" data-widget_type=\"text-editor.default\">\n\t\t\t\t<div class=\"elementor-widget-container\">\n\t\t\t\t\t\t\t\t\t<p>Das System f\u00e4hrt nun innerhalb max. 3 Minuten hoch und die Fotobox ist betriebsbereit. Ber\u00fchren Sie nun den Bildschirm und die Fotosession startet. Folgen Sie den Anweisungen auf dem Bildschirm.<\/p><p>Viel Spass!<\/p><p>Der Abbau der Fotobox erfolgt r\u00fcckw\u00e4rts der Aufbauanleitung.<\/p>\t\t\t\t\t\t\t\t<\/div>\n\t\t\t\t<\/div>\n\t\t\t\t\t<\/div>\n\t\t<\/div>\n\t\t\t\t\t<\/div>\n\t\t<\/section>\n\t\t\t\t<\/div>\n\t\t","protected":false},"excerpt":{"rendered":"<p>Aufbauanleitung mobile Fotobox Nehmen Sie das grosse Stativ und stellen es an die vorgesehene Position. Ziehen Sie nun die drei Beine des Statives etwas auseinander, so dass das Stativ sicher steht. Ziehen Sie nun die Schraube oberhalb des Dreibeins fest und stecken Sie den Splint in das dritte Loch von oben der Stativstange. Arretieren Sie [&hellip;]<\/p>\n","protected":false},"author":1,"featured_media":0,"parent":0,"menu_order":0,"comment_status":"closed","ping_status":"closed","template":"","meta":{"_monsterinsights_skip_tracking":false,"_monsterinsights_sitenote_active":false,"_monsterinsights_sitenote_note":"","_monsterinsights_sitenote_category":0,"_uf_show_specific_survey":0,"_uf_disable_surveys":false,"footnotes":""},"class_list":["post-958","page","type-page","status-publish","hentry"],"yoast_head":"<!-- This site is optimized with the Yoast SEO plugin v27.3 - https:\/\/yoast.com\/product\/yoast-seo-wordpress\/ -->\n<title>Aufbauanleitung mobile Fotobox &#187; spassfoto.de<\/title>\n<meta name=\"robots\" content=\"index, follow, max-snippet:-1, max-image-preview:large, max-video-preview:-1\" \/>\n<link rel=\"canonical\" href=\"https:\/\/spassfoto.de\/index.php\/aufbauanleitung-mobile-fotobox\/\" \/>\n<meta property=\"og:locale\" content=\"de_DE\" \/>\n<meta property=\"og:type\" content=\"article\" \/>\n<meta property=\"og:title\" content=\"Aufbauanleitung mobile Fotobox &#187; spassfoto.de\" \/>\n<meta property=\"og:description\" content=\"Aufbauanleitung mobile Fotobox Nehmen Sie das grosse Stativ und stellen es an die vorgesehene Position. Ziehen Sie nun die drei Beine des Statives etwas auseinander, so dass das Stativ sicher steht. Ziehen Sie nun die Schraube oberhalb des Dreibeins fest und stecken Sie den Splint in das dritte Loch von oben der Stativstange. Arretieren Sie [&hellip;]\" \/>\n<meta property=\"og:url\" content=\"https:\/\/spassfoto.de\/index.php\/aufbauanleitung-mobile-fotobox\/\" \/>\n<meta property=\"og:site_name\" content=\"spassfoto.de\" \/>\n<meta property=\"article:publisher\" content=\"https:\/\/facebook.com\/spassfoto.de\" \/>\n<meta property=\"article:modified_time\" content=\"2025-10-04T17:07:44+00:00\" \/>\n<meta property=\"og:image\" content=\"https:\/\/spassfoto.de\/wp-content\/uploads\/2025\/04\/IMG_10321-225x300.webp\" \/>\n<meta name=\"twitter:card\" content=\"summary_large_image\" \/>\n<meta name=\"twitter:label1\" content=\"Gesch\u00e4tzte Lesezeit\" \/>\n\t<meta name=\"twitter:data1\" content=\"2\u00a0Minuten\" \/>\n<script type=\"application\/ld+json\" class=\"yoast-schema-graph\">{\"@context\":\"https:\\\/\\\/schema.org\",\"@graph\":[{\"@type\":\"WebPage\",\"@id\":\"https:\\\/\\\/spassfoto.de\\\/index.php\\\/aufbauanleitung-mobile-fotobox\\\/\",\"url\":\"https:\\\/\\\/spassfoto.de\\\/index.php\\\/aufbauanleitung-mobile-fotobox\\\/\",\"name\":\"Aufbauanleitung mobile Fotobox &#187; spassfoto.de\",\"isPartOf\":{\"@id\":\"https:\\\/\\\/spassfoto.de\\\/#website\"},\"primaryImageOfPage\":{\"@id\":\"https:\\\/\\\/spassfoto.de\\\/index.php\\\/aufbauanleitung-mobile-fotobox\\\/#primaryimage\"},\"image\":{\"@id\":\"https:\\\/\\\/spassfoto.de\\\/index.php\\\/aufbauanleitung-mobile-fotobox\\\/#primaryimage\"},\"thumbnailUrl\":\"https:\\\/\\\/spassfoto.de\\\/wp-content\\\/uploads\\\/2025\\\/04\\\/IMG_10321-225x300.webp\",\"datePublished\":\"2025-04-01T11:24:35+00:00\",\"dateModified\":\"2025-10-04T17:07:44+00:00\",\"breadcrumb\":{\"@id\":\"https:\\\/\\\/spassfoto.de\\\/index.php\\\/aufbauanleitung-mobile-fotobox\\\/#breadcrumb\"},\"inLanguage\":\"de\",\"potentialAction\":[{\"@type\":\"ReadAction\",\"target\":[\"https:\\\/\\\/spassfoto.de\\\/index.php\\\/aufbauanleitung-mobile-fotobox\\\/\"]}]},{\"@type\":\"ImageObject\",\"inLanguage\":\"de\",\"@id\":\"https:\\\/\\\/spassfoto.de\\\/index.php\\\/aufbauanleitung-mobile-fotobox\\\/#primaryimage\",\"url\":\"https:\\\/\\\/spassfoto.de\\\/wp-content\\\/uploads\\\/2025\\\/04\\\/IMG_10321-225x300.webp\",\"contentUrl\":\"https:\\\/\\\/spassfoto.de\\\/wp-content\\\/uploads\\\/2025\\\/04\\\/IMG_10321-225x300.webp\"},{\"@type\":\"BreadcrumbList\",\"@id\":\"https:\\\/\\\/spassfoto.de\\\/index.php\\\/aufbauanleitung-mobile-fotobox\\\/#breadcrumb\",\"itemListElement\":[{\"@type\":\"ListItem\",\"position\":1,\"name\":\"Startseite\",\"item\":\"https:\\\/\\\/spassfoto.de\\\/\"},{\"@type\":\"ListItem\",\"position\":2,\"name\":\"Aufbauanleitung mobile Fotobox\"}]},{\"@type\":\"WebSite\",\"@id\":\"https:\\\/\\\/spassfoto.de\\\/#website\",\"url\":\"https:\\\/\\\/spassfoto.de\\\/\",\"name\":\"spassfoto.de\",\"description\":\"Dein Fotobox-Verleih im Raum Mittweida\",\"publisher\":{\"@id\":\"https:\\\/\\\/spassfoto.de\\\/#organization\"},\"potentialAction\":[{\"@type\":\"SearchAction\",\"target\":{\"@type\":\"EntryPoint\",\"urlTemplate\":\"https:\\\/\\\/spassfoto.de\\\/?s={search_term_string}\"},\"query-input\":{\"@type\":\"PropertyValueSpecification\",\"valueRequired\":true,\"valueName\":\"search_term_string\"}}],\"inLanguage\":\"de\"},{\"@type\":\"Organization\",\"@id\":\"https:\\\/\\\/spassfoto.de\\\/#organization\",\"name\":\"spassfoto.de\",\"url\":\"https:\\\/\\\/spassfoto.de\\\/\",\"logo\":{\"@type\":\"ImageObject\",\"inLanguage\":\"de\",\"@id\":\"https:\\\/\\\/spassfoto.de\\\/#\\\/schema\\\/logo\\\/image\\\/\",\"url\":\"https:\\\/\\\/i0.wp.com\\\/spassfoto.de\\\/wp-content\\\/uploads\\\/2022\\\/01\\\/cropped-Instagram-Profile-Picture.jpg?fit=512%2C512&ssl=1\",\"contentUrl\":\"https:\\\/\\\/i0.wp.com\\\/spassfoto.de\\\/wp-content\\\/uploads\\\/2022\\\/01\\\/cropped-Instagram-Profile-Picture.jpg?fit=512%2C512&ssl=1\",\"width\":512,\"height\":512,\"caption\":\"spassfoto.de\"},\"image\":{\"@id\":\"https:\\\/\\\/spassfoto.de\\\/#\\\/schema\\\/logo\\\/image\\\/\"},\"sameAs\":[\"https:\\\/\\\/facebook.com\\\/spassfoto.de\",\"https:\\\/\\\/instagram.com\\\/spassfoto.de\"]}]}<\/script>\n<!-- \/ Yoast SEO plugin. -->","yoast_head_json":{"title":"Aufbauanleitung mobile Fotobox &#187; spassfoto.de","robots":{"index":"index","follow":"follow","max-snippet":"max-snippet:-1","max-image-preview":"max-image-preview:large","max-video-preview":"max-video-preview:-1"},"canonical":"https:\/\/spassfoto.de\/index.php\/aufbauanleitung-mobile-fotobox\/","og_locale":"de_DE","og_type":"article","og_title":"Aufbauanleitung mobile Fotobox &#187; spassfoto.de","og_description":"Aufbauanleitung mobile Fotobox Nehmen Sie das grosse Stativ und stellen es an die vorgesehene Position. Ziehen Sie nun die drei Beine des Statives etwas auseinander, so dass das Stativ sicher steht. Ziehen Sie nun die Schraube oberhalb des Dreibeins fest und stecken Sie den Splint in das dritte Loch von oben der Stativstange. Arretieren Sie [&hellip;]","og_url":"https:\/\/spassfoto.de\/index.php\/aufbauanleitung-mobile-fotobox\/","og_site_name":"spassfoto.de","article_publisher":"https:\/\/facebook.com\/spassfoto.de","article_modified_time":"2025-10-04T17:07:44+00:00","og_image":[{"url":"https:\/\/spassfoto.de\/wp-content\/uploads\/2025\/04\/IMG_10321-225x300.webp","type":"","width":"","height":""}],"twitter_card":"summary_large_image","twitter_misc":{"Gesch\u00e4tzte Lesezeit":"2\u00a0Minuten"},"schema":{"@context":"https:\/\/schema.org","@graph":[{"@type":"WebPage","@id":"https:\/\/spassfoto.de\/index.php\/aufbauanleitung-mobile-fotobox\/","url":"https:\/\/spassfoto.de\/index.php\/aufbauanleitung-mobile-fotobox\/","name":"Aufbauanleitung mobile Fotobox &#187; spassfoto.de","isPartOf":{"@id":"https:\/\/spassfoto.de\/#website"},"primaryImageOfPage":{"@id":"https:\/\/spassfoto.de\/index.php\/aufbauanleitung-mobile-fotobox\/#primaryimage"},"image":{"@id":"https:\/\/spassfoto.de\/index.php\/aufbauanleitung-mobile-fotobox\/#primaryimage"},"thumbnailUrl":"https:\/\/spassfoto.de\/wp-content\/uploads\/2025\/04\/IMG_10321-225x300.webp","datePublished":"2025-04-01T11:24:35+00:00","dateModified":"2025-10-04T17:07:44+00:00","breadcrumb":{"@id":"https:\/\/spassfoto.de\/index.php\/aufbauanleitung-mobile-fotobox\/#breadcrumb"},"inLanguage":"de","potentialAction":[{"@type":"ReadAction","target":["https:\/\/spassfoto.de\/index.php\/aufbauanleitung-mobile-fotobox\/"]}]},{"@type":"ImageObject","inLanguage":"de","@id":"https:\/\/spassfoto.de\/index.php\/aufbauanleitung-mobile-fotobox\/#primaryimage","url":"https:\/\/spassfoto.de\/wp-content\/uploads\/2025\/04\/IMG_10321-225x300.webp","contentUrl":"https:\/\/spassfoto.de\/wp-content\/uploads\/2025\/04\/IMG_10321-225x300.webp"},{"@type":"BreadcrumbList","@id":"https:\/\/spassfoto.de\/index.php\/aufbauanleitung-mobile-fotobox\/#breadcrumb","itemListElement":[{"@type":"ListItem","position":1,"name":"Startseite","item":"https:\/\/spassfoto.de\/"},{"@type":"ListItem","position":2,"name":"Aufbauanleitung mobile Fotobox"}]},{"@type":"WebSite","@id":"https:\/\/spassfoto.de\/#website","url":"https:\/\/spassfoto.de\/","name":"spassfoto.de","description":"Dein Fotobox-Verleih im Raum Mittweida","publisher":{"@id":"https:\/\/spassfoto.de\/#organization"},"potentialAction":[{"@type":"SearchAction","target":{"@type":"EntryPoint","urlTemplate":"https:\/\/spassfoto.de\/?s={search_term_string}"},"query-input":{"@type":"PropertyValueSpecification","valueRequired":true,"valueName":"search_term_string"}}],"inLanguage":"de"},{"@type":"Organization","@id":"https:\/\/spassfoto.de\/#organization","name":"spassfoto.de","url":"https:\/\/spassfoto.de\/","logo":{"@type":"ImageObject","inLanguage":"de","@id":"https:\/\/spassfoto.de\/#\/schema\/logo\/image\/","url":"https:\/\/i0.wp.com\/spassfoto.de\/wp-content\/uploads\/2022\/01\/cropped-Instagram-Profile-Picture.jpg?fit=512%2C512&ssl=1","contentUrl":"https:\/\/i0.wp.com\/spassfoto.de\/wp-content\/uploads\/2022\/01\/cropped-Instagram-Profile-Picture.jpg?fit=512%2C512&ssl=1","width":512,"height":512,"caption":"spassfoto.de"},"image":{"@id":"https:\/\/spassfoto.de\/#\/schema\/logo\/image\/"},"sameAs":["https:\/\/facebook.com\/spassfoto.de","https:\/\/instagram.com\/spassfoto.de"]}]}},"_links":{"self":[{"href":"https:\/\/spassfoto.de\/index.php\/wp-json\/wp\/v2\/pages\/958","targetHints":{"allow":["GET"]}}],"collection":[{"href":"https:\/\/spassfoto.de\/index.php\/wp-json\/wp\/v2\/pages"}],"about":[{"href":"https:\/\/spassfoto.de\/index.php\/wp-json\/wp\/v2\/types\/page"}],"author":[{"embeddable":true,"href":"https:\/\/spassfoto.de\/index.php\/wp-json\/wp\/v2\/users\/1"}],"replies":[{"embeddable":true,"href":"https:\/\/spassfoto.de\/index.php\/wp-json\/wp\/v2\/comments?post=958"}],"version-history":[{"count":17,"href":"https:\/\/spassfoto.de\/index.php\/wp-json\/wp\/v2\/pages\/958\/revisions"}],"predecessor-version":[{"id":1239,"href":"https:\/\/spassfoto.de\/index.php\/wp-json\/wp\/v2\/pages\/958\/revisions\/1239"}],"wp:attachment":[{"href":"https:\/\/spassfoto.de\/index.php\/wp-json\/wp\/v2\/media?parent=958"}],"curies":[{"name":"wp","href":"https:\/\/api.w.org\/{rel}","templated":true}]}}