{"id":973,"date":"2025-04-01T12:05:20","date_gmt":"2025-04-01T12:05:20","guid":{"rendered":"https:\/\/spassfoto.de\/?page_id=973"},"modified":"2025-04-01T12:09:51","modified_gmt":"2025-04-01T12:09:51","slug":"aufbauanleitung-standfotobox","status":"publish","type":"page","link":"https:\/\/spassfoto.de\/index.php\/aufbauanleitung-standfotobox\/","title":{"rendered":"Aufbauanleitung Standfotobox"},"content":{"rendered":"\t\t<div data-elementor-type=\"wp-page\" data-elementor-id=\"973\" class=\"elementor elementor-973\">\n\t\t\t\t\t\t<section class=\"elementor-section elementor-top-section elementor-element elementor-element-695f170 elementor-section-boxed elementor-section-height-default elementor-section-height-default\" data-id=\"695f170\" data-element_type=\"section\" data-e-type=\"section\">\n\t\t\t\t\t\t<div class=\"elementor-container elementor-column-gap-default\">\n\t\t\t\t\t<div class=\"elementor-column elementor-col-100 elementor-top-column elementor-element elementor-element-29a9f4c\" data-id=\"29a9f4c\" data-element_type=\"column\" data-e-type=\"column\">\n\t\t\t<div class=\"elementor-widget-wrap elementor-element-populated\">\n\t\t\t\t\t\t<div class=\"elementor-element elementor-element-c448388 elementor-widget elementor-widget-heading\" data-id=\"c448388\" data-element_type=\"widget\" data-e-type=\"widget\" data-widget_type=\"heading.default\">\n\t\t\t\t<div class=\"elementor-widget-container\">\n\t\t\t\t\t<h2 class=\"elementor-heading-title elementor-size-default\">Aufbauanleitung Standfotobox<\/h2>\t\t\t\t<\/div>\n\t\t\t\t<\/div>\n\t\t\t\t\t<\/div>\n\t\t<\/div>\n\t\t\t\t\t<\/div>\n\t\t<\/section>\n\t\t\t\t<section class=\"elementor-section elementor-top-section elementor-element elementor-element-c6a7ffe elementor-section-boxed elementor-section-height-default elementor-section-height-default\" data-id=\"c6a7ffe\" data-element_type=\"section\" data-e-type=\"section\">\n\t\t\t\t\t\t<div class=\"elementor-container elementor-column-gap-default\">\n\t\t\t\t\t<div class=\"elementor-column elementor-col-100 elementor-top-column elementor-element elementor-element-37ccaea\" data-id=\"37ccaea\" data-element_type=\"column\" data-e-type=\"column\">\n\t\t\t<div class=\"elementor-widget-wrap elementor-element-populated\">\n\t\t\t\t\t\t<div class=\"elementor-element elementor-element-26d4076 elementor-widget elementor-widget-text-editor\" data-id=\"26d4076\" data-element_type=\"widget\" data-e-type=\"widget\" data-widget_type=\"text-editor.default\">\n\t\t\t\t<div class=\"elementor-widget-container\">\n\t\t\t\t\t\t\t\t\t<p>Rollen Sie die Fotobox an den vorgesehenen Platz.<\/p><p>Entfernen Sie die Seitenwand auf der linken Seite und schieben Sie den Drucker in den daf\u00fcr vorgesehenen Platz. Verbinden Sie vorher das Stromkabel und das USB-Kabel mit dem Drucker.<\/p><p>An der Oberseite der Fotobox finden Sie zwei Kabel und eine Halterung f\u00fcr den Blitz. Befestigen Sie jetzt den Blitz auf der Halterung und verbinden Sie die beiden Kabel mit dem Blitz.<\/p><p>Stecken Sie nun das weisse Kabel, welches auf der R\u00fcckseite der Fotobox zu finden ist, in eine stromf\u00fchrende Steckdose.<\/p><p>Die Fotobox ist jetzt bereit.<\/p><p>F\u00fcr den Fotohintergrund bauen Sie jetzt den Rahmen zusammen. Nehmen Sie dazu die zwei Stative aus der schwarzen Tasche und stellen diese ca. 3m weit auseinander. Stecken Sie jetzt die drei Teile der Querstange zusammen und befestigen Sie mittels beiliegenden Fl\u00fcgelschrauben diese auf den Stativen.<\/p><p>H\u00e4ngen Sie nun den Fotohintergrund \u00fcber die Querstange und befestigen diesen anhand der Klettverschl\u00fcsse. Der Hintergrund sollte ungef\u00e4hr 3m vor der Fotobox stehen, so dass die Personen gen\u00fcgend Platz zwischen Fotobox und Fotohintergrund haben.<\/p><p>F\u00fcr hervorragende Fotos achten Sie bitte darauf, dass der Fotohintergrund immer zentral auf den Fotos zu sehen ist.<\/p><p>Nachdem nun der Aufbau abgeschlossen ist, kann die Fotobox gestartet werden. Dazu schalten Sie den Rechner in der Fotobox an und schliessen diese wieder. Das System f\u00e4hrt nun innerhalb max. 3 Minuten hoch und die Fotobox ist betriebsbereit. Ber\u00fchren Sie nun den Bildschirm und die Fotosession startet. Folgen Sie den Anweisungen auf dem Bildschirm.<\/p><p>Viel Spass!<\/p><p>Der Abbau der Fotobox erfolgt r\u00fcckw\u00e4rts der Aufbauanleitung.<\/p>\t\t\t\t\t\t\t\t<\/div>\n\t\t\t\t<\/div>\n\t\t\t\t\t<\/div>\n\t\t<\/div>\n\t\t\t\t\t<\/div>\n\t\t<\/section>\n\t\t\t\t<\/div>\n\t\t","protected":false},"excerpt":{"rendered":"<p>Aufbauanleitung Standfotobox Rollen Sie die Fotobox an den vorgesehenen Platz. Entfernen Sie die Seitenwand auf der linken Seite und schieben Sie den Drucker in den daf\u00fcr vorgesehenen Platz. Verbinden Sie vorher das Stromkabel und das USB-Kabel mit dem Drucker. An der Oberseite der Fotobox finden Sie zwei Kabel und eine Halterung f\u00fcr den Blitz. Befestigen [&hellip;]<\/p>\n","protected":false},"author":1,"featured_media":0,"parent":0,"menu_order":0,"comment_status":"closed","ping_status":"closed","template":"","meta":{"_monsterinsights_skip_tracking":false,"_monsterinsights_sitenote_active":false,"_monsterinsights_sitenote_note":"","_monsterinsights_sitenote_category":0,"_uf_show_specific_survey":0,"_uf_disable_surveys":false,"footnotes":""},"class_list":["post-973","page","type-page","status-publish","hentry"],"yoast_head":"<!-- This site is optimized with the Yoast SEO plugin v27.3 - https:\/\/yoast.com\/product\/yoast-seo-wordpress\/ -->\n<title>Aufbauanleitung Standfotobox &#187; spassfoto.de<\/title>\n<meta name=\"robots\" content=\"index, follow, max-snippet:-1, max-image-preview:large, max-video-preview:-1\" \/>\n<link rel=\"canonical\" href=\"https:\/\/spassfoto.de\/index.php\/aufbauanleitung-standfotobox\/\" \/>\n<meta property=\"og:locale\" content=\"de_DE\" \/>\n<meta property=\"og:type\" content=\"article\" \/>\n<meta property=\"og:title\" content=\"Aufbauanleitung Standfotobox &#187; spassfoto.de\" \/>\n<meta property=\"og:description\" content=\"Aufbauanleitung Standfotobox Rollen Sie die Fotobox an den vorgesehenen Platz. Entfernen Sie die Seitenwand auf der linken Seite und schieben Sie den Drucker in den daf\u00fcr vorgesehenen Platz. Verbinden Sie vorher das Stromkabel und das USB-Kabel mit dem Drucker. An der Oberseite der Fotobox finden Sie zwei Kabel und eine Halterung f\u00fcr den Blitz. Befestigen [&hellip;]\" \/>\n<meta property=\"og:url\" content=\"https:\/\/spassfoto.de\/index.php\/aufbauanleitung-standfotobox\/\" \/>\n<meta property=\"og:site_name\" content=\"spassfoto.de\" \/>\n<meta property=\"article:publisher\" content=\"https:\/\/facebook.com\/spassfoto.de\" \/>\n<meta property=\"article:modified_time\" content=\"2025-04-01T12:09:51+00:00\" \/>\n<meta property=\"og:image\" content=\"https:\/\/i0.wp.com\/spassfoto.de\/wp-content\/uploads\/2022\/01\/cropped-Instagram-Profile-Picture.jpg?fit=512%2C512&ssl=1\" \/>\n\t<meta property=\"og:image:width\" content=\"512\" \/>\n\t<meta property=\"og:image:height\" content=\"512\" \/>\n\t<meta property=\"og:image:type\" content=\"image\/jpeg\" \/>\n<meta name=\"twitter:card\" content=\"summary_large_image\" \/>\n<meta name=\"twitter:label1\" content=\"Gesch\u00e4tzte Lesezeit\" \/>\n\t<meta name=\"twitter:data1\" content=\"1\u00a0Minute\" \/>\n<script type=\"application\/ld+json\" class=\"yoast-schema-graph\">{\"@context\":\"https:\\\/\\\/schema.org\",\"@graph\":[{\"@type\":\"WebPage\",\"@id\":\"https:\\\/\\\/spassfoto.de\\\/index.php\\\/aufbauanleitung-standfotobox\\\/\",\"url\":\"https:\\\/\\\/spassfoto.de\\\/index.php\\\/aufbauanleitung-standfotobox\\\/\",\"name\":\"Aufbauanleitung Standfotobox &#187; spassfoto.de\",\"isPartOf\":{\"@id\":\"https:\\\/\\\/spassfoto.de\\\/#website\"},\"datePublished\":\"2025-04-01T12:05:20+00:00\",\"dateModified\":\"2025-04-01T12:09:51+00:00\",\"breadcrumb\":{\"@id\":\"https:\\\/\\\/spassfoto.de\\\/index.php\\\/aufbauanleitung-standfotobox\\\/#breadcrumb\"},\"inLanguage\":\"de\",\"potentialAction\":[{\"@type\":\"ReadAction\",\"target\":[\"https:\\\/\\\/spassfoto.de\\\/index.php\\\/aufbauanleitung-standfotobox\\\/\"]}]},{\"@type\":\"BreadcrumbList\",\"@id\":\"https:\\\/\\\/spassfoto.de\\\/index.php\\\/aufbauanleitung-standfotobox\\\/#breadcrumb\",\"itemListElement\":[{\"@type\":\"ListItem\",\"position\":1,\"name\":\"Startseite\",\"item\":\"https:\\\/\\\/spassfoto.de\\\/\"},{\"@type\":\"ListItem\",\"position\":2,\"name\":\"Aufbauanleitung Standfotobox\"}]},{\"@type\":\"WebSite\",\"@id\":\"https:\\\/\\\/spassfoto.de\\\/#website\",\"url\":\"https:\\\/\\\/spassfoto.de\\\/\",\"name\":\"spassfoto.de\",\"description\":\"Dein Fotobox-Verleih im Raum Mittweida\",\"publisher\":{\"@id\":\"https:\\\/\\\/spassfoto.de\\\/#organization\"},\"potentialAction\":[{\"@type\":\"SearchAction\",\"target\":{\"@type\":\"EntryPoint\",\"urlTemplate\":\"https:\\\/\\\/spassfoto.de\\\/?s={search_term_string}\"},\"query-input\":{\"@type\":\"PropertyValueSpecification\",\"valueRequired\":true,\"valueName\":\"search_term_string\"}}],\"inLanguage\":\"de\"},{\"@type\":\"Organization\",\"@id\":\"https:\\\/\\\/spassfoto.de\\\/#organization\",\"name\":\"spassfoto.de\",\"url\":\"https:\\\/\\\/spassfoto.de\\\/\",\"logo\":{\"@type\":\"ImageObject\",\"inLanguage\":\"de\",\"@id\":\"https:\\\/\\\/spassfoto.de\\\/#\\\/schema\\\/logo\\\/image\\\/\",\"url\":\"https:\\\/\\\/i0.wp.com\\\/spassfoto.de\\\/wp-content\\\/uploads\\\/2022\\\/01\\\/cropped-Instagram-Profile-Picture.jpg?fit=512%2C512&ssl=1\",\"contentUrl\":\"https:\\\/\\\/i0.wp.com\\\/spassfoto.de\\\/wp-content\\\/uploads\\\/2022\\\/01\\\/cropped-Instagram-Profile-Picture.jpg?fit=512%2C512&ssl=1\",\"width\":512,\"height\":512,\"caption\":\"spassfoto.de\"},\"image\":{\"@id\":\"https:\\\/\\\/spassfoto.de\\\/#\\\/schema\\\/logo\\\/image\\\/\"},\"sameAs\":[\"https:\\\/\\\/facebook.com\\\/spassfoto.de\",\"https:\\\/\\\/instagram.com\\\/spassfoto.de\"]}]}<\/script>\n<!-- \/ Yoast SEO plugin. -->","yoast_head_json":{"title":"Aufbauanleitung Standfotobox &#187; spassfoto.de","robots":{"index":"index","follow":"follow","max-snippet":"max-snippet:-1","max-image-preview":"max-image-preview:large","max-video-preview":"max-video-preview:-1"},"canonical":"https:\/\/spassfoto.de\/index.php\/aufbauanleitung-standfotobox\/","og_locale":"de_DE","og_type":"article","og_title":"Aufbauanleitung Standfotobox &#187; spassfoto.de","og_description":"Aufbauanleitung Standfotobox Rollen Sie die Fotobox an den vorgesehenen Platz. Entfernen Sie die Seitenwand auf der linken Seite und schieben Sie den Drucker in den daf\u00fcr vorgesehenen Platz. Verbinden Sie vorher das Stromkabel und das USB-Kabel mit dem Drucker. An der Oberseite der Fotobox finden Sie zwei Kabel und eine Halterung f\u00fcr den Blitz. Befestigen [&hellip;]","og_url":"https:\/\/spassfoto.de\/index.php\/aufbauanleitung-standfotobox\/","og_site_name":"spassfoto.de","article_publisher":"https:\/\/facebook.com\/spassfoto.de","article_modified_time":"2025-04-01T12:09:51+00:00","og_image":[{"width":512,"height":512,"url":"https:\/\/i0.wp.com\/spassfoto.de\/wp-content\/uploads\/2022\/01\/cropped-Instagram-Profile-Picture.jpg?fit=512%2C512&ssl=1","type":"image\/jpeg"}],"twitter_card":"summary_large_image","twitter_misc":{"Gesch\u00e4tzte Lesezeit":"1\u00a0Minute"},"schema":{"@context":"https:\/\/schema.org","@graph":[{"@type":"WebPage","@id":"https:\/\/spassfoto.de\/index.php\/aufbauanleitung-standfotobox\/","url":"https:\/\/spassfoto.de\/index.php\/aufbauanleitung-standfotobox\/","name":"Aufbauanleitung Standfotobox &#187; spassfoto.de","isPartOf":{"@id":"https:\/\/spassfoto.de\/#website"},"datePublished":"2025-04-01T12:05:20+00:00","dateModified":"2025-04-01T12:09:51+00:00","breadcrumb":{"@id":"https:\/\/spassfoto.de\/index.php\/aufbauanleitung-standfotobox\/#breadcrumb"},"inLanguage":"de","potentialAction":[{"@type":"ReadAction","target":["https:\/\/spassfoto.de\/index.php\/aufbauanleitung-standfotobox\/"]}]},{"@type":"BreadcrumbList","@id":"https:\/\/spassfoto.de\/index.php\/aufbauanleitung-standfotobox\/#breadcrumb","itemListElement":[{"@type":"ListItem","position":1,"name":"Startseite","item":"https:\/\/spassfoto.de\/"},{"@type":"ListItem","position":2,"name":"Aufbauanleitung Standfotobox"}]},{"@type":"WebSite","@id":"https:\/\/spassfoto.de\/#website","url":"https:\/\/spassfoto.de\/","name":"spassfoto.de","description":"Dein Fotobox-Verleih im Raum Mittweida","publisher":{"@id":"https:\/\/spassfoto.de\/#organization"},"potentialAction":[{"@type":"SearchAction","target":{"@type":"EntryPoint","urlTemplate":"https:\/\/spassfoto.de\/?s={search_term_string}"},"query-input":{"@type":"PropertyValueSpecification","valueRequired":true,"valueName":"search_term_string"}}],"inLanguage":"de"},{"@type":"Organization","@id":"https:\/\/spassfoto.de\/#organization","name":"spassfoto.de","url":"https:\/\/spassfoto.de\/","logo":{"@type":"ImageObject","inLanguage":"de","@id":"https:\/\/spassfoto.de\/#\/schema\/logo\/image\/","url":"https:\/\/i0.wp.com\/spassfoto.de\/wp-content\/uploads\/2022\/01\/cropped-Instagram-Profile-Picture.jpg?fit=512%2C512&ssl=1","contentUrl":"https:\/\/i0.wp.com\/spassfoto.de\/wp-content\/uploads\/2022\/01\/cropped-Instagram-Profile-Picture.jpg?fit=512%2C512&ssl=1","width":512,"height":512,"caption":"spassfoto.de"},"image":{"@id":"https:\/\/spassfoto.de\/#\/schema\/logo\/image\/"},"sameAs":["https:\/\/facebook.com\/spassfoto.de","https:\/\/instagram.com\/spassfoto.de"]}]}},"_links":{"self":[{"href":"https:\/\/spassfoto.de\/index.php\/wp-json\/wp\/v2\/pages\/973","targetHints":{"allow":["GET"]}}],"collection":[{"href":"https:\/\/spassfoto.de\/index.php\/wp-json\/wp\/v2\/pages"}],"about":[{"href":"https:\/\/spassfoto.de\/index.php\/wp-json\/wp\/v2\/types\/page"}],"author":[{"embeddable":true,"href":"https:\/\/spassfoto.de\/index.php\/wp-json\/wp\/v2\/users\/1"}],"replies":[{"embeddable":true,"href":"https:\/\/spassfoto.de\/index.php\/wp-json\/wp\/v2\/comments?post=973"}],"version-history":[{"count":4,"href":"https:\/\/spassfoto.de\/index.php\/wp-json\/wp\/v2\/pages\/973\/revisions"}],"predecessor-version":[{"id":977,"href":"https:\/\/spassfoto.de\/index.php\/wp-json\/wp\/v2\/pages\/973\/revisions\/977"}],"wp:attachment":[{"href":"https:\/\/spassfoto.de\/index.php\/wp-json\/wp\/v2\/media?parent=973"}],"curies":[{"name":"wp","href":"https:\/\/api.w.org\/{rel}","templated":true}]}}